{"id":1406,"date":"2020-03-15T20:20:20","date_gmt":"2020-03-15T20:20:20","guid":{"rendered":"http:\/\/hosting-super.eu\/siteuri\/sitedorian\/?page_id=1404"},"modified":"2020-07-05T22:46:17","modified_gmt":"2020-07-05T19:46:17","slug":"museion","status":"publish","type":"page","link":"https:\/\/stindard.ro\/de\/museion\/","title":{"rendered":"MUZEE DE ISTORIE, MUZEE MILITARE, MUZEE SPECIALIZATE, DIRECTOARE DE MUZEE, MONUMENTE ISTORICE"},"content":{"rendered":"<p>[et_pb_section bb_built=&#8220;1&#8243; fullwidth=&#8220;on&#8220; next_background_color=&#8220;#ffffff&#8220; _builder_version=&#8220;3.21.1&#8243; background_image=&#8220;http:\/\/hosting-super.eu\/siteuri\/sitedorian\/wp-content\/uploads\/2019\/03\/life-coach-09.jpg&#8220; module_alignment=&#8220;center&#8220; bottom_divider_style=&#8220;slant&#8220; bottom_divider_flip=&#8220;horizontal&#8220; animation_direction=&#8220;top&#8220; z_index_tablet=&#8220;500&#8243;][et_pb_fullwidth_header admin_label=&#8220;DRAPELUL NA\u021aIONAL&#8220; title=&#8220;MUSEION&#8220; subhead=&#8220;GESCHICHTSMUSEEN, MILIT\u00c4RMUSEEN, SPEZIALMUSEEN, MUSEUMSVERZEICHNISSE, HISTORISCHE DENKM\u00c4LER&#8220; text_orientation=&#8220;center&#8220; header_scroll_down=&#8220;on&#8220; scroll_down_icon=&#8220;%%9%%&#8220; scroll_down_icon_size=&#8220;44px&#8220; background_overlay_color=&#8220;rgba(247,247,247,0)&#8220; _builder_version=&#8220;3.19.3&#8243; title_font=&#8220;alatsi|100||on|||||&#8220; title_text_align=&#8220;center&#8220; title_text_color=&#8220;#ffffff&#8220; title_font_size=&#8220;52px&#8220; title_font_size_tablet=&#8220;36px&#8220; title_font_size_phone=&#8220;28px&#8220; title_font_size_last_edited=&#8220;on|desktop&#8220; title_line_height=&#8220;1.5em&#8220; title_text_shadow_style=&#8220;preset2&#8243; content_font=&#8220;alatsi|100|||||||&#8220; content_text_align=&#8220;center&#8220; content_text_color=&#8220;#ffffff&#8220; content_line_height=&#8220;1.8em&#8220; content_text_shadow_style=&#8220;preset2&#8243; subhead_font=&#8220;alatsi|300||on|||||&#8220; subhead_text_align=&#8220;center&#8220; subhead_line_height=&#8220;1.5em&#8220; background_color=&#8220;rgba(251,188,5,0)&#8220; background_image=&#8220;https:\/\/stindard.ro\/wp-content\/uploads\/2020\/04\/stindard-ro_albastru-galben-rosu.jpg&#8220; parallax=&#8220;on&#8220; custom_button_two=&#8220;on&#8220; button_two_text_color=&#8220;#002147&#8243; button_two_bg_color=&#8220;#ffffff&#8220; button_two_border_color=&#8220;#ffffff&#8220; button_two_border_radius=&#8220;30&#8243; button_two_font=&#8220;alatsi|||on|||||&#8220; button_two_icon=&#8220;%%3%%&#8220; button_two_icon_color=&#8220;#002147&#8243; custom_button_one=&#8220;on&#8220; button_one_text_size=&#8220;18&#8243; button_one_text_color=&#8220;#002147&#8243; button_one_bg_color=&#8220;#ffffff&#8220; button_one_border_width=&#8220;3&#8243; button_one_border_color=&#8220;#ffffff&#8220; button_one_border_radius=&#8220;50&#8243; button_one_font=&#8220;alatsi|||on|||||&#8220; button_one_icon=&#8220;%%3%%&#8220; button_one_icon_color=&#8220;#002147&#8243; custom_margin=&#8220;|||&#8220; custom_padding=&#8220;5vw||150px||false&#8220; z_index_tablet=&#8220;500&#8243; text_shadow_style=&#8220;preset2&#8243; text_shadow_blur_strength=&#8220;0.16em&#8220; button_one_text_size__hover_enabled=&#8220;off&#8220; button_one_text_size__hover=&#8220;null&#8220; button_two_text_size__hover_enabled=&#8220;off&#8220; button_two_text_size__hover=&#8220;null&#8220; button_one_text_color__hover_enabled=&#8220;off&#8220; button_one_text_color__hover=&#8220;null&#8220; button_two_text_color__hover_enabled=&#8220;off&#8220; button_two_text_color__hover=&#8220;null&#8220; button_one_border_width__hover_enabled=&#8220;off&#8220; button_one_border_width__hover=&#8220;null&#8220; button_two_border_width__hover_enabled=&#8220;off&#8220; button_two_border_width__hover=&#8220;null&#8220; button_one_border_color__hover_enabled=&#8220;off&#8220; button_one_border_color__hover=&#8220;null&#8220; button_two_border_color__hover_enabled=&#8220;off&#8220; button_two_border_color__hover=&#8220;null&#8220; button_one_border_radius__hover_enabled=&#8220;off&#8220; button_one_border_radius__hover=&#8220;null&#8220; button_two_border_radius__hover_enabled=&#8220;off&#8220; button_two_border_radius__hover=&#8220;null&#8220; button_one_letter_spacing__hover_enabled=&#8220;off&#8220; button_one_letter_spacing__hover=&#8220;null&#8220; button_two_letter_spacing__hover_enabled=&#8220;off&#8220; button_two_letter_spacing__hover=&#8220;null&#8220; button_one_bg_color__hover_enabled=&#8220;off&#8220; button_one_bg_color__hover=&#8220;null&#8220; button_two_bg_color__hover_enabled=&#8220;off&#8220; button_two_bg_color__hover=&#8220;null&#8220; button_two_text_size=&#8220;18&#8243; title_letter_spacing=&#8220;2px&#8220; content_letter_spacing=&#8220;1px&#8220; subhead_letter_spacing=&#8220;2px&#8220; background_color_gradient_start=&#8220;rgba(43,135,218,0)&#8220; background_color_gradient_end=&#8220;#000c3a&#8220; background_color_gradient_start_position=&#8220;10%&#8220; background_color_gradient_end_position=&#8220;60%&#8220; mix_blend_mode=&#8220;darken&#8220;]<\/p>\n<p>\u00a0<\/p>\n<p>\u00a0<\/p>\n<p>\u00a0<\/p>\n<p>[\/et_pb_fullwidth_header][\/et_pb_section][et_pb_section bb_built=&#8220;1&#8243; admin_label=&#8220;Contact Section&#8220; next_background_color=&#8220;#002147&#8243; _builder_version=&#8220;3.6&#8243; custom_padding=&#8220;54px|0px|0|0px|false|false&#8220; bottom_divider_style=&#8220;slant&#8220; bottom_divider_flip=&#8220;horizontal&#8220; bottom_divider_arrangement=&#8220;above_content&#8220; prev_background_color=&#8220;#000000&#8243;][et_pb_row _builder_version=&#8220;3.0.48&#8243; background_size=&#8220;initial&#8220; background_position=&#8220;top_left&#8220; background_repeat=&#8220;repeat&#8220;][et_pb_column type=&#8220;4_4&#8243;][et_pb_text _builder_version=&#8220;3.19.3&#8243; text_font_size=&#8220;16px&#8220; z_index_tablet=&#8220;500&#8243;]<\/p>\n<p style=\"text-align: center;\"><strong><span>Geschichtsmuseen<\/span><\/strong><\/p>\n<p style=\"text-align: center;\"><strong><a href=\"http:\/\/www.mnir.ro\/\" target=\"_blank\" rel=\"noopener noreferrer\"><span>Nationalmuseum f\u00fcr rum\u00e4nische Geschichte<\/span><\/a><span>\u00a0&#8211; Bukarest<\/span><\/strong><\/p>\n<p style=\"text-align: center;\"><a href=\"http:\/\/www.brukenthalmuseum.ro\/\" target=\"_blank\" rel=\"noopener noreferrer\"><span>Brukenthal National Museum<\/span><\/a><span>\u00a0&#8211;\u00a0<\/span><b><span>Sibiu<\/span><\/b><\/p>\n<p style=\"text-align: center;\"><a href=\"http:\/\/www.muzeulastra.ro\/\" target=\"_blank\" rel=\"noopener noreferrer\"><span>Astra National Museum Complex<\/span><\/a><span>\u00a0&#8211;\u00a0<\/span><b><span>Sibiu<\/span><\/b><\/p>\n<p style=\"text-align: center;\"><a href=\"http:\/\/www.istoria-transilvaniei.ro\/\" target=\"_blank\" rel=\"noopener noreferrer\"><span>Nationales Geschichtsmuseum von Siebenb\u00fcrgen<\/span><\/a><span>\u00a0&#8211;\u00a0<\/span><b><span>Cluj-Napoca<\/span><\/b><\/p>\n<p style=\"text-align: center;\"><a href=\"http:\/\/www.muzeul-moldova.ro\/\" target=\"_blank\" rel=\"noopener noreferrer\"><span>Moldawien<\/span><\/a><span>\u00a0&#8211;\u00a0<b>Iasi\u00a0<\/b><a href=\"http:\/\/www.muzeul-moldova.ro\/\" target=\"_blank\" rel=\"noopener noreferrer\">National Museum Complex<\/a><\/span><b><\/b><\/p>\n<p style=\"text-align: center;\"><a href=\"http:\/\/www.muzeul-bran.ro\/\" target=\"_blank\" rel=\"noopener noreferrer\"><span>Kleiemuseum<\/span><\/a><\/p>\n<p style=\"text-align: center;\"><strong><span>Milit\u00e4rmuseen<\/span><\/strong><\/p>\n<p style=\"text-align: center;\"><span class=\"text_mic\"><strong><a href=\"http:\/\/muzeu.mapn.ro\/\" target=\"_blank\" rel=\"noopener noreferrer\"><span>Nationales Milit\u00e4rmuseum<\/span><\/a><span>\u00a0&#8211; Bukarest<\/span><\/strong><\/span><\/p>\n<p style=\"text-align: center;\"><a href=\"http:\/\/www.roaf.ro\/ro\/select.php?doc=muzeu\" target=\"_blank\" rel=\"noopener noreferrer\"><span>Luftfahrtmuseum<\/span><\/a><span>\u00a0&#8211;\u00a0<\/span><b><span>Bukarest<\/span><\/b><\/p>\n<p style=\"text-align: center;\"><a href=\"http:\/\/www.fortele-navale.ro\/cultura\/muzee\/mr\/index.html\" target=\"_blank\" rel=\"noopener noreferrer\"><span>Rum\u00e4nisches Marinemuseum<\/span><\/a><span>\u00a0&#8211;\u00a0<\/span><b><span>Constanta<\/span><\/b><\/p>\n<p style=\"text-align: center;\"><a href=\"http:\/\/www.fortele-navale.ro\/cultura\/muzee\/anmb\/index.html\" target=\"_blank\" rel=\"noopener noreferrer\"><span>Museum der Marineakademie &#8222;Mircea cel Batr\u00e2n&#8220;<\/span><\/a><span>\u00a0&#8211;\u00a0<\/span><b><span>Constanta<\/span><\/b><\/p>\n<p style=\"text-align: center;\"><strong><span>Spezialisierte Museen<\/span><\/strong><\/p>\n<p style=\"text-align: center;\"><strong><a href=\"http:\/\/www.cimec.ro\/Muzee\/ceasuri\/ceas.htm\" target=\"_blank\" rel=\"noopener noreferrer\"><span>Uhrenmuseum<\/span><\/a><span>\u00a0&#8211; Ploie\u015fti<\/span><\/strong><\/p>\n<p style=\"text-align: center;\"><strong><a href=\"http:\/\/www.itcnet.ro\/mtr\" target=\"_blank\" rel=\"noopener noreferrer\"><span>Museum des rum\u00e4nischen Bauern<\/span><\/a><span>\u00a0&#8211; Bukarest<\/span><\/strong><\/p>\n<p style=\"text-align: center;\"><strong><a href=\"http:\/\/www.muzeulsatului.ro\/\" target=\"_blank\" rel=\"noopener noreferrer\"><span>Nationales Dorfmuseum &#8222;Dimitrie Gusti&#8220;<\/span><\/a><span>\u00a0&#8211; Bukarest<\/span><\/strong><\/p>\n<p style=\"text-align: center;\"><strong><a href=\"http:\/\/www.antipa.ro\/\" target=\"_blank\" rel=\"noopener noreferrer\"><span>Nationales Naturkundemuseum Grigore Antipa<\/span><\/a><span>\u00a0&#8211; Bukarest<\/span><\/strong><\/p>\n<p style=\"text-align: center;\"><strong><a href=\"http:\/\/www.harti-vechi.ro\/\" target=\"_blank\" rel=\"noopener noreferrer\"><span>Nationales Museum f\u00fcr Karten und alte B\u00fccher<\/span><\/a><\/strong><\/p>\n<p style=\"text-align: center;\"><strong><a href=\"http:\/\/www.sintec.ro\/muzeu\" target=\"_blank\" rel=\"noopener noreferrer\"><span>Museum f\u00fcr Mineralogie<\/span><\/a><span>\u00a0&#8211; Baia Mare<\/span><\/strong><\/p>\n<p style=\"text-align: center;\"><strong><a href=\"http:\/\/www.museum.ro\/\" target=\"_blank\" rel=\"noopener noreferrer\"><span>Nationales Kunstmuseum Rum\u00e4niens<\/span><\/a><span>\u00a0&#8211; Bukarest<\/span><\/strong><\/p>\n<p style=\"text-align: center;\"><strong><a href=\"http:\/\/www.mlr.ro\/\" target=\"_blank\" rel=\"noopener noreferrer\"><span>Museum f\u00fcr rum\u00e4nische Literatur<\/span><\/a><span>\u00a0&#8211; Bukarest<\/span><\/strong><\/p>\n<p style=\"text-align: center;\"><strong><a href=\"http:\/\/www.etnobrasov.ro\/\" target=\"_blank\" rel=\"noopener noreferrer\"><span>Ethnographisches Museum<\/span><\/a><span>\u00a0&#8211; Bra\u00baov<\/span><\/strong><\/p>\n<p style=\"text-align: center;\"><strong><a href=\"http:\/\/www.sintec.ro\/muz-pop\" target=\"_blank\" rel=\"noopener noreferrer\"><span>Maramure\u00ba County Museum<\/span><\/a><span>\u00a0&#8211; Baia Mare, Abteilung f\u00fcr Ethnographie und\u00a0<a href=\"http:\/\/www.sintec.ro\/muz-pop\" target=\"_blank\" rel=\"noopener noreferrer\">Volkskunst<\/a><\/span><\/strong><\/p>\n<p style=\"text-align: center;\"><strong><span>Museumsdirektoren<\/span><\/strong><\/p>\n<p style=\"text-align: center;\"><span class=\"text_mic\"><strong><a href=\"http:\/\/www.cimec.ro\/scripts\/Muzee\/sel.asp\" target=\"_blank\" rel=\"noopener noreferrer\"><span>Alphabetisches Verzeichnis der Museen und Gedenkst\u00e4tten in Rum\u00e4nien<\/span><\/a><\/strong><\/span><\/p>\n<p style=\"text-align: center;\"><span class=\"text_mic\"><strong><a href=\"http:\/\/www.123world.com\/museumsandgalleries\/index.html\" target=\"_blank\" rel=\"noopener noreferrer\"><span>Alphabetischer Index der Standorte von Museen und Galerien auf der ganzen Welt<\/span><\/a><\/strong><\/span><\/p>\n<p style=\"text-align: center;\"><span class=\"text_mic\"><strong><a href=\"http:\/\/www.europeanmuseumguide.com\/\" target=\"_blank\" rel=\"noopener noreferrer\"><span>Museen, Sammlungen und Ausstellungen in Europa<\/span><\/a><\/strong><\/span><\/p>\n<p style=\"text-align: center;\"><span class=\"text_mic\"><strong><a href=\"http:\/\/www.museumtix.com\/\" target=\"_blank\" rel=\"noopener noreferrer\"><span>Veranstaltungen, die von Museen auf der ganzen Welt organisiert werden<\/span><\/a><\/strong><\/span><\/p>\n<p style=\"text-align: center;\"><span class=\"text_mic\"><strong><a href=\"http:\/\/www.museophile.com\/\" target=\"_blank\" rel=\"noopener noreferrer\"><span>Online-Museen<\/span><\/a><\/strong><\/span><\/p>\n<p style=\"text-align: center;\"><strong><span>Historische Monumente<\/span><\/strong><\/p>\n<p style=\"text-align: center;\"><span class=\"text_mic\"><strong><a href=\"http:\/\/www.monumente-istorice.ro\/\" target=\"_blank\" rel=\"noopener noreferrer\"><span>Nationales Institut f\u00fcr historische Denkm\u00e4ler<\/span><\/a><\/strong><\/span><\/p>\n<p style=\"text-align: center;\"><span class=\"text_mic\"><strong><a href=\"http:\/\/www.oficiul-monumentelor.ro\/\" target=\"_blank\" rel=\"noopener noreferrer\"><span>Nationales Amt f\u00fcr historische Denkm\u00e4ler<\/span><\/a><\/strong><\/span><\/p>\n<p style=\"text-align: center;\"><span class=\"text_mic\"><strong><a href=\"http:\/\/www.cimec.ro\/Monumente\/Monumente.htm\" target=\"_blank\" rel=\"noopener noreferrer\"><span>Denkm\u00e4ler, mittelalterliche Festungen<\/span><\/a><\/strong><\/span><\/p>\n<p style=\"text-align: center;\"><span class=\"text_mic\"><strong><a href=\"http:\/\/www.medievalroutes.com\/\" target=\"_blank\" rel=\"noopener noreferrer\"><span>Historische Denkm\u00e4ler in Rum\u00e4nien<\/span><\/a><\/strong><\/span><\/p>\n<p>[\/et_pb_text][\/et_pb_column][\/et_pb_row][et_pb_row _builder_version=&#8220;3.0.48&#8243; background_size=&#8220;initial&#8220; background_position=&#8220;top_left&#8220; background_repeat=&#8220;repeat&#8220;][et_pb_column type=&#8220;4_4&#8243;][et_pb_text _builder_version=&#8220;3.21.1&#8243; z_index_tablet=&#8220;500&#8243;]<\/p>\n<p>&nbsp;<\/p>\n<p>&nbsp;<\/p>\n<p>&nbsp;<\/p>\n<p>[\/et_pb_text][\/et_pb_column][\/et_pb_row][\/et_pb_section][et_pb_section bb_built=&#8220;1&#8243; admin_label=&#8220;CTA&#8220; _builder_version=&#8220;3.21.1&#8243; background_color_gradient_start=&#8220;#002147&#8243; background_color_gradient_end=&#8220;rgba(255,208,136,0.84)&#8220; background_color_gradient_end_position=&#8220;70%&#8220; background_color_gradient_overlays_image=&#8220;on&#8220; custom_margin=&#8220;|||&#8220; custom_padding=&#8220;||0px||false&#8220; z_index_tablet=&#8220;500&#8243; background_color=&#8220;#002147&#8243; prev_background_color=&#8220;#ffffff&#8220;][et_pb_row _builder_version=&#8220;3.21.1&#8243;][et_pb_column type=&#8220;4_4&#8243;][et_pb_image admin_label=&#8220;LOGO STINDARD SUBSOL&#8220; _builder_version=&#8220;3.21.1&#8243; src=&#8220;https:\/\/stindard.ro\/wp-content\/uploads\/2019\/03\/Logo-transparent_Asociatia-STINDARD_ro_100x116.png&#8220; z_index_tablet=&#8220;500&#8243; align=&#8220;center&#8220; \/][\/et_pb_column][\/et_pb_row][\/et_pb_section]<\/p>\n","protected":false},"excerpt":{"rendered":"<p>\u00a0\u00a0\u00a0 GeschichtsmuseenNationalmuseum f\u00fcr rum\u00e4nische Geschichte\u00a0&#8211; BukarestBrukenthal National Museum\u00a0&#8211;\u00a0SibiuAstra National Museum Complex\u00a0&#8211;\u00a0SibiuNationales Geschichtsmuseum von Siebenb\u00fcrgen\u00a0&#8211;\u00a0Cluj-NapocaMoldawien\u00a0&#8211;\u00a0Iasi\u00a0National Museum ComplexKleiemuseumMilit\u00e4rmuseenNationales Milit\u00e4rmuseum\u00a0&#8211; BukarestLuftfahrtmuseum\u00a0&#8211;\u00a0BukarestRum\u00e4nisches Marinemuseum\u00a0&#8211;\u00a0ConstantaMuseum der Marineakademie &#8222;Mircea cel Batr\u00e2n&#8220;\u00a0&#8211;\u00a0ConstantaSpezialisierte MuseenUhrenmuseum\u00a0&#8211; Ploie\u015ftiMuseum des rum\u00e4nischen Bauern\u00a0&#8211; BukarestNationales Dorfmuseum &#8222;Dimitrie Gusti&#8220;\u00a0&#8211; BukarestNationales Naturkundemuseum Grigore Antipa\u00a0&#8211; BukarestNationales Museum f\u00fcr Karten und alte B\u00fccherMuseum f\u00fcr Mineralogie\u00a0&#8211; Baia MareNationales Kunstmuseum Rum\u00e4niens\u00a0&#8211; BukarestMuseum f\u00fcr rum\u00e4nische Literatur\u00a0&#8211; BukarestEthnographisches [&hellip;]<\/p>\n","protected":false},"author":2,"featured_media":0,"parent":0,"menu_order":0,"comment_status":"closed","ping_status":"closed","template":"","meta":{"_et_pb_use_builder":"on","_et_pb_old_content":"","_et_gb_content_width":""},"_links":{"self":[{"href":"https:\/\/stindard.ro\/de\/wp-json\/wp\/v2\/pages\/1406"}],"collection":[{"href":"https:\/\/stindard.ro\/de\/wp-json\/wp\/v2\/pages"}],"about":[{"href":"https:\/\/stindard.ro\/de\/wp-json\/wp\/v2\/types\/page"}],"author":[{"embeddable":true,"href":"https:\/\/stindard.ro\/de\/wp-json\/wp\/v2\/users\/2"}],"replies":[{"embeddable":true,"href":"https:\/\/stindard.ro\/de\/wp-json\/wp\/v2\/comments?post=1406"}],"version-history":[{"count":10,"href":"https:\/\/stindard.ro\/de\/wp-json\/wp\/v2\/pages\/1406\/revisions"}],"predecessor-version":[{"id":2395,"href":"https:\/\/stindard.ro\/de\/wp-json\/wp\/v2\/pages\/1406\/revisions\/2395"}],"wp:attachment":[{"href":"https:\/\/stindard.ro\/de\/wp-json\/wp\/v2\/media?parent=1406"}],"curies":[{"name":"wp","href":"https:\/\/api.w.org\/{rel}","templated":true}]}}