{"id":1498,"date":"2020-04-08T07:53:10","date_gmt":"2020-04-08T07:53:10","guid":{"rendered":"http:\/\/hosting-super.eu\/siteuri\/sitedorian\/?page_id=1498"},"modified":"2021-11-01T11:12:54","modified_gmt":"2021-11-01T09:12:54","slug":"termeni-si-conditii","status":"publish","type":"page","link":"https:\/\/stindard.ro\/de\/termeni-si-conditii\/","title":{"rendered":"GESCH\u00c4FTSBEDINGUNGEN"},"content":{"rendered":"<p>ALLGEMEINE GESCH\u00c4FTSBEDINGUNGEN DSGVO<\/p>\n<p>Allgemeine Bedingungen f\u00fcr die Nutzung der Website stindard.ro<\/p>\n<p>ANNAHME DER BEDINGUNGEN<\/p>\n<p>Durch den Zugriff auf diese Website und \/ oder eine ihrer Seiten stimmen Sie diesen Nutzungsbedingungen zu. Wenn Sie mit diesen Nutzungsbedingungen nicht einverstanden sind, greifen Sie nicht auf diese Website zu.<\/p>\n<p>BESCHREIBUNG DER DIENSTLEISTUNGEN<\/p>\n<p>Unsere Website stellt Ihnen die Informationen auf dieser Website zu allgemeinen Informationszwecken zur Verf\u00fcgung und garantiert zu keinem Zeitpunkt deren Richtigkeit. Es werden jedoch alle Anstrengungen unternommen, um sicherzustellen, dass alle Informationen bei Ver\u00f6ffentlichung auf der Website korrekt sind.<\/p>\n<p>EINF\u00dcHRUNG<br \/>\nDiese Allgemeinen Gesch\u00e4ftsbedingungen definieren die Nutzungsbedingungen der Website stindard.ro durch potenzielle Besucher oder Kunden. Durch den Zugriff auf und das Durchsuchen dieser Website akzeptieren Sie die unten beschriebenen Nutzungsbedingungen.<\/p>\n<p>RECHTE \u00dcBER DEN INHALT DER WEBSITE<br \/>\nDie Stindard Association \u00fcbertr\u00e4gt das Eigentum an den Softwareanwendungen nicht.<\/p>\n<p>Die Stindard Association besitzt vollst\u00e4ndige und vollst\u00e4ndige Rechte an der Eigentumsurkunde und durch sie alle Urheberrechte und die patentierten. Sie d\u00fcrfen die Software nicht in einer f\u00fcr Menschen wahrnehmbaren Form weitergeben, verkaufen, dekompilieren oder disassemblieren.<\/p>\n<p>Alle auf dieser Website enthaltenen Informationen, Produkte oder Anwendungen sind Eigentum der Stindard Association, die sich das Recht vorbeh\u00e4lt, den Inhalt und \/ oder die Struktur der Website jederzeit und ohne vorherige Ank\u00fcndigung zu \u00e4ndern.<\/p>\n<p>Der gesamte Inhalt der Website stindard.ro ist urheberrechtlich gesch\u00fctzt, alle Rechte vorbehalten. Alle Rechte in Bezug auf die Seiten, den Inhalt und die Pr\u00e4sentation der Website liegen bei der Stindard Association. Es ist verboten, ohne schriftliche Best\u00e4tigung der Stindard Association zu kopieren, zu \u00e4ndern, anzuzeigen, zu verteilen, zu \u00fcbertragen, zu ver\u00f6ffentlichen, zu vermarkten, abgeleitete Werke zu erstellen oder den Inhalt der Website f\u00fcr irgendeinen Zweck zu verwenden.<\/p>\n<p>Der Zugriff und die Nutzung der Seite stindard.ro sind kostenlos und sollen den Benutzern helfen, die erforderlichen Informationen auf einfachste und schnellste Weise zu finden, je nach den Anforderungen aller.<\/p>\n<p>Die auf stindard.ro enthaltenen Informationen sind von allgemeinem Interesse und werden den Nutzern kostenlos zur Verf\u00fcgung gestellt. Der Begriff &#8222;Benutzer&#8220; dieser Seite bezeichnet jede nat\u00fcrliche oder juristische Person, die auf die Seite zugreift. Sie d\u00fcrfen den Inhalt der Seite stindard.ro f\u00fcr Ihren pers\u00f6nlichen Gebrauch ohne kommerzielle Absicht kopieren und ausdrucken. In jeder anderen Situation darf der Inhalt von stindard.ro ohne die ausdr\u00fcckliche Zustimmung der Vertreter der Stindard Association nicht reproduziert, ge\u00e4ndert oder genutzt werden.<\/p>\n<p>HAFTUNGSAUSSCHLUSS<br \/>\nDer Inhalt der Informationen bezieht sich auf die Beschreibung der Aktivit\u00e4ten, Produkte und Dienstleistungen der Stindard Association in einem gewissen Detail. Es wird keine Garantie in Bezug auf Folgendes gew\u00e4hrt:<\/p>\n<p>&#8211; Vermeidung einer schwierigen Nutzung oder Unterbrechung der Nutzung der Website;<br \/>\n&#8211; andere Systeme durch die Nutzung der Website nicht negativ beeinflussen;<br \/>\n&#8211; das Fehlen von Viren oder anderen Komponenten auf der Website, die den Benutzern schaden k\u00f6nnten.<\/p>\n<p>Daher kann die Stindard Association nicht f\u00fcr direkte oder indirekte Sch\u00e4den verantwortlich gemacht werden, die durch die Nutzung der Website oder von stindard.ro verursacht werden.<br \/>\nAlle auf der Website pr\u00e4sentierten Informationen zu den Produkten, Preisen, Informationen, Kampagnen und Marketingaktionen von stindard.ro sowie zu technischen Aspekten werden zu Informationszwecken pr\u00e4sentiert. Nichts im Inhalt der Website stindard.ro kann ein festes Vertragsangebot darstellen und kann keine Verantwortung der Stindard Association \u00fcbernehmen, wenn keine nachfolgenden Vereinbarungen getroffen werden.<\/p>\n<p>Der Inhalt der Website stindard.ro, der Informationen und anderer pr\u00e4sentierter Materialien stellt keine Rechtsberatung im Sinne des Gesetzes Nr. 51\/1995.<\/p>\n<p>Die DSGVO ist ein Regelwerk, das auf komplexen Grunds\u00e4tzen basiert, das interpretiert werden kann und auch viele Bereiche zitiert, in denen die Mitgliedstaaten zum Eingreifen aufgefordert werden. Derzeit gibt es nur sehr wenige Leitlinien zur Umsetzung der DSGVO, und es ist m\u00f6glich, dass die Aufsichtsbeh\u00f6rden andere Ansichten vertreten als in dieser Vorlage. Trotz unserer Bem\u00fchungen, die besten Dienstleistungen zu erbringen, k\u00f6nnen wir nicht genau vorhersehen, wie die Aufsichtsbeh\u00f6rde oder die Gerichte die Verordnung auslegen werden.<\/p>\n<p>Stindard.ro macht keine Zusicherungen, Zusagen oder Gew\u00e4hrleistungen in Bezug auf die Richtigkeit, Vollst\u00e4ndigkeit oder Angemessenheit dieses Inhalts, der Richtlinien und der Beratung, \u00fcbernimmt keine Verpflichtung zum Ergebnis oder zur Sorgfalt gegen\u00fcber einer Person, schlie\u00dft dies ausdr\u00fccklich aus und lehnt es ab Haftung f\u00fcr Kosten, Verluste oder Sch\u00e4den, die durch die Nutzung des Inhalts entstehen.<\/p>\n<p>DAS ZIEL DES WEBSITE-INHALTS<br \/>\nZiel des Inhalts der Website ist es, aktuelle und genaue Informationen zu \u00fcbermitteln.<\/p>\n<p>Die Stindard Association kann nicht garantieren, dass diese Seiten<\/p>\n","protected":false},"excerpt":{"rendered":"<p>ALLGEMEINE GESCH\u00c4FTSBEDINGUNGEN DSGVO Allgemeine Bedingungen f\u00fcr die Nutzung der Website stindard.ro ANNAHME DER BEDINGUNGEN Durch den Zugriff auf diese Website und \/ oder eine ihrer Seiten stimmen Sie diesen Nutzungsbedingungen zu. Wenn Sie mit diesen Nutzungsbedingungen nicht einverstanden sind, greifen Sie nicht auf diese Website zu. BESCHREIBUNG DER DIENSTLEISTUNGEN Unsere Website stellt Ihnen die Informationen [&hellip;]<\/p>\n","protected":false},"author":2,"featured_media":0,"parent":0,"menu_order":0,"comment_status":"closed","ping_status":"closed","template":"","meta":{"_et_pb_use_builder":"","_et_pb_old_content":"","_et_gb_content_width":""},"_links":{"self":[{"href":"https:\/\/stindard.ro\/de\/wp-json\/wp\/v2\/pages\/1498"}],"collection":[{"href":"https:\/\/stindard.ro\/de\/wp-json\/wp\/v2\/pages"}],"about":[{"href":"https:\/\/stindard.ro\/de\/wp-json\/wp\/v2\/types\/page"}],"author":[{"embeddable":true,"href":"https:\/\/stindard.ro\/de\/wp-json\/wp\/v2\/users\/2"}],"replies":[{"embeddable":true,"href":"https:\/\/stindard.ro\/de\/wp-json\/wp\/v2\/comments?post=1498"}],"version-history":[{"count":9,"href":"https:\/\/stindard.ro\/de\/wp-json\/wp\/v2\/pages\/1498\/revisions"}],"predecessor-version":[{"id":2325,"href":"https:\/\/stindard.ro\/de\/wp-json\/wp\/v2\/pages\/1498\/revisions\/2325"}],"wp:attachment":[{"href":"https:\/\/stindard.ro\/de\/wp-json\/wp\/v2\/media?parent=1498"}],"curies":[{"name":"wp","href":"https:\/\/api.w.org\/{rel}","templated":true}]}}