{"id":2006,"date":"2020-04-22T06:53:40","date_gmt":"2020-04-22T06:53:40","guid":{"rendered":"http:\/\/hosting-super.eu\/siteuri\/sitedorian\/?page_id=2006"},"modified":"2020-07-05T19:55:59","modified_gmt":"2020-07-05T16:55:59","slug":"eroi-de-razboi","status":"publish","type":"page","link":"https:\/\/stindard.ro\/de\/eroi-de-razboi\/","title":{"rendered":"KRIEGSHELDEN"},"content":{"rendered":"<p>[et_pb_section bb_built=&#8220;1&#8243; fullwidth=&#8220;on&#8220; next_background_color=&#8220;#ffffff&#8220; _builder_version=&#8220;3.21.1&#8243; background_image=&#8220;http:\/\/hosting-super.eu\/siteuri\/sitedorian\/wp-content\/uploads\/2019\/03\/life-coach-09.jpg&#8220; module_alignment=&#8220;center&#8220; bottom_divider_style=&#8220;slant&#8220; bottom_divider_flip=&#8220;horizontal&#8220; animation_direction=&#8220;top&#8220; z_index_tablet=&#8220;500&#8243;][et_pb_fullwidth_header admin_label=&#8220;KRIEGSHELDEN&#8220; title=&#8220;KRIEGSHELDEN&#8220; subhead=&#8220;SUCH- UND IDENTIFIKATIONSBEREICH&#8220; text_orientation=&#8220;center&#8220; header_scroll_down=&#8220;on&#8220; scroll_down_icon=&#8220;%%9%%&#8220; scroll_down_icon_size=&#8220;44px&#8220; background_overlay_color=&#8220;rgba(247,247,247,0)&#8220; _builder_version=&#8220;3.19.3&#8243; title_font=&#8220;alatsi|100||on|||||&#8220; title_text_align=&#8220;center&#8220; title_text_color=&#8220;#ffffff&#8220; title_font_size=&#8220;52px&#8220; title_font_size_tablet=&#8220;36px&#8220; title_font_size_phone=&#8220;28px&#8220; title_font_size_last_edited=&#8220;on|desktop&#8220; title_line_height=&#8220;1.5em&#8220; title_text_shadow_style=&#8220;preset2&#8243; content_font=&#8220;alatsi|100|||||||&#8220; content_text_align=&#8220;center&#8220; content_text_color=&#8220;#ffffff&#8220; content_line_height=&#8220;1.8em&#8220; content_text_shadow_style=&#8220;preset2&#8243; subhead_font=&#8220;alatsi|300||on|||||&#8220; subhead_text_align=&#8220;center&#8220; subhead_line_height=&#8220;1.5em&#8220; background_color=&#8220;rgba(251,188,5,0)&#8220; background_image=&#8220;https:\/\/stindard.ro\/wp-content\/uploads\/2020\/04\/stindard-ro_albastru-galben-rosu.jpg&#8220; parallax=&#8220;on&#8220; custom_button_two=&#8220;on&#8220; button_two_text_color=&#8220;#002147&#8243; button_two_bg_color=&#8220;#ffffff&#8220; button_two_border_color=&#8220;#ffffff&#8220; button_two_border_radius=&#8220;30&#8243; button_two_font=&#8220;alatsi|||on|||||&#8220; button_two_icon=&#8220;%%3%%&#8220; button_two_icon_color=&#8220;#002147&#8243; custom_button_one=&#8220;on&#8220; button_one_text_size=&#8220;18&#8243; button_one_text_color=&#8220;#002147&#8243; button_one_bg_color=&#8220;#ffffff&#8220; button_one_border_width=&#8220;3&#8243; button_one_border_color=&#8220;#ffffff&#8220; button_one_border_radius=&#8220;50&#8243; button_one_font=&#8220;alatsi|||on|||||&#8220; button_one_icon=&#8220;%%3%%&#8220; button_one_icon_color=&#8220;#002147&#8243; custom_margin=&#8220;|||&#8220; custom_padding=&#8220;5vw||150px||false&#8220; z_index_tablet=&#8220;500&#8243; text_shadow_style=&#8220;preset2&#8243; text_shadow_blur_strength=&#8220;0.16em&#8220; button_one_text_size__hover_enabled=&#8220;off&#8220; button_one_text_size__hover=&#8220;null&#8220; button_two_text_size__hover_enabled=&#8220;off&#8220; button_two_text_size__hover=&#8220;null&#8220; button_one_text_color__hover_enabled=&#8220;off&#8220; button_one_text_color__hover=&#8220;null&#8220; button_two_text_color__hover_enabled=&#8220;off&#8220; button_two_text_color__hover=&#8220;null&#8220; button_one_border_width__hover_enabled=&#8220;off&#8220; button_one_border_width__hover=&#8220;null&#8220; button_two_border_width__hover_enabled=&#8220;off&#8220; button_two_border_width__hover=&#8220;null&#8220; button_one_border_color__hover_enabled=&#8220;off&#8220; button_one_border_color__hover=&#8220;null&#8220; button_two_border_color__hover_enabled=&#8220;off&#8220; button_two_border_color__hover=&#8220;null&#8220; button_one_border_radius__hover_enabled=&#8220;off&#8220; button_one_border_radius__hover=&#8220;null&#8220; button_two_border_radius__hover_enabled=&#8220;off&#8220; button_two_border_radius__hover=&#8220;null&#8220; button_one_letter_spacing__hover_enabled=&#8220;off&#8220; button_one_letter_spacing__hover=&#8220;null&#8220; button_two_letter_spacing__hover_enabled=&#8220;off&#8220; button_two_letter_spacing__hover=&#8220;null&#8220; button_one_bg_color__hover_enabled=&#8220;off&#8220; button_one_bg_color__hover=&#8220;null&#8220; button_two_bg_color__hover_enabled=&#8220;off&#8220; button_two_bg_color__hover=&#8220;null&#8220; button_two_text_size=&#8220;18&#8243; title_letter_spacing=&#8220;2px&#8220; content_letter_spacing=&#8220;1px&#8220; subhead_letter_spacing=&#8220;2px&#8220; background_color_gradient_start=&#8220;rgba(43,135,218,0)&#8220; background_color_gradient_end=&#8220;#000c3a&#8220; background_color_gradient_start_position=&#8220;10%&#8220; background_color_gradient_end_position=&#8220;60%&#8220; mix_blend_mode=&#8220;darken&#8220;]<\/p>\n<p>\u00a0<\/p>\n<p>\u00a0<\/p>\n<p>\u00a0<\/p>\n<p>[\/et_pb_fullwidth_header][\/et_pb_section][et_pb_section bb_built=&#8220;1&#8243; fullwidth=&#8220;off&#8220; specialty=&#8220;off&#8220; prev_background_color=&#8220;#000000&#8243; next_background_color=&#8220;#000000&#8243;][et_pb_row][et_pb_column type=&#8220;4_4&#8243;][et_pb_text admin_label=&#8220;PROJEKT IN DER ENTWICKLUNG\u2026&#8220; _builder_version=&#8220;3.19.3&#8243; z_index_tablet=&#8220;500&#8243;]<\/p>\n<h1><span class=\"\">PROJEKT IN DER ENTWICKLUNG\u2026<\/span><\/h1>\n<p>Suche und Identifizierung Kriegshelden<\/p>\n<p>[\/et_pb_text][\/et_pb_column][\/et_pb_row][\/et_pb_section][et_pb_section bb_built=&#8220;1&#8243; admin_label=&#8220;Contact Section&#8220; next_background_color=&#8220;#002147&#8243; _builder_version=&#8220;3.21.1&#8243; custom_padding=&#8220;54px|0px|0|0px|false|false&#8220; bottom_divider_style=&#8220;slant&#8220; bottom_divider_flip=&#8220;horizontal&#8220; bottom_divider_arrangement=&#8220;above_content&#8220; z_index_tablet=&#8220;500&#8243; prev_background_color=&#8220;#000000&#8243;][et_pb_row _builder_version=&#8220;3.0.48&#8243; background_size=&#8220;initial&#8220; background_position=&#8220;top_left&#8220; background_repeat=&#8220;repeat&#8220;][et_pb_column type=&#8220;4_4&#8243;][et_pb_contact_form admin_label=&#8220;Formular de C\u0103utare&#8220; _builder_version=&#8220;3.21.1&#8243; z_index_tablet=&#8220;500&#8243;][et_pb_contact_field field_title=&#8220;Nume soldat&#8220; field_type=&#8220;input&#8220; field_id=&#8220;Nume&#8220; required_mark=&#8220;on&#8220; fullwidth_field=&#8220;off&#8220; _builder_version=&#8220;3.21.1&#8243; checkbox_checked=&#8220;off&#8220; checkbox_options=&#8220;%91{%22value%22:%22Nume%22,%22checked%22:0}%93&#8243; radio_options=&#8220;%91{%22value%22:%22Nume%22,%22checked%22:0}%93&#8243; select_options=&#8220;%91{%22value%22:%22Nume%22,%22checked%22:0}%93&#8243; min_length=&#8220;0&#8243; max_length=&#8220;0&#8243; allowed_symbols=&#8220;all&#8220; conditional_logic=&#8220;off&#8220; conditional_logic_relation=&#8220;off&#8220; conditional_logic_rules=&#8220;%91{%22field%22:%22prenume%22,%22condition%22:%22is%22,%22value%22:%22%22}%93&#8243; link_option_url_new_window=&#8220;off&#8220; use_background_color_gradient=&#8220;off&#8220; background_color_gradient_start=&#8220;#2b87da&#8220; background_color_gradient_end=&#8220;#29c4a9&#8243; background_color_gradient_type=&#8220;linear&#8220; background_color_gradient_direction=&#8220;180deg&#8220; background_color_gradient_direction_radial=&#8220;center&#8220; background_color_gradient_start_position=&#8220;0%&#8220; background_color_gradient_end_position=&#8220;100%&#8220; background_color_gradient_overlays_image=&#8220;off&#8220; parallax=&#8220;off&#8220; parallax_method=&#8220;on&#8220; background_size=&#8220;cover&#8220; background_position=&#8220;center&#8220; background_repeat=&#8220;no-repeat&#8220; background_blend=&#8220;normal&#8220; allow_player_pause=&#8220;off&#8220; background_video_pause_outside_viewport=&#8220;on&#8220; form_field_text_shadow_style=&#8220;none&#8220; box_shadow_style=&#8220;none&#8220; hover_transition_duration=&#8220;300ms&#8220; hover_transition_delay=&#8220;0ms&#8220; hover_transition_speed_curve=&#8220;ease&#8220; form_field_text_shadow_horizontal_length=&#8220;0em&#8220; form_field_text_shadow_vertical_length=&#8220;0em&#8220; form_field_text_shadow_blur_strength=&#8220;0em&#8220; \/][et_pb_contact_field field_title=&#8220;Prenume soldat&#8220; field_type=&#8220;input&#8220; field_id=&#8220;Prenume&#8220; required_mark=&#8220;on&#8220; fullwidth_field=&#8220;off&#8220; _builder_version=&#8220;3.21.1&#8243; checkbox_checked=&#8220;off&#8220; checkbox_options=&#8220;%91{%22value%22:%22Nume%22,%22checked%22:0}%93&#8243; radio_options=&#8220;%91{%22value%22:%22Nume%22,%22checked%22:0}%93&#8243; select_options=&#8220;%91{%22value%22:%22Nume%22,%22checked%22:0}%93&#8243; min_length=&#8220;0&#8243; max_length=&#8220;0&#8243; allowed_symbols=&#8220;all&#8220; conditional_logic=&#8220;off&#8220; conditional_logic_relation=&#8220;off&#8220; conditional_logic_rules=&#8220;%91{%22field%22:%22nume%22,%22condition%22:%22is%22,%22value%22:%22%22}%93&#8243; link_option_url_new_window=&#8220;off&#8220; use_background_color_gradient=&#8220;off&#8220; background_color_gradient_start=&#8220;#2b87da&#8220; background_color_gradient_end=&#8220;#29c4a9&#8243; background_color_gradient_type=&#8220;linear&#8220; background_color_gradient_direction=&#8220;180deg&#8220; background_color_gradient_direction_radial=&#8220;center&#8220; background_color_gradient_start_position=&#8220;0%&#8220; background_color_gradient_end_position=&#8220;100%&#8220; background_color_gradient_overlays_image=&#8220;off&#8220; parallax=&#8220;off&#8220; parallax_method=&#8220;on&#8220; background_size=&#8220;cover&#8220; background_position=&#8220;center&#8220; background_repeat=&#8220;no-repeat&#8220; background_blend=&#8220;normal&#8220; allow_player_pause=&#8220;off&#8220; background_video_pause_outside_viewport=&#8220;on&#8220; form_field_text_shadow_style=&#8220;none&#8220; box_shadow_style=&#8220;none&#8220; hover_transition_duration=&#8220;300ms&#8220; hover_transition_delay=&#8220;0ms&#8220; hover_transition_speed_curve=&#8220;ease&#8220; form_field_text_shadow_horizontal_length=&#8220;0em&#8220; form_field_text_shadow_vertical_length=&#8220;0em&#8220; form_field_text_shadow_blur_strength=&#8220;0em&#8220; \/][et_pb_contact_field field_title=&#8220;Locul \u00eenhum\u0103rii&#8220; field_type=&#8220;input&#8220; field_id=&#8220;Locul_\u00eenhum\u0103rii&#8220; required_mark=&#8220;on&#8220; fullwidth_field=&#8220;off&#8220; _builder_version=&#8220;3.21.1&#8243; checkbox_checked=&#8220;off&#8220; checkbox_options=&#8220;%91{%22value%22:%22Nume%22,%22checked%22:0}%93&#8243; radio_options=&#8220;%91{%22value%22:%22Nume%22,%22checked%22:0}%93&#8243; select_options=&#8220;%91{%22value%22:%22Nume%22,%22checked%22:0}%93&#8243; min_length=&#8220;0&#8243; max_length=&#8220;0&#8243; allowed_symbols=&#8220;all&#8220; conditional_logic=&#8220;off&#8220; conditional_logic_relation=&#8220;off&#8220; conditional_logic_rules=&#8220;%91{%22field%22:%22name%22,%22condition%22:%22is%22,%22value%22:%22%22}%93&#8243; link_option_url_new_window=&#8220;off&#8220; use_background_color_gradient=&#8220;off&#8220; background_color_gradient_start=&#8220;#2b87da&#8220; background_color_gradient_end=&#8220;#29c4a9&#8243; background_color_gradient_type=&#8220;linear&#8220; background_color_gradient_direction=&#8220;180deg&#8220; background_color_gradient_direction_radial=&#8220;center&#8220; background_color_gradient_start_position=&#8220;0%&#8220; background_color_gradient_end_position=&#8220;100%&#8220; background_color_gradient_overlays_image=&#8220;off&#8220; parallax=&#8220;off&#8220; parallax_method=&#8220;on&#8220; background_size=&#8220;cover&#8220; background_position=&#8220;center&#8220; background_repeat=&#8220;no-repeat&#8220; background_blend=&#8220;normal&#8220; allow_player_pause=&#8220;off&#8220; background_video_pause_outside_viewport=&#8220;on&#8220; form_field_text_shadow_style=&#8220;none&#8220; box_shadow_style=&#8220;none&#8220; hover_transition_duration=&#8220;300ms&#8220; hover_transition_delay=&#8220;0ms&#8220; hover_transition_speed_curve=&#8220;ease&#8220; \/][et_pb_contact_field field_title=&#8220;Cimitir sau Memorial&#8220; field_type=&#8220;input&#8220; field_id=&#8220;Cimitir_sau_Memorial&#8220; required_mark=&#8220;on&#8220; fullwidth_field=&#8220;off&#8220; _builder_version=&#8220;3.21.1&#8243; checkbox_checked=&#8220;off&#8220; checkbox_options=&#8220;%91{%22value%22:%22Nume%22,%22checked%22:0}%93&#8243; radio_options=&#8220;%91{%22value%22:%22Nume%22,%22checked%22:0}%93&#8243; select_options=&#8220;%91{%22value%22:%22Nume%22,%22checked%22:0}%93&#8243; min_length=&#8220;0&#8243; max_length=&#8220;0&#8243; allowed_symbols=&#8220;all&#8220; conditional_logic=&#8220;off&#8220; conditional_logic_relation=&#8220;off&#8220; conditional_logic_rules=&#8220;%91{%22field%22:%22name%22,%22condition%22:%22is%22,%22value%22:%22%22}%93&#8243; link_option_url_new_window=&#8220;off&#8220; use_background_color_gradient=&#8220;off&#8220; background_color_gradient_start=&#8220;#2b87da&#8220; background_color_gradient_end=&#8220;#29c4a9&#8243; background_color_gradient_type=&#8220;linear&#8220; background_color_gradient_direction=&#8220;180deg&#8220; background_color_gradient_direction_radial=&#8220;center&#8220; background_color_gradient_start_position=&#8220;0%&#8220; background_color_gradient_end_position=&#8220;100%&#8220; background_color_gradient_overlays_image=&#8220;off&#8220; parallax=&#8220;off&#8220; parallax_method=&#8220;on&#8220; background_size=&#8220;cover&#8220; background_position=&#8220;center&#8220; background_repeat=&#8220;no-repeat&#8220; background_blend=&#8220;normal&#8220; allow_player_pause=&#8220;off&#8220; background_video_pause_outside_viewport=&#8220;on&#8220; form_field_text_shadow_style=&#8220;none&#8220; box_shadow_style=&#8220;none&#8220; hover_transition_duration=&#8220;300ms&#8220; hover_transition_delay=&#8220;0ms&#8220; hover_transition_speed_curve=&#8220;ease&#8220; \/][et_pb_contact_field field_title=&#8220;Num\u0103r de identificare&#8220; field_type=&#8220;input&#8220; field_id=&#8220;Num\u0103r_de_identificare&#8220; required_mark=&#8220;on&#8220; fullwidth_field=&#8220;off&#8220; _builder_version=&#8220;3.21.1&#8243; checkbox_checked=&#8220;off&#8220; checkbox_options=&#8220;%91{%22value%22:%22Adres\u0103 Email%22,%22checked%22:0}%93&#8243; radio_options=&#8220;%91{%22value%22:%22Adres\u0103 Email%22,%22checked%22:0}%93&#8243; select_options=&#8220;%91{%22value%22:%22Adres\u0103 Email%22,%22checked%22:0}%93&#8243; min_length=&#8220;0&#8243; max_length=&#8220;0&#8243; allowed_symbols=&#8220;all&#8220; conditional_logic=&#8220;off&#8220; conditional_logic_relation=&#8220;off&#8220; conditional_logic_rules=&#8220;%91{%22field%22:%22name%22,%22condition%22:%22is%22,%22value%22:%22%22}%93&#8243; link_option_url_new_window=&#8220;off&#8220; use_background_color_gradient=&#8220;off&#8220; background_color_gradient_start=&#8220;#2b87da&#8220; background_color_gradient_end=&#8220;#29c4a9&#8243; background_color_gradient_type=&#8220;linear&#8220; background_color_gradient_direction=&#8220;180deg&#8220; background_color_gradient_direction_radial=&#8220;center&#8220; background_color_gradient_start_position=&#8220;0%&#8220; background_color_gradient_end_position=&#8220;100%&#8220; background_color_gradient_overlays_image=&#8220;off&#8220; parallax=&#8220;off&#8220; parallax_method=&#8220;on&#8220; background_size=&#8220;cover&#8220; background_position=&#8220;center&#8220; background_repeat=&#8220;no-repeat&#8220; background_blend=&#8220;normal&#8220; allow_player_pause=&#8220;off&#8220; background_video_pause_outside_viewport=&#8220;on&#8220; form_field_text_shadow_style=&#8220;none&#8220; box_shadow_style=&#8220;none&#8220; hover_transition_duration=&#8220;300ms&#8220; hover_transition_delay=&#8220;0ms&#8220; hover_transition_speed_curve=&#8220;ease&#8220; \/][et_pb_contact_field field_title=&#8220;Regiment&#8220; field_type=&#8220;input&#8220; field_id=&#8220;Regiment&#8220; required_mark=&#8220;on&#8220; fullwidth_field=&#8220;off&#8220; _builder_version=&#8220;3.21.1&#8243; checkbox_checked=&#8220;off&#8220; checkbox_options=&#8220;%91{%22value%22:%22Adres\u0103 Email%22,%22checked%22:0}%93&#8243; radio_options=&#8220;%91{%22value%22:%22Adres\u0103 Email%22,%22checked%22:0}%93&#8243; select_options=&#8220;%91{%22value%22:%22Adres\u0103 Email%22,%22checked%22:0}%93&#8243; min_length=&#8220;0&#8243; max_length=&#8220;0&#8243; allowed_symbols=&#8220;all&#8220; conditional_logic=&#8220;off&#8220; conditional_logic_relation=&#8220;off&#8220; conditional_logic_rules=&#8220;%91{%22field%22:%22name%22,%22condition%22:%22is%22,%22value%22:%22%22}%93&#8243; link_option_url_new_window=&#8220;off&#8220; use_background_color_gradient=&#8220;off&#8220; background_color_gradient_start=&#8220;#2b87da&#8220; background_color_gradient_end=&#8220;#29c4a9&#8243; background_color_gradient_type=&#8220;linear&#8220; background_color_gradient_direction=&#8220;180deg&#8220; background_color_gradient_direction_radial=&#8220;center&#8220; background_color_gradient_start_position=&#8220;0%&#8220; background_color_gradient_end_position=&#8220;100%&#8220; background_color_gradient_overlays_image=&#8220;off&#8220; parallax=&#8220;off&#8220; parallax_method=&#8220;on&#8220; background_size=&#8220;cover&#8220; background_position=&#8220;center&#8220; background_repeat=&#8220;no-repeat&#8220; background_blend=&#8220;normal&#8220; allow_player_pause=&#8220;off&#8220; background_video_pause_outside_viewport=&#8220;on&#8220; form_field_text_shadow_style=&#8220;none&#8220; box_shadow_style=&#8220;none&#8220; hover_transition_duration=&#8220;300ms&#8220; hover_transition_delay=&#8220;0ms&#8220; hover_transition_speed_curve=&#8220;ease&#8220; \/][et_pb_contact_field field_title=&#8220;Primul R\u0103zboi Mondial&#8220; field_type=&#8220;checkbox&#8220; field_id=&#8220;Primul_R\u0103zboi_Mondial&#8220; required_mark=&#8220;on&#8220; fullwidth_field=&#8220;off&#8220; _builder_version=&#8220;3.21.1&#8243; checkbox_checked=&#8220;off&#8220; checkbox_options=&#8220;%91{%22value%22:%22bifare%22,%22checked%22:0}%93&#8243; radio_options=&#8220;%91{%22value%22:%22Adres\u0103 Email%22,%22checked%22:0}%93&#8243; select_options=&#8220;%91{%22value%22:%22Adres\u0103 Email%22,%22checked%22:0}%93&#8243; min_length=&#8220;0&#8243; max_length=&#8220;0&#8243; allowed_symbols=&#8220;all&#8220; conditional_logic=&#8220;off&#8220; conditional_logic_relation=&#8220;off&#8220; conditional_logic_rules=&#8220;%91{%22field%22:%22name%22,%22condition%22:%22is%22,%22value%22:%22%22}%93&#8243; link_option_url_new_window=&#8220;off&#8220; use_background_color_gradient=&#8220;off&#8220; background_color_gradient_start=&#8220;#2b87da&#8220; background_color_gradient_end=&#8220;#29c4a9&#8243; background_color_gradient_type=&#8220;linear&#8220; background_color_gradient_direction=&#8220;180deg&#8220; background_color_gradient_direction_radial=&#8220;center&#8220; background_color_gradient_start_position=&#8220;0%&#8220; background_color_gradient_end_position=&#8220;100%&#8220; background_color_gradient_overlays_image=&#8220;off&#8220; parallax=&#8220;off&#8220; parallax_method=&#8220;on&#8220; background_size=&#8220;cover&#8220; background_position=&#8220;center&#8220; background_repeat=&#8220;no-repeat&#8220; background_blend=&#8220;normal&#8220; allow_player_pause=&#8220;off&#8220; background_video_pause_outside_viewport=&#8220;on&#8220; form_field_text_shadow_style=&#8220;none&#8220; box_shadow_style=&#8220;none&#8220; hover_transition_duration=&#8220;300ms&#8220; hover_transition_delay=&#8220;0ms&#8220; hover_transition_speed_curve=&#8220;ease&#8220; \/][et_pb_contact_field field_title=&#8220;Al Doilea R\u0103zboi Mondial&#8220; field_type=&#8220;checkbox&#8220; field_id=&#8220;Al_Doilea_R\u0103zboi_Mondial&#8220; required_mark=&#8220;on&#8220; fullwidth_field=&#8220;off&#8220; _builder_version=&#8220;3.21.1&#8243; checkbox_checked=&#8220;off&#8220; checkbox_options=&#8220;%91{%22value%22:%22Bifare%22,%22checked%22:0}%93&#8243; radio_options=&#8220;%91{%22value%22:%22Adres\u0103 Email%22,%22checked%22:0}%93&#8243; select_options=&#8220;%91{%22value%22:%22Adres\u0103 Email%22,%22checked%22:0}%93&#8243; min_length=&#8220;0&#8243; max_length=&#8220;0&#8243; allowed_symbols=&#8220;all&#8220; conditional_logic=&#8220;off&#8220; conditional_logic_relation=&#8220;off&#8220; conditional_logic_rules=&#8220;%91{%22field%22:%22name%22,%22condition%22:%22is%22,%22value%22:%22%22}%93&#8243; link_option_url_new_window=&#8220;off&#8220; use_background_color_gradient=&#8220;off&#8220; background_color_gradient_start=&#8220;#2b87da&#8220; background_color_gradient_end=&#8220;#29c4a9&#8243; background_color_gradient_type=&#8220;linear&#8220; background_color_gradient_direction=&#8220;180deg&#8220; background_color_gradient_direction_radial=&#8220;center&#8220; background_color_gradient_start_position=&#8220;0%&#8220; background_color_gradient_end_position=&#8220;100%&#8220; background_color_gradient_overlays_image=&#8220;off&#8220; parallax=&#8220;off&#8220; parallax_method=&#8220;on&#8220; background_size=&#8220;cover&#8220; background_position=&#8220;center&#8220; background_repeat=&#8220;no-repeat&#8220; background_blend=&#8220;normal&#8220; allow_player_pause=&#8220;off&#8220; background_video_pause_outside_viewport=&#8220;on&#8220; form_field_text_shadow_style=&#8220;none&#8220; box_shadow_style=&#8220;none&#8220; hover_transition_duration=&#8220;300ms&#8220; hover_transition_delay=&#8220;0ms&#8220; hover_transition_speed_curve=&#8220;ease&#8220; \/][\/et_pb_contact_form][\/et_pb_column][\/et_pb_row][et_pb_row][et_pb_column type=&#8220;4_4&#8243;][et_pb_divider _builder_version=&#8220;3.21.1&#8243; z_index_tablet=&#8220;500&#8243; \/][\/et_pb_column][\/et_pb_row][\/et_pb_section][et_pb_section bb_built=&#8220;1&#8243; admin_label=&#8220;CTA&#8220; _builder_version=&#8220;3.21.1&#8243; background_color_gradient_start=&#8220;#002147&#8243; background_color_gradient_end=&#8220;rgba(255,208,136,0.84)&#8220; background_color_gradient_end_position=&#8220;70%&#8220; background_color_gradient_overlays_image=&#8220;on&#8220; custom_margin=&#8220;|||&#8220; custom_padding=&#8220;||0px||false&#8220; z_index_tablet=&#8220;500&#8243; background_color=&#8220;#002147&#8243; gutter_width=&#8220;2&#8243; prev_background_color=&#8220;#ffffff&#8220;][et_pb_row _builder_version=&#8220;3.21.1&#8243;][et_pb_column type=&#8220;4_4&#8243;][et_pb_image admin_label=&#8220;LOGO STINDARD SUBSOL&#8220; _builder_version=&#8220;3.21.1&#8243; src=&#8220;https:\/\/stindard.ro\/wp-content\/uploads\/2019\/03\/Logo-transparent_Asociatia-STINDARD_ro_100x116.png&#8220; z_index_tablet=&#8220;500&#8243; align=&#8220;center&#8220; \/][\/et_pb_column][\/et_pb_row][\/et_pb_section]<\/p>\n","protected":false},"excerpt":{"rendered":"<p>\u00a0\u00a0\u00a0 <div class=\"et_pb_row et_pb_row_0 et_pb_row_empty\">\n\t\t\t\t\n\t\t\t\t\n\t\t\t\t\n\t\t\t<\/div> PROJEKT IN DER ENTWICKLUNG\u2026Suche und Identifizierung Kriegshelden <div class=\"et_pb_row et_pb_row_1 et_pb_row_empty\">\n\t\t\t\t\n\t\t\t\t\n\t\t\t\t\n\t\t\t<\/div><\/p>\n","protected":false},"author":2,"featured_media":0,"parent":0,"menu_order":0,"comment_status":"closed","ping_status":"closed","template":"","meta":{"_et_pb_use_builder":"on","_et_pb_old_content":"","_et_gb_content_width":""},"_links":{"self":[{"href":"https:\/\/stindard.ro\/de\/wp-json\/wp\/v2\/pages\/2006"}],"collection":[{"href":"https:\/\/stindard.ro\/de\/wp-json\/wp\/v2\/pages"}],"about":[{"href":"https:\/\/stindard.ro\/de\/wp-json\/wp\/v2\/types\/page"}],"author":[{"embeddable":true,"href":"https:\/\/stindard.ro\/de\/wp-json\/wp\/v2\/users\/2"}],"replies":[{"embeddable":true,"href":"https:\/\/stindard.ro\/de\/wp-json\/wp\/v2\/comments?post=2006"}],"version-history":[{"count":6,"href":"https:\/\/stindard.ro\/de\/wp-json\/wp\/v2\/pages\/2006\/revisions"}],"predecessor-version":[{"id":2351,"href":"https:\/\/stindard.ro\/de\/wp-json\/wp\/v2\/pages\/2006\/revisions\/2351"}],"wp:attachment":[{"href":"https:\/\/stindard.ro\/de\/wp-json\/wp\/v2\/media?parent=2006"}],"curies":[{"name":"wp","href":"https:\/\/api.w.org\/{rel}","templated":true}]}}