{"id":1106,"date":"2019-04-06T07:00:17","date_gmt":"2019-04-06T07:00:17","guid":{"rendered":"http:\/\/hosting-super.eu\/siteuri\/sitedorian\/?page_id=1106"},"modified":"2020-07-05T22:21:22","modified_gmt":"2020-07-05T19:21:22","slug":"harta-site","status":"publish","type":"page","link":"https:\/\/stindard.ro\/en\/harta-site\/","title":{"rendered":"SITE MAP"},"content":{"rendered":"<p>[et_pb_section bb_built=&#8221;1&#8243; fullwidth=&#8221;on&#8221; next_background_color=&#8221;#ffffff&#8221; _builder_version=&#8221;3.19.3&#8243; background_image=&#8221;http:\/\/hosting-super.eu\/siteuri\/sitedorian\/wp-content\/uploads\/2019\/03\/life-coach-09.jpg&#8221; module_alignment=&#8221;center&#8221; bottom_divider_style=&#8221;slant&#8221; bottom_divider_flip=&#8221;horizontal&#8221; animation_direction=&#8221;top&#8221; z_index_tablet=&#8221;500&#8243;][et_pb_fullwidth_header admin_label=&#8221;SITE MAP&#8221; title=&#8221;SITE MAP&#8221; text_orientation=&#8221;center&#8221; header_scroll_down=&#8221;on&#8221; scroll_down_icon=&#8221;%%9%%&#8221; scroll_down_icon_size=&#8221;44px&#8221; background_overlay_color=&#8221;rgba(247,247,247,0)&#8221; _builder_version=&#8221;3.19.3&#8243; title_font=&#8221;alatsi|100||on|||||&#8221; title_text_align=&#8221;center&#8221; title_text_color=&#8221;#ffffff&#8221; title_font_size=&#8221;52px&#8221; title_font_size_tablet=&#8221;36px&#8221; title_font_size_phone=&#8221;28px&#8221; title_font_size_last_edited=&#8221;on|desktop&#8221; title_line_height=&#8221;1.5em&#8221; title_text_shadow_style=&#8221;preset2&#8243; content_font=&#8221;alatsi|100|||||||&#8221; content_text_align=&#8221;center&#8221; content_text_color=&#8221;#ffffff&#8221; content_line_height=&#8221;1.8em&#8221; content_text_shadow_style=&#8221;preset2&#8243; subhead_font=&#8221;alatsi|300||on|||||&#8221; subhead_text_align=&#8221;center&#8221; subhead_line_height=&#8221;1.5em&#8221; background_color=&#8221;rgba(251,188,5,0)&#8221; background_image=&#8221;https:\/\/stindard.ro\/wp-content\/uploads\/2020\/04\/stindard-ro_albastru-galben-rosu.jpg&#8221; parallax=&#8221;on&#8221; custom_button_two=&#8221;on&#8221; button_two_text_color=&#8221;#002147&#8243; button_two_bg_color=&#8221;#ffffff&#8221; button_two_border_color=&#8221;#ffffff&#8221; button_two_border_radius=&#8221;30&#8243; button_two_font=&#8221;alatsi|||on|||||&#8221; button_two_icon=&#8221;%%3%%&#8221; button_two_icon_color=&#8221;#002147&#8243; custom_button_one=&#8221;on&#8221; button_one_text_size=&#8221;18&#8243; button_one_text_color=&#8221;#002147&#8243; button_one_bg_color=&#8221;#ffffff&#8221; button_one_border_width=&#8221;3&#8243; button_one_border_color=&#8221;#ffffff&#8221; button_one_border_radius=&#8221;50&#8243; button_one_font=&#8221;alatsi|||on|||||&#8221; button_one_icon=&#8221;%%3%%&#8221; button_one_icon_color=&#8221;#002147&#8243; custom_margin=&#8221;|||&#8221; custom_padding=&#8221;5vw||150px||false&#8221; z_index_tablet=&#8221;500&#8243; text_shadow_style=&#8221;preset2&#8243; text_shadow_blur_strength=&#8221;0.16em&#8221; button_one_text_size__hover_enabled=&#8221;off&#8221; button_one_text_size__hover=&#8221;null&#8221; button_two_text_size__hover_enabled=&#8221;off&#8221; button_two_text_size__hover=&#8221;null&#8221; button_one_text_color__hover_enabled=&#8221;off&#8221; button_one_text_color__hover=&#8221;null&#8221; button_two_text_color__hover_enabled=&#8221;off&#8221; button_two_text_color__hover=&#8221;null&#8221; button_one_border_width__hover_enabled=&#8221;off&#8221; button_one_border_width__hover=&#8221;null&#8221; button_two_border_width__hover_enabled=&#8221;off&#8221; button_two_border_width__hover=&#8221;null&#8221; button_one_border_color__hover_enabled=&#8221;off&#8221; button_one_border_color__hover=&#8221;null&#8221; button_two_border_color__hover_enabled=&#8221;off&#8221; button_two_border_color__hover=&#8221;null&#8221; button_one_border_radius__hover_enabled=&#8221;off&#8221; button_one_border_radius__hover=&#8221;null&#8221; button_two_border_radius__hover_enabled=&#8221;off&#8221; button_two_border_radius__hover=&#8221;null&#8221; button_one_letter_spacing__hover_enabled=&#8221;off&#8221; button_one_letter_spacing__hover=&#8221;null&#8221; button_two_letter_spacing__hover_enabled=&#8221;off&#8221; button_two_letter_spacing__hover=&#8221;null&#8221; button_one_bg_color__hover_enabled=&#8221;off&#8221; button_one_bg_color__hover=&#8221;null&#8221; button_two_bg_color__hover_enabled=&#8221;off&#8221; button_two_bg_color__hover=&#8221;null&#8221; button_two_text_size=&#8221;18&#8243; title_letter_spacing=&#8221;2px&#8221; content_letter_spacing=&#8221;1px&#8221; subhead_letter_spacing=&#8221;2px&#8221; background_color_gradient_start=&#8221;rgba(43,135,218,0)&#8221; background_color_gradient_end=&#8221;#000c3a&#8221; background_color_gradient_start_position=&#8221;10%&#8221; background_color_gradient_end_position=&#8221;60%&#8221; mix_blend_mode=&#8221;darken&#8221;]<\/p>\n<p style=\"text-align: center;\">\u00a0<\/p>\n<p>\u00a0<\/p>\n<p>\u00a0<\/p>\n<p>[\/et_pb_fullwidth_header][\/et_pb_section][et_pb_section bb_built=&#8221;1&#8243; admin_label=&#8221;Contact Section&#8221; next_background_color=&#8221;#305390&#8243; _builder_version=&#8221;3.21.1&#8243; custom_padding=&#8221;54px|0px|0|0px|false|false&#8221; bottom_divider_style=&#8221;slant&#8221; bottom_divider_flip=&#8221;horizontal&#8221; bottom_divider_arrangement=&#8221;above_content&#8221; z_index_tablet=&#8221;500&#8243; prev_background_color=&#8221;#000000&#8243;][et_pb_row _builder_version=&#8221;3.0.48&#8243; background_size=&#8221;initial&#8221; background_position=&#8221;top_left&#8221; background_repeat=&#8221;repeat&#8221;][et_pb_column type=&#8221;4_4&#8243;][et_pb_text _builder_version=&#8221;3.21.1&#8243; z_index_tablet=&#8221;500&#8243;]<\/p>\n<h1>Aceasta sec\u021biune se genereaz\u0103 dup\u0103 realizarea complet\u0103 a site-ului stindard.ro<\/h1>\n<\/p>\n<\/p>\n<\/p>\n<\/p>\n<p>[\/et_pb_text][\/et_pb_column][\/et_pb_row][\/et_pb_section][et_pb_section bb_built=&#8221;1&#8243; admin_label=&#8221;Contact Section&#8221; _builder_version=&#8221;3.21.1&#8243; custom_padding=&#8221;54px|0px|0|0px|false|false&#8221; bottom_divider_style=&#8221;slant&#8221; bottom_divider_flip=&#8221;horizontal&#8221; bottom_divider_arrangement=&#8221;above_content&#8221; z_index_tablet=&#8221;500&#8243; background_color=&#8221;#305390&#8243; prev_background_color=&#8221;#ffffff&#8221;][et_pb_row admin_label=&#8221;Contact Area&#8221; _builder_version=&#8221;3.21.1&#8243; z_index_tablet=&#8221;500&#8243;][et_pb_column type=&#8221;2_3&#8243;][et_pb_text _builder_version=&#8221;3.21.1&#8243; text_font=&#8221;Lato||||||||&#8221; text_font_size=&#8221;18px&#8221; text_line_height=&#8221;1.8em&#8221; header_2_font=&#8221;Lato|700|||||||&#8221; header_2_font_size=&#8221;30px&#8221; header_2_font_size_phone=&#8221;22px&#8221; header_2_font_size_last_edited=&#8221;on|phone&#8221; header_2_letter_spacing=&#8221;1px&#8221; header_2_line_height=&#8221;1.5em&#8221; animation_style=&#8221;slide&#8221; animation_direction=&#8221;bottom&#8221; animation_intensity_slide=&#8221;5%&#8221; locked=&#8221;off&#8221; background_layout=&#8221;dark&#8221; z_index_tablet=&#8221;500&#8243;]<\/p>\n<h2>Modul Sec\u021biune<\/h2>\n<p>[\/et_pb_text][\/et_pb_column][et_pb_column type=&#8221;1_3&#8243;][et_pb_text _builder_version=&#8221;3.21.1&#8243; text_font=&#8221;Lato||||||||&#8221; text_font_size=&#8221;18px&#8221; text_line_height=&#8221;1.8em&#8221; header_2_font=&#8221;Lato|700|||||||&#8221; header_2_font_size=&#8221;30px&#8221; header_2_font_size_phone=&#8221;22px&#8221; header_2_font_size_last_edited=&#8221;on|phone&#8221; header_2_letter_spacing=&#8221;1px&#8221; header_2_line_height=&#8221;1.5em&#8221; animation_style=&#8221;slide&#8221; animation_direction=&#8221;bottom&#8221; animation_intensity_slide=&#8221;5%&#8221; locked=&#8221;off&#8221; background_layout=&#8221;dark&#8221; z_index_tablet=&#8221;500&#8243;]<\/p>\n<h2>Modul Sec\u021biune<\/h2>\n<p>[\/et_pb_text][\/et_pb_column][\/et_pb_row][et_pb_row][et_pb_column type=&#8221;4_4&#8243;][et_pb_divider _builder_version=&#8221;3.21.1&#8243; show_divider=&#8221;off&#8221; z_index_tablet=&#8221;500&#8243; \/][\/et_pb_column][\/et_pb_row][\/et_pb_section]<\/p>\n","protected":false},"excerpt":{"rendered":"<p>\u00a0\u00a0\u00a0 Aceasta sec\u021biune se genereaz\u0103 dup\u0103 realizarea complet\u0103 a site-ului stindard.ro Modul Sec\u021biune Modul Sec\u021biune <div class=\"et_pb_row et_pb_row_0 et_pb_row_empty\">\n\t\t\t\t\n\t\t\t\t\n\t\t\t\t\n\t\t\t<\/div><\/p>\n","protected":false},"author":2,"featured_media":0,"parent":0,"menu_order":0,"comment_status":"closed","ping_status":"closed","template":"","meta":{"_et_pb_use_builder":"on","_et_pb_old_content":"","_et_gb_content_width":""},"_links":{"self":[{"href":"https:\/\/stindard.ro\/en\/wp-json\/wp\/v2\/pages\/1106"}],"collection":[{"href":"https:\/\/stindard.ro\/en\/wp-json\/wp\/v2\/pages"}],"about":[{"href":"https:\/\/stindard.ro\/en\/wp-json\/wp\/v2\/types\/page"}],"author":[{"embeddable":true,"href":"https:\/\/stindard.ro\/en\/wp-json\/wp\/v2\/users\/2"}],"replies":[{"embeddable":true,"href":"https:\/\/stindard.ro\/en\/wp-json\/wp\/v2\/comments?post=1106"}],"version-history":[{"count":7,"href":"https:\/\/stindard.ro\/en\/wp-json\/wp\/v2\/pages\/1106\/revisions"}],"predecessor-version":[{"id":2374,"href":"https:\/\/stindard.ro\/en\/wp-json\/wp\/v2\/pages\/1106\/revisions\/2374"}],"wp:attachment":[{"href":"https:\/\/stindard.ro\/en\/wp-json\/wp\/v2\/media?parent=1106"}],"curies":[{"name":"wp","href":"https:\/\/api.w.org\/{rel}","templated":true}]}}