{"id":1406,"date":"2020-03-15T20:20:20","date_gmt":"2020-03-15T20:20:20","guid":{"rendered":"http:\/\/hosting-super.eu\/siteuri\/sitedorian\/?page_id=1404"},"modified":"2020-07-05T22:46:17","modified_gmt":"2020-07-05T19:46:17","slug":"museion","status":"publish","type":"page","link":"https:\/\/stindard.ro\/en\/museion\/","title":{"rendered":"Museion"},"content":{"rendered":"<p>[et_pb_section bb_built=&#8221;1&#8243; fullwidth=&#8221;on&#8221; next_background_color=&#8221;#ffffff&#8221; _builder_version=&#8221;3.19.3&#8243; background_image=&#8221;http:\/\/hosting-super.eu\/siteuri\/sitedorian\/wp-content\/uploads\/2019\/03\/life-coach-09.jpg&#8221; module_alignment=&#8221;center&#8221; bottom_divider_style=&#8221;slant&#8221; bottom_divider_flip=&#8221;horizontal&#8221; animation_direction=&#8221;top&#8221; z_index_tablet=&#8221;500&#8243;][et_pb_fullwidth_header admin_label=&#8221;Museion&#8221; title=&#8221;Museion&#8221; text_orientation=&#8221;center&#8221; header_scroll_down=&#8221;on&#8221; scroll_down_icon=&#8221;%%9%%&#8221; scroll_down_icon_size=&#8221;44px&#8221; background_overlay_color=&#8221;rgba(247,247,247,0)&#8221; _builder_version=&#8221;3.19.3&#8243; title_font=&#8221;alatsi|100||on|||||&#8221; title_text_align=&#8221;center&#8221; title_text_color=&#8221;#ffffff&#8221; title_font_size=&#8221;52px&#8221; title_font_size_tablet=&#8221;36px&#8221; title_font_size_phone=&#8221;28px&#8221; title_font_size_last_edited=&#8221;on|desktop&#8221; title_line_height=&#8221;1.5em&#8221; title_text_shadow_style=&#8221;preset2&#8243; content_font=&#8221;alatsi|100|||||||&#8221; content_text_align=&#8221;center&#8221; content_text_color=&#8221;#ffffff&#8221; content_line_height=&#8221;1.8em&#8221; content_text_shadow_style=&#8221;preset2&#8243; subhead_font=&#8221;alatsi|300||on|||||&#8221; subhead_text_align=&#8221;center&#8221; subhead_line_height=&#8221;1.5em&#8221; background_color=&#8221;rgba(251,188,5,0)&#8221; background_image=&#8221;https:\/\/stindard.ro\/wp-content\/uploads\/2020\/04\/stindard-ro_albastru-galben-rosu.jpg&#8221; parallax=&#8221;on&#8221; custom_button_two=&#8221;on&#8221; button_two_text_color=&#8221;#002147&#8243; button_two_bg_color=&#8221;#ffffff&#8221; button_two_border_color=&#8221;#ffffff&#8221; button_two_border_radius=&#8221;30&#8243; button_two_font=&#8221;alatsi|||on|||||&#8221; button_two_icon=&#8221;%%3%%&#8221; button_two_icon_color=&#8221;#002147&#8243; custom_button_one=&#8221;on&#8221; button_one_text_size=&#8221;18&#8243; button_one_text_color=&#8221;#002147&#8243; button_one_bg_color=&#8221;#ffffff&#8221; button_one_border_width=&#8221;3&#8243; button_one_border_color=&#8221;#ffffff&#8221; button_one_border_radius=&#8221;50&#8243; button_one_font=&#8221;alatsi|||on|||||&#8221; button_one_icon=&#8221;%%3%%&#8221; button_one_icon_color=&#8221;#002147&#8243; custom_margin=&#8221;|||&#8221; custom_padding=&#8221;5vw||150px||false&#8221; z_index_tablet=&#8221;500&#8243; text_shadow_style=&#8221;preset2&#8243; text_shadow_blur_strength=&#8221;0.16em&#8221; button_one_text_size__hover_enabled=&#8221;off&#8221; button_one_text_size__hover=&#8221;null&#8221; button_two_text_size__hover_enabled=&#8221;off&#8221; button_two_text_size__hover=&#8221;null&#8221; button_one_text_color__hover_enabled=&#8221;off&#8221; button_one_text_color__hover=&#8221;null&#8221; button_two_text_color__hover_enabled=&#8221;off&#8221; button_two_text_color__hover=&#8221;null&#8221; button_one_border_width__hover_enabled=&#8221;off&#8221; button_one_border_width__hover=&#8221;null&#8221; button_two_border_width__hover_enabled=&#8221;off&#8221; button_two_border_width__hover=&#8221;null&#8221; button_one_border_color__hover_enabled=&#8221;off&#8221; button_one_border_color__hover=&#8221;null&#8221; button_two_border_color__hover_enabled=&#8221;off&#8221; button_two_border_color__hover=&#8221;null&#8221; button_one_border_radius__hover_enabled=&#8221;off&#8221; button_one_border_radius__hover=&#8221;null&#8221; button_two_border_radius__hover_enabled=&#8221;off&#8221; button_two_border_radius__hover=&#8221;null&#8221; button_one_letter_spacing__hover_enabled=&#8221;off&#8221; button_one_letter_spacing__hover=&#8221;null&#8221; button_two_letter_spacing__hover_enabled=&#8221;off&#8221; button_two_letter_spacing__hover=&#8221;null&#8221; button_one_bg_color__hover_enabled=&#8221;off&#8221; button_one_bg_color__hover=&#8221;null&#8221; button_two_bg_color__hover_enabled=&#8221;off&#8221; button_two_bg_color__hover=&#8221;null&#8221; button_two_text_size=&#8221;18&#8243; title_letter_spacing=&#8221;2px&#8221; content_letter_spacing=&#8221;1px&#8221; subhead_letter_spacing=&#8221;2px&#8221; background_color_gradient_start=&#8221;rgba(43,135,218,0)&#8221; background_color_gradient_end=&#8221;#000c3a&#8221; background_color_gradient_start_position=&#8221;10%&#8221; background_color_gradient_end_position=&#8221;60%&#8221; mix_blend_mode=&#8221;darken&#8221; subhead=&#8221;MUS\u00c9ES D&#8217;HISTOIRE, MUS\u00c9ES MILITAIRES, MUS\u00c9ES SP\u00c9CIALIS\u00c9S, ANNUAIRES DES MUS\u00c9ES, MONUMENTS HISTORIQUES&#8221; \/][\/et_pb_section][et_pb_section bb_built=&#8221;1&#8243; admin_label=&#8221;Contact Section&#8221; next_background_color=&#8221;#002147&#8243; _builder_version=&#8221;3.6&#8243; custom_padding=&#8221;54px|0px|0|0px|false|false&#8221; bottom_divider_style=&#8221;slant&#8221; bottom_divider_flip=&#8221;horizontal&#8221; bottom_divider_arrangement=&#8221;above_content&#8221; prev_background_color=&#8221;#000000&#8243;][et_pb_row _builder_version=&#8221;3.0.48&#8243; background_size=&#8221;initial&#8221; background_position=&#8221;top_left&#8221; background_repeat=&#8221;repeat&#8221;][et_pb_column type=&#8221;4_4&#8243;][et_pb_text _builder_version=&#8221;3.19.3&#8243; text_font_size=&#8221;16px&#8221; z_index_tablet=&#8221;500&#8243;]<\/p>\n<p style=\"text-align: center;\"><strong><span>Mus\u00e9es d&#8217;histoire<\/span><\/strong><\/p>\n<p style=\"text-align: center;\"><strong><a href=\"http:\/\/www.mnir.ro\/\" target=\"_blank\" rel=\"noopener noreferrer\"><span>Mus\u00e9e national d&#8217;histoire roumaine<\/span><\/a><span>\u00a0&#8211; Bucarest<\/span><\/strong><\/p>\n<p style=\"text-align: center;\"><a href=\"http:\/\/www.brukenthalmuseum.ro\/\" target=\"_blank\" rel=\"noopener noreferrer\"><span>Mus\u00e9e national Brukenthal<\/span><\/a><span>\u00a0&#8211;\u00a0<\/span><b><span>Sibiu<\/span><\/b><\/p>\n<p style=\"text-align: center;\"><a href=\"http:\/\/www.muzeulastra.ro\/\" target=\"_blank\" rel=\"noopener noreferrer\"><span>Complexe du mus\u00e9e national d&#8217;Astra<\/span><\/a><span>\u00a0&#8211;\u00a0<\/span><b><span>Sibiu<\/span><\/b><\/p>\n<p style=\"text-align: center;\"><a href=\"http:\/\/www.istoria-transilvaniei.ro\/\" target=\"_blank\" rel=\"noopener noreferrer\"><span>Mus\u00e9e national d&#8217;histoire de Transylvanie<\/span><\/a><span>\u00a0&#8211;\u00a0<\/span><b><span>Cluj-Napoca<\/span><\/b><\/p>\n<p style=\"text-align: center;\"><a href=\"http:\/\/www.muzeul-moldova.ro\/\" target=\"_blank\" rel=\"noopener noreferrer\"><span>Moldavie<\/span><\/a><span>\u00a0&#8211;\u00a0<b>Iasi\u00a0<\/b><a href=\"http:\/\/www.muzeul-moldova.ro\/\" target=\"_blank\" rel=\"noopener noreferrer\">National Museum Complex<\/a><\/span><b><\/b><\/p>\n<p style=\"text-align: center;\"><a href=\"http:\/\/www.muzeul-bran.ro\/\" target=\"_blank\" rel=\"noopener noreferrer\"><span>Mus\u00e9e du son<\/span><\/a><\/p>\n<p style=\"text-align: center;\"><strong><span>Mus\u00e9es militaires<\/span><\/strong><\/p>\n<p style=\"text-align: center;\"><span class=\"text_mic\"><strong><a href=\"http:\/\/muzeu.mapn.ro\/\" target=\"_blank\" rel=\"noopener noreferrer\"><span>Mus\u00e9e militaire national<\/span><\/a><span>\u00a0&#8211; Bucarest<\/span><\/strong><\/span><\/p>\n<p style=\"text-align: center;\"><a href=\"http:\/\/www.roaf.ro\/ro\/select.php?doc=muzeu\" target=\"_blank\" rel=\"noopener noreferrer\"><span>Mus\u00e9e de l&#8217;aviation<\/span><\/a><span>\u00a0&#8211;\u00a0<\/span><b><span>Bucarest<\/span><\/b><\/p>\n<p style=\"text-align: center;\"><a href=\"http:\/\/www.fortele-navale.ro\/cultura\/muzee\/mr\/index.html\" target=\"_blank\" rel=\"noopener noreferrer\"><span>Mus\u00e9e de la marine roumaine<\/span><\/a><span>\u00a0&#8211;\u00a0<\/span><b><span>Constanta<\/span><\/b><\/p>\n<p style=\"text-align: center;\"><a href=\"http:\/\/www.fortele-navale.ro\/cultura\/muzee\/anmb\/index.html\" target=\"_blank\" rel=\"noopener noreferrer\"><span>Mus\u00e9e de l&#8217;Acad\u00e9mie navale &#8220;Mircea cel Batr\u00e2n&#8221;<\/span><\/a><span>\u00a0&#8211;\u00a0<\/span><b><span>Constan\u021ba<\/span><\/b><\/p>\n<p style=\"text-align: center;\"><strong><span>Mus\u00e9es sp\u00e9cialis\u00e9s<\/span><\/strong><\/p>\n<p style=\"text-align: center;\"><strong><a href=\"http:\/\/www.cimec.ro\/Muzee\/ceasuri\/ceas.htm\" target=\"_blank\" rel=\"noopener noreferrer\"><span>Mus\u00e9e de l&#8217;horloge<\/span><\/a><span>\u00a0&#8211; Ploie\u015fti<\/span><\/strong><\/p>\n<p style=\"text-align: center;\"><strong><a href=\"http:\/\/www.itcnet.ro\/mtr\" target=\"_blank\" rel=\"noopener noreferrer\"><span>Mus\u00e9e du paysan roumain<\/span><\/a><span>\u00a0&#8211; Bucarest<\/span><\/strong><\/p>\n<p style=\"text-align: center;\"><strong><a href=\"http:\/\/www.muzeulsatului.ro\/\" target=\"_blank\" rel=\"noopener noreferrer\"><span>Mus\u00e9e national du village &#8220;Dimitrie Gusti&#8221;<\/span><\/a><span>\u00a0&#8211; Bucarest<\/span><\/strong><\/p>\n<p style=\"text-align: center;\"><strong><a href=\"http:\/\/www.antipa.ro\/\" target=\"_blank\" rel=\"noopener noreferrer\"><span>Mus\u00e9e national d&#8217;histoire naturelle de Grigore Antipa<\/span><\/a><span>\u00a0&#8211; Bucarest<\/span><\/strong><\/p>\n<p style=\"text-align: center;\"><strong><a href=\"http:\/\/www.harti-vechi.ro\/\" target=\"_blank\" rel=\"noopener noreferrer\"><span>Mus\u00e9e national des cartes et des livres anciens<\/span><\/a><\/strong><\/p>\n<p style=\"text-align: center;\"><strong><a href=\"http:\/\/www.sintec.ro\/muzeu\" target=\"_blank\" rel=\"noopener noreferrer\"><span>Mus\u00e9e de min\u00e9ralogie<\/span><\/a><span>\u00a0&#8211; Baia Mare<\/span><\/strong><\/p>\n<p style=\"text-align: center;\"><strong><a href=\"http:\/\/www.museum.ro\/\" target=\"_blank\" rel=\"noopener noreferrer\"><span>Mus\u00e9e national d&#8217;art de Roumanie<\/span><\/a><span>\u00a0&#8211; Bucarest<\/span><\/strong><\/p>\n<p style=\"text-align: center;\"><strong><a href=\"http:\/\/www.mlr.ro\/\" target=\"_blank\" rel=\"noopener noreferrer\"><span>Mus\u00e9e de la litt\u00e9rature roumaine<\/span><\/a><span>\u00a0&#8211; Bucarest<\/span><\/strong><\/p>\n<p style=\"text-align: center;\"><strong><a href=\"http:\/\/www.etnobrasov.ro\/\" target=\"_blank\" rel=\"noopener noreferrer\"><span>Mus\u00e9e d&#8217;ethnographie<\/span><\/a><span>\u00a0&#8211; Bra\u00baov<\/span><\/strong><\/p>\n<p style=\"text-align: center;\"><strong><a href=\"http:\/\/www.sintec.ro\/muz-pop\" target=\"_blank\" rel=\"noopener noreferrer\"><span>Mus\u00e9e du comt\u00e9 de Maramure\u00ba<\/span><\/a><span>\u00a0&#8211; Baia Mare, D\u00e9partement d&#8217;ethnographie et d&#8217;art\u00a0<a href=\"http:\/\/www.sintec.ro\/muz-pop\" target=\"_blank\" rel=\"noopener noreferrer\">populaire<\/a><\/span><\/strong><\/p>\n<p style=\"text-align: center;\"><strong><span>Directeurs de mus\u00e9e<\/span><\/strong><\/p>\n<p style=\"text-align: center;\"><span class=\"text_mic\"><strong><a href=\"http:\/\/www.cimec.ro\/scripts\/Muzee\/sel.asp\" target=\"_blank\" rel=\"noopener noreferrer\"><span>Index alphab\u00e9tique des mus\u00e9es et maisons comm\u00e9moratives en Roumanie<\/span><\/a><\/strong><\/span><\/p>\n<p style=\"text-align: center;\"><span class=\"text_mic\"><strong><a href=\"http:\/\/www.123world.com\/museumsandgalleries\/index.html\" target=\"_blank\" rel=\"noopener noreferrer\"><span>Index alphab\u00e9tique des sites des mus\u00e9es et galeries du monde<\/span><\/a><\/strong><\/span><\/p>\n<p style=\"text-align: center;\"><span class=\"text_mic\"><strong><a href=\"http:\/\/www.europeanmuseumguide.com\/\" target=\"_blank\" rel=\"noopener noreferrer\"><span>Mus\u00e9es, collections et expositions en Europe<\/span><\/a><\/strong><\/span><\/p>\n<p style=\"text-align: center;\"><span class=\"text_mic\"><strong><a href=\"http:\/\/www.museumtix.com\/\" target=\"_blank\" rel=\"noopener noreferrer\"><span>\u00c9v\u00e9nements organis\u00e9s par des mus\u00e9es du monde entier<\/span><\/a><\/strong><\/span><\/p>\n<p style=\"text-align: center;\"><span class=\"text_mic\"><strong><a href=\"http:\/\/www.museophile.com\/\" target=\"_blank\" rel=\"noopener noreferrer\"><span>Mus\u00e9es en ligne<\/span><\/a><\/strong><\/span><\/p>\n<p style=\"text-align: center;\"><strong><span>Monuments historiques<\/span><\/strong><\/p>\n<p style=\"text-align: center;\"><span class=\"text_mic\"><strong><a href=\"http:\/\/www.monumente-istorice.ro\/\" target=\"_blank\" rel=\"noopener noreferrer\"><span>Institut national des monuments historiques<\/span><\/a><\/strong><\/span><\/p>\n<p style=\"text-align: center;\"><span class=\"text_mic\"><strong><a href=\"http:\/\/www.oficiul-monumentelor.ro\/\" target=\"_blank\" rel=\"noopener noreferrer\"><span>Office National des Monuments Historiques<\/span><\/a><\/strong><\/span><\/p>\n<p style=\"text-align: center;\"><span class=\"text_mic\"><strong><a href=\"http:\/\/www.cimec.ro\/Monumente\/Monumente.htm\" target=\"_blank\" rel=\"noopener noreferrer\"><span>Monuments, forteresses m\u00e9di\u00e9vales<\/span><\/a><\/strong><\/span><\/p>\n<p style=\"text-align: center;\"><span class=\"text_mic\"><strong><a href=\"http:\/\/www.medievalroutes.com\/\" target=\"_blank\" rel=\"noopener noreferrer\"><span>Monuments historiques en Roumanie<\/span><\/a><\/strong><\/span><\/p>\n<p>[\/et_pb_text][\/et_pb_column][\/et_pb_row][et_pb_row _builder_version=&#8221;3.0.48&#8243; background_size=&#8221;initial&#8221; background_position=&#8221;top_left&#8221; background_repeat=&#8221;repeat&#8221;][et_pb_column type=&#8221;4_4&#8243;][et_pb_text _builder_version=&#8221;3.21.1&#8243; z_index_tablet=&#8221;500&#8243;]<\/p>\n<p>&nbsp;<\/p>\n<p>&nbsp;<\/p>\n<p>&nbsp;<\/p>\n<p>[\/et_pb_text][\/et_pb_column][\/et_pb_row][\/et_pb_section][et_pb_section bb_built=&#8221;1&#8243; admin_label=&#8221;CTA&#8221; _builder_version=&#8221;3.21.1&#8243; background_color_gradient_start=&#8221;#002147&#8243; background_color_gradient_end=&#8221;rgba(255,208,136,0.84)&#8221; background_color_gradient_end_position=&#8221;70%&#8221; background_color_gradient_overlays_image=&#8221;on&#8221; custom_margin=&#8221;|||&#8221; custom_padding=&#8221;||0px||false&#8221; z_index_tablet=&#8221;500&#8243; background_color=&#8221;#002147&#8243; prev_background_color=&#8221;#ffffff&#8221;][et_pb_row _builder_version=&#8221;3.21.1&#8243;][et_pb_column type=&#8221;4_4&#8243;][et_pb_image admin_label=&#8221;LOGO STINDARD SUBSOL&#8221; _builder_version=&#8221;3.21.1&#8243; src=&#8221;https:\/\/stindard.ro\/wp-content\/uploads\/2019\/03\/Logo-transparent_Asociatia-STINDARD_ro_100x116.png&#8221; z_index_tablet=&#8221;500&#8243; align=&#8221;center&#8221; \/][\/et_pb_column][\/et_pb_row][\/et_pb_section]<\/p>\n","protected":false},"excerpt":{"rendered":"<p>Mus\u00e9es d&#8217;histoire Mus\u00e9e national d&#8217;histoire roumaine\u00a0&#8211; Bucarest Mus\u00e9e national Brukenthal\u00a0&#8211;\u00a0Sibiu Complexe du mus\u00e9e national d&#8217;Astra\u00a0&#8211;\u00a0Sibiu Mus\u00e9e national d&#8217;histoire de Transylvanie\u00a0&#8211;\u00a0Cluj-Napoca Moldavie\u00a0&#8211;\u00a0Iasi\u00a0National Museum Complex Mus\u00e9e du son Mus\u00e9es militaires Mus\u00e9e militaire national\u00a0&#8211; Bucarest Mus\u00e9e de l&#8217;aviation\u00a0&#8211;\u00a0Bucarest Mus\u00e9e de la marine roumaine\u00a0&#8211;\u00a0Constanta Mus\u00e9e de l&#8217;Acad\u00e9mie navale &#8220;Mircea cel Batr\u00e2n&#8221;\u00a0&#8211;\u00a0Constan\u021ba Mus\u00e9es sp\u00e9cialis\u00e9s Mus\u00e9e de l&#8217;horloge\u00a0&#8211; Ploie\u015fti Mus\u00e9e du [&hellip;]<\/p>\n","protected":false},"author":2,"featured_media":0,"parent":0,"menu_order":0,"comment_status":"closed","ping_status":"closed","template":"","meta":{"_et_pb_use_builder":"on","_et_pb_old_content":"","_et_gb_content_width":""},"_links":{"self":[{"href":"https:\/\/stindard.ro\/en\/wp-json\/wp\/v2\/pages\/1406"}],"collection":[{"href":"https:\/\/stindard.ro\/en\/wp-json\/wp\/v2\/pages"}],"about":[{"href":"https:\/\/stindard.ro\/en\/wp-json\/wp\/v2\/types\/page"}],"author":[{"embeddable":true,"href":"https:\/\/stindard.ro\/en\/wp-json\/wp\/v2\/users\/2"}],"replies":[{"embeddable":true,"href":"https:\/\/stindard.ro\/en\/wp-json\/wp\/v2\/comments?post=1406"}],"version-history":[{"count":10,"href":"https:\/\/stindard.ro\/en\/wp-json\/wp\/v2\/pages\/1406\/revisions"}],"predecessor-version":[{"id":2395,"href":"https:\/\/stindard.ro\/en\/wp-json\/wp\/v2\/pages\/1406\/revisions\/2395"}],"wp:attachment":[{"href":"https:\/\/stindard.ro\/en\/wp-json\/wp\/v2\/media?parent=1406"}],"curies":[{"name":"wp","href":"https:\/\/api.w.org\/{rel}","templated":true}]}}