{"id":2006,"date":"2020-04-22T06:53:40","date_gmt":"2020-04-22T06:53:40","guid":{"rendered":"http:\/\/hosting-super.eu\/siteuri\/sitedorian\/?page_id=2006"},"modified":"2020-07-05T19:55:59","modified_gmt":"2020-07-05T16:55:59","slug":"eroi-de-razboi","status":"publish","type":"page","link":"https:\/\/stindard.ro\/en\/eroi-de-razboi\/","title":{"rendered":"WAR HEROES"},"content":{"rendered":"<p>[et_pb_section bb_built=&#8221;1&#8243; fullwidth=&#8221;on&#8221; next_background_color=&#8221;#ffffff&#8221; _builder_version=&#8221;3.21.1&#8243; background_image=&#8221;http:\/\/hosting-super.eu\/siteuri\/sitedorian\/wp-content\/uploads\/2019\/03\/life-coach-09.jpg&#8221; module_alignment=&#8221;center&#8221; bottom_divider_style=&#8221;slant&#8221; bottom_divider_flip=&#8221;horizontal&#8221; animation_direction=&#8221;top&#8221; z_index_tablet=&#8221;500&#8243;][et_pb_fullwidth_header admin_label=&#8221;WAR HEROES&#8221; title=&#8221;WAR HEROES&#8221; subhead=&#8221;SEARCH AND IDENTIFICATION SECTION&#8221; text_orientation=&#8221;center&#8221; header_scroll_down=&#8221;on&#8221; scroll_down_icon=&#8221;%%9%%&#8221; scroll_down_icon_size=&#8221;44px&#8221; background_overlay_color=&#8221;rgba(247,247,247,0)&#8221; _builder_version=&#8221;3.19.3&#8243; title_font=&#8221;alatsi|100||on|||||&#8221; title_text_align=&#8221;center&#8221; title_text_color=&#8221;#ffffff&#8221; title_font_size=&#8221;52px&#8221; title_font_size_tablet=&#8221;36px&#8221; title_font_size_phone=&#8221;28px&#8221; title_font_size_last_edited=&#8221;on|desktop&#8221; title_line_height=&#8221;1.5em&#8221; title_text_shadow_style=&#8221;preset2&#8243; content_font=&#8221;alatsi|100|||||||&#8221; content_text_align=&#8221;center&#8221; content_text_color=&#8221;#ffffff&#8221; content_line_height=&#8221;1.8em&#8221; content_text_shadow_style=&#8221;preset2&#8243; subhead_font=&#8221;alatsi|300||on|||||&#8221; subhead_text_align=&#8221;center&#8221; subhead_line_height=&#8221;1.5em&#8221; background_color=&#8221;rgba(251,188,5,0)&#8221; background_image=&#8221;https:\/\/stindard.ro\/wp-content\/uploads\/2020\/04\/stindard-ro_albastru-galben-rosu.jpg&#8221; parallax=&#8221;on&#8221; custom_button_two=&#8221;on&#8221; button_two_text_color=&#8221;#002147&#8243; button_two_bg_color=&#8221;#ffffff&#8221; button_two_border_color=&#8221;#ffffff&#8221; button_two_border_radius=&#8221;30&#8243; button_two_font=&#8221;alatsi|||on|||||&#8221; button_two_icon=&#8221;%%3%%&#8221; button_two_icon_color=&#8221;#002147&#8243; custom_button_one=&#8221;on&#8221; button_one_text_size=&#8221;18&#8243; button_one_text_color=&#8221;#002147&#8243; button_one_bg_color=&#8221;#ffffff&#8221; button_one_border_width=&#8221;3&#8243; button_one_border_color=&#8221;#ffffff&#8221; button_one_border_radius=&#8221;50&#8243; button_one_font=&#8221;alatsi|||on|||||&#8221; button_one_icon=&#8221;%%3%%&#8221; button_one_icon_color=&#8221;#002147&#8243; custom_margin=&#8221;|||&#8221; custom_padding=&#8221;5vw||150px||false&#8221; z_index_tablet=&#8221;500&#8243; text_shadow_style=&#8221;preset2&#8243; text_shadow_blur_strength=&#8221;0.16em&#8221; button_one_text_size__hover_enabled=&#8221;off&#8221; button_one_text_size__hover=&#8221;null&#8221; button_two_text_size__hover_enabled=&#8221;off&#8221; button_two_text_size__hover=&#8221;null&#8221; button_one_text_color__hover_enabled=&#8221;off&#8221; button_one_text_color__hover=&#8221;null&#8221; button_two_text_color__hover_enabled=&#8221;off&#8221; button_two_text_color__hover=&#8221;null&#8221; button_one_border_width__hover_enabled=&#8221;off&#8221; button_one_border_width__hover=&#8221;null&#8221; button_two_border_width__hover_enabled=&#8221;off&#8221; button_two_border_width__hover=&#8221;null&#8221; button_one_border_color__hover_enabled=&#8221;off&#8221; button_one_border_color__hover=&#8221;null&#8221; button_two_border_color__hover_enabled=&#8221;off&#8221; button_two_border_color__hover=&#8221;null&#8221; button_one_border_radius__hover_enabled=&#8221;off&#8221; button_one_border_radius__hover=&#8221;null&#8221; button_two_border_radius__hover_enabled=&#8221;off&#8221; button_two_border_radius__hover=&#8221;null&#8221; button_one_letter_spacing__hover_enabled=&#8221;off&#8221; button_one_letter_spacing__hover=&#8221;null&#8221; button_two_letter_spacing__hover_enabled=&#8221;off&#8221; button_two_letter_spacing__hover=&#8221;null&#8221; button_one_bg_color__hover_enabled=&#8221;off&#8221; button_one_bg_color__hover=&#8221;null&#8221; button_two_bg_color__hover_enabled=&#8221;off&#8221; button_two_bg_color__hover=&#8221;null&#8221; button_two_text_size=&#8221;18&#8243; title_letter_spacing=&#8221;2px&#8221; content_letter_spacing=&#8221;1px&#8221; subhead_letter_spacing=&#8221;2px&#8221; background_color_gradient_start=&#8221;rgba(43,135,218,0)&#8221; background_color_gradient_end=&#8221;#000c3a&#8221; background_color_gradient_start_position=&#8221;10%&#8221; background_color_gradient_end_position=&#8221;60%&#8221; mix_blend_mode=&#8221;darken&#8221;]<\/p>\n<p>\u00a0<\/p>\n<p>\u00a0<\/p>\n<p>\u00a0<\/p>\n<p>[\/et_pb_fullwidth_header][\/et_pb_section][et_pb_section bb_built=&#8221;1&#8243; fullwidth=&#8221;off&#8221; specialty=&#8221;off&#8221; prev_background_color=&#8221;#000000&#8243; next_background_color=&#8221;#000000&#8243;][et_pb_row][et_pb_column type=&#8221;4_4&#8243;][et_pb_text admin_label=&#8221;PROJECT IN DEVELOPMENT\u2026&#8221; _builder_version=&#8221;3.19.3&#8243; z_index_tablet=&#8221;500&#8243;]<\/p>\n<h1><span><span class=\"goog-text-highlight\">PROJECT IN DEVELOPMENT\u2026<\/span><\/span><\/h1>\n<p>Search and identification War heroes<\/p>\n<p>[\/et_pb_text][\/et_pb_column][\/et_pb_row][\/et_pb_section][et_pb_section bb_built=&#8221;1&#8243; admin_label=&#8221;Contact Section&#8221; next_background_color=&#8221;#002147&#8243; _builder_version=&#8221;3.21.1&#8243; custom_padding=&#8221;54px|0px|0|0px|false|false&#8221; bottom_divider_style=&#8221;slant&#8221; bottom_divider_flip=&#8221;horizontal&#8221; bottom_divider_arrangement=&#8221;above_content&#8221; z_index_tablet=&#8221;500&#8243; prev_background_color=&#8221;#000000&#8243;][et_pb_row _builder_version=&#8221;3.0.48&#8243; background_size=&#8221;initial&#8221; background_position=&#8221;top_left&#8221; background_repeat=&#8221;repeat&#8221;][et_pb_column type=&#8221;4_4&#8243;][et_pb_contact_form admin_label=&#8221;Formular de C\u0103utare&#8221; _builder_version=&#8221;3.21.1&#8243; z_index_tablet=&#8221;500&#8243;][et_pb_contact_field field_title=&#8221;Nume soldat&#8221; field_type=&#8221;input&#8221; field_id=&#8221;Nume&#8221; required_mark=&#8221;on&#8221; fullwidth_field=&#8221;off&#8221; _builder_version=&#8221;3.21.1&#8243; checkbox_checked=&#8221;off&#8221; checkbox_options=&#8221;%91{%22value%22:%22Nume%22,%22checked%22:0}%93&#8243; radio_options=&#8221;%91{%22value%22:%22Nume%22,%22checked%22:0}%93&#8243; select_options=&#8221;%91{%22value%22:%22Nume%22,%22checked%22:0}%93&#8243; min_length=&#8221;0&#8243; max_length=&#8221;0&#8243; allowed_symbols=&#8221;all&#8221; conditional_logic=&#8221;off&#8221; conditional_logic_relation=&#8221;off&#8221; conditional_logic_rules=&#8221;%91{%22field%22:%22prenume%22,%22condition%22:%22is%22,%22value%22:%22%22}%93&#8243; link_option_url_new_window=&#8221;off&#8221; use_background_color_gradient=&#8221;off&#8221; background_color_gradient_start=&#8221;#2b87da&#8221; background_color_gradient_end=&#8221;#29c4a9&#8243; background_color_gradient_type=&#8221;linear&#8221; background_color_gradient_direction=&#8221;180deg&#8221; background_color_gradient_direction_radial=&#8221;center&#8221; background_color_gradient_start_position=&#8221;0%&#8221; background_color_gradient_end_position=&#8221;100%&#8221; background_color_gradient_overlays_image=&#8221;off&#8221; parallax=&#8221;off&#8221; parallax_method=&#8221;on&#8221; background_size=&#8221;cover&#8221; background_position=&#8221;center&#8221; background_repeat=&#8221;no-repeat&#8221; background_blend=&#8221;normal&#8221; allow_player_pause=&#8221;off&#8221; background_video_pause_outside_viewport=&#8221;on&#8221; form_field_text_shadow_style=&#8221;none&#8221; box_shadow_style=&#8221;none&#8221; hover_transition_duration=&#8221;300ms&#8221; hover_transition_delay=&#8221;0ms&#8221; hover_transition_speed_curve=&#8221;ease&#8221; form_field_text_shadow_horizontal_length=&#8221;0em&#8221; form_field_text_shadow_vertical_length=&#8221;0em&#8221; form_field_text_shadow_blur_strength=&#8221;0em&#8221; \/][et_pb_contact_field field_title=&#8221;Prenume soldat&#8221; field_type=&#8221;input&#8221; field_id=&#8221;Prenume&#8221; required_mark=&#8221;on&#8221; fullwidth_field=&#8221;off&#8221; _builder_version=&#8221;3.21.1&#8243; checkbox_checked=&#8221;off&#8221; checkbox_options=&#8221;%91{%22value%22:%22Nume%22,%22checked%22:0}%93&#8243; radio_options=&#8221;%91{%22value%22:%22Nume%22,%22checked%22:0}%93&#8243; select_options=&#8221;%91{%22value%22:%22Nume%22,%22checked%22:0}%93&#8243; min_length=&#8221;0&#8243; max_length=&#8221;0&#8243; allowed_symbols=&#8221;all&#8221; conditional_logic=&#8221;off&#8221; conditional_logic_relation=&#8221;off&#8221; conditional_logic_rules=&#8221;%91{%22field%22:%22nume%22,%22condition%22:%22is%22,%22value%22:%22%22}%93&#8243; link_option_url_new_window=&#8221;off&#8221; use_background_color_gradient=&#8221;off&#8221; background_color_gradient_start=&#8221;#2b87da&#8221; background_color_gradient_end=&#8221;#29c4a9&#8243; background_color_gradient_type=&#8221;linear&#8221; background_color_gradient_direction=&#8221;180deg&#8221; background_color_gradient_direction_radial=&#8221;center&#8221; background_color_gradient_start_position=&#8221;0%&#8221; background_color_gradient_end_position=&#8221;100%&#8221; background_color_gradient_overlays_image=&#8221;off&#8221; parallax=&#8221;off&#8221; parallax_method=&#8221;on&#8221; background_size=&#8221;cover&#8221; background_position=&#8221;center&#8221; background_repeat=&#8221;no-repeat&#8221; background_blend=&#8221;normal&#8221; allow_player_pause=&#8221;off&#8221; background_video_pause_outside_viewport=&#8221;on&#8221; form_field_text_shadow_style=&#8221;none&#8221; box_shadow_style=&#8221;none&#8221; hover_transition_duration=&#8221;300ms&#8221; hover_transition_delay=&#8221;0ms&#8221; hover_transition_speed_curve=&#8221;ease&#8221; form_field_text_shadow_horizontal_length=&#8221;0em&#8221; form_field_text_shadow_vertical_length=&#8221;0em&#8221; form_field_text_shadow_blur_strength=&#8221;0em&#8221; \/][et_pb_contact_field field_title=&#8221;Locul \u00eenhum\u0103rii&#8221; field_type=&#8221;input&#8221; field_id=&#8221;Locul_\u00eenhum\u0103rii&#8221; required_mark=&#8221;on&#8221; fullwidth_field=&#8221;off&#8221; _builder_version=&#8221;3.21.1&#8243; checkbox_checked=&#8221;off&#8221; checkbox_options=&#8221;%91{%22value%22:%22Nume%22,%22checked%22:0}%93&#8243; radio_options=&#8221;%91{%22value%22:%22Nume%22,%22checked%22:0}%93&#8243; select_options=&#8221;%91{%22value%22:%22Nume%22,%22checked%22:0}%93&#8243; min_length=&#8221;0&#8243; max_length=&#8221;0&#8243; allowed_symbols=&#8221;all&#8221; conditional_logic=&#8221;off&#8221; conditional_logic_relation=&#8221;off&#8221; conditional_logic_rules=&#8221;%91{%22field%22:%22name%22,%22condition%22:%22is%22,%22value%22:%22%22}%93&#8243; link_option_url_new_window=&#8221;off&#8221; use_background_color_gradient=&#8221;off&#8221; background_color_gradient_start=&#8221;#2b87da&#8221; background_color_gradient_end=&#8221;#29c4a9&#8243; background_color_gradient_type=&#8221;linear&#8221; background_color_gradient_direction=&#8221;180deg&#8221; background_color_gradient_direction_radial=&#8221;center&#8221; background_color_gradient_start_position=&#8221;0%&#8221; background_color_gradient_end_position=&#8221;100%&#8221; background_color_gradient_overlays_image=&#8221;off&#8221; parallax=&#8221;off&#8221; parallax_method=&#8221;on&#8221; background_size=&#8221;cover&#8221; background_position=&#8221;center&#8221; background_repeat=&#8221;no-repeat&#8221; background_blend=&#8221;normal&#8221; allow_player_pause=&#8221;off&#8221; background_video_pause_outside_viewport=&#8221;on&#8221; form_field_text_shadow_style=&#8221;none&#8221; box_shadow_style=&#8221;none&#8221; hover_transition_duration=&#8221;300ms&#8221; hover_transition_delay=&#8221;0ms&#8221; hover_transition_speed_curve=&#8221;ease&#8221; \/][et_pb_contact_field field_title=&#8221;Cimitir sau Memorial&#8221; field_type=&#8221;input&#8221; field_id=&#8221;Cimitir_sau_Memorial&#8221; required_mark=&#8221;on&#8221; fullwidth_field=&#8221;off&#8221; _builder_version=&#8221;3.21.1&#8243; checkbox_checked=&#8221;off&#8221; checkbox_options=&#8221;%91{%22value%22:%22Nume%22,%22checked%22:0}%93&#8243; radio_options=&#8221;%91{%22value%22:%22Nume%22,%22checked%22:0}%93&#8243; select_options=&#8221;%91{%22value%22:%22Nume%22,%22checked%22:0}%93&#8243; min_length=&#8221;0&#8243; max_length=&#8221;0&#8243; allowed_symbols=&#8221;all&#8221; conditional_logic=&#8221;off&#8221; conditional_logic_relation=&#8221;off&#8221; conditional_logic_rules=&#8221;%91{%22field%22:%22name%22,%22condition%22:%22is%22,%22value%22:%22%22}%93&#8243; link_option_url_new_window=&#8221;off&#8221; use_background_color_gradient=&#8221;off&#8221; background_color_gradient_start=&#8221;#2b87da&#8221; background_color_gradient_end=&#8221;#29c4a9&#8243; background_color_gradient_type=&#8221;linear&#8221; background_color_gradient_direction=&#8221;180deg&#8221; background_color_gradient_direction_radial=&#8221;center&#8221; background_color_gradient_start_position=&#8221;0%&#8221; background_color_gradient_end_position=&#8221;100%&#8221; background_color_gradient_overlays_image=&#8221;off&#8221; parallax=&#8221;off&#8221; parallax_method=&#8221;on&#8221; background_size=&#8221;cover&#8221; background_position=&#8221;center&#8221; background_repeat=&#8221;no-repeat&#8221; background_blend=&#8221;normal&#8221; allow_player_pause=&#8221;off&#8221; background_video_pause_outside_viewport=&#8221;on&#8221; form_field_text_shadow_style=&#8221;none&#8221; box_shadow_style=&#8221;none&#8221; hover_transition_duration=&#8221;300ms&#8221; hover_transition_delay=&#8221;0ms&#8221; hover_transition_speed_curve=&#8221;ease&#8221; \/][et_pb_contact_field field_title=&#8221;Num\u0103r de identificare&#8221; field_type=&#8221;input&#8221; field_id=&#8221;Num\u0103r_de_identificare&#8221; required_mark=&#8221;on&#8221; fullwidth_field=&#8221;off&#8221; _builder_version=&#8221;3.21.1&#8243; checkbox_checked=&#8221;off&#8221; checkbox_options=&#8221;%91{%22value%22:%22Adres\u0103 Email%22,%22checked%22:0}%93&#8243; radio_options=&#8221;%91{%22value%22:%22Adres\u0103 Email%22,%22checked%22:0}%93&#8243; select_options=&#8221;%91{%22value%22:%22Adres\u0103 Email%22,%22checked%22:0}%93&#8243; min_length=&#8221;0&#8243; max_length=&#8221;0&#8243; allowed_symbols=&#8221;all&#8221; conditional_logic=&#8221;off&#8221; conditional_logic_relation=&#8221;off&#8221; conditional_logic_rules=&#8221;%91{%22field%22:%22name%22,%22condition%22:%22is%22,%22value%22:%22%22}%93&#8243; link_option_url_new_window=&#8221;off&#8221; use_background_color_gradient=&#8221;off&#8221; background_color_gradient_start=&#8221;#2b87da&#8221; background_color_gradient_end=&#8221;#29c4a9&#8243; background_color_gradient_type=&#8221;linear&#8221; background_color_gradient_direction=&#8221;180deg&#8221; background_color_gradient_direction_radial=&#8221;center&#8221; background_color_gradient_start_position=&#8221;0%&#8221; background_color_gradient_end_position=&#8221;100%&#8221; background_color_gradient_overlays_image=&#8221;off&#8221; parallax=&#8221;off&#8221; parallax_method=&#8221;on&#8221; background_size=&#8221;cover&#8221; background_position=&#8221;center&#8221; background_repeat=&#8221;no-repeat&#8221; background_blend=&#8221;normal&#8221; allow_player_pause=&#8221;off&#8221; background_video_pause_outside_viewport=&#8221;on&#8221; form_field_text_shadow_style=&#8221;none&#8221; box_shadow_style=&#8221;none&#8221; hover_transition_duration=&#8221;300ms&#8221; hover_transition_delay=&#8221;0ms&#8221; hover_transition_speed_curve=&#8221;ease&#8221; \/][et_pb_contact_field field_title=&#8221;Regiment&#8221; field_type=&#8221;input&#8221; field_id=&#8221;Regiment&#8221; required_mark=&#8221;on&#8221; fullwidth_field=&#8221;off&#8221; _builder_version=&#8221;3.21.1&#8243; checkbox_checked=&#8221;off&#8221; checkbox_options=&#8221;%91{%22value%22:%22Adres\u0103 Email%22,%22checked%22:0}%93&#8243; radio_options=&#8221;%91{%22value%22:%22Adres\u0103 Email%22,%22checked%22:0}%93&#8243; select_options=&#8221;%91{%22value%22:%22Adres\u0103 Email%22,%22checked%22:0}%93&#8243; min_length=&#8221;0&#8243; max_length=&#8221;0&#8243; allowed_symbols=&#8221;all&#8221; conditional_logic=&#8221;off&#8221; conditional_logic_relation=&#8221;off&#8221; conditional_logic_rules=&#8221;%91{%22field%22:%22name%22,%22condition%22:%22is%22,%22value%22:%22%22}%93&#8243; link_option_url_new_window=&#8221;off&#8221; use_background_color_gradient=&#8221;off&#8221; background_color_gradient_start=&#8221;#2b87da&#8221; background_color_gradient_end=&#8221;#29c4a9&#8243; background_color_gradient_type=&#8221;linear&#8221; background_color_gradient_direction=&#8221;180deg&#8221; background_color_gradient_direction_radial=&#8221;center&#8221; background_color_gradient_start_position=&#8221;0%&#8221; background_color_gradient_end_position=&#8221;100%&#8221; background_color_gradient_overlays_image=&#8221;off&#8221; parallax=&#8221;off&#8221; parallax_method=&#8221;on&#8221; background_size=&#8221;cover&#8221; background_position=&#8221;center&#8221; background_repeat=&#8221;no-repeat&#8221; background_blend=&#8221;normal&#8221; allow_player_pause=&#8221;off&#8221; background_video_pause_outside_viewport=&#8221;on&#8221; form_field_text_shadow_style=&#8221;none&#8221; box_shadow_style=&#8221;none&#8221; hover_transition_duration=&#8221;300ms&#8221; hover_transition_delay=&#8221;0ms&#8221; hover_transition_speed_curve=&#8221;ease&#8221; \/][et_pb_contact_field field_title=&#8221;Primul R\u0103zboi Mondial&#8221; field_type=&#8221;checkbox&#8221; field_id=&#8221;Primul_R\u0103zboi_Mondial&#8221; required_mark=&#8221;on&#8221; fullwidth_field=&#8221;off&#8221; _builder_version=&#8221;3.21.1&#8243; checkbox_checked=&#8221;off&#8221; checkbox_options=&#8221;%91{%22value%22:%22bifare%22,%22checked%22:0}%93&#8243; radio_options=&#8221;%91{%22value%22:%22Adres\u0103 Email%22,%22checked%22:0}%93&#8243; select_options=&#8221;%91{%22value%22:%22Adres\u0103 Email%22,%22checked%22:0}%93&#8243; min_length=&#8221;0&#8243; max_length=&#8221;0&#8243; allowed_symbols=&#8221;all&#8221; conditional_logic=&#8221;off&#8221; conditional_logic_relation=&#8221;off&#8221; conditional_logic_rules=&#8221;%91{%22field%22:%22name%22,%22condition%22:%22is%22,%22value%22:%22%22}%93&#8243; link_option_url_new_window=&#8221;off&#8221; use_background_color_gradient=&#8221;off&#8221; background_color_gradient_start=&#8221;#2b87da&#8221; background_color_gradient_end=&#8221;#29c4a9&#8243; background_color_gradient_type=&#8221;linear&#8221; background_color_gradient_direction=&#8221;180deg&#8221; background_color_gradient_direction_radial=&#8221;center&#8221; background_color_gradient_start_position=&#8221;0%&#8221; background_color_gradient_end_position=&#8221;100%&#8221; background_color_gradient_overlays_image=&#8221;off&#8221; parallax=&#8221;off&#8221; parallax_method=&#8221;on&#8221; background_size=&#8221;cover&#8221; background_position=&#8221;center&#8221; background_repeat=&#8221;no-repeat&#8221; background_blend=&#8221;normal&#8221; allow_player_pause=&#8221;off&#8221; background_video_pause_outside_viewport=&#8221;on&#8221; form_field_text_shadow_style=&#8221;none&#8221; box_shadow_style=&#8221;none&#8221; hover_transition_duration=&#8221;300ms&#8221; hover_transition_delay=&#8221;0ms&#8221; hover_transition_speed_curve=&#8221;ease&#8221; \/][et_pb_contact_field field_title=&#8221;Al Doilea R\u0103zboi Mondial&#8221; field_type=&#8221;checkbox&#8221; field_id=&#8221;Al_Doilea_R\u0103zboi_Mondial&#8221; required_mark=&#8221;on&#8221; fullwidth_field=&#8221;off&#8221; _builder_version=&#8221;3.21.1&#8243; checkbox_checked=&#8221;off&#8221; checkbox_options=&#8221;%91{%22value%22:%22Bifare%22,%22checked%22:0}%93&#8243; radio_options=&#8221;%91{%22value%22:%22Adres\u0103 Email%22,%22checked%22:0}%93&#8243; select_options=&#8221;%91{%22value%22:%22Adres\u0103 Email%22,%22checked%22:0}%93&#8243; min_length=&#8221;0&#8243; max_length=&#8221;0&#8243; allowed_symbols=&#8221;all&#8221; conditional_logic=&#8221;off&#8221; conditional_logic_relation=&#8221;off&#8221; conditional_logic_rules=&#8221;%91{%22field%22:%22name%22,%22condition%22:%22is%22,%22value%22:%22%22}%93&#8243; link_option_url_new_window=&#8221;off&#8221; use_background_color_gradient=&#8221;off&#8221; background_color_gradient_start=&#8221;#2b87da&#8221; background_color_gradient_end=&#8221;#29c4a9&#8243; background_color_gradient_type=&#8221;linear&#8221; background_color_gradient_direction=&#8221;180deg&#8221; background_color_gradient_direction_radial=&#8221;center&#8221; background_color_gradient_start_position=&#8221;0%&#8221; background_color_gradient_end_position=&#8221;100%&#8221; background_color_gradient_overlays_image=&#8221;off&#8221; parallax=&#8221;off&#8221; parallax_method=&#8221;on&#8221; background_size=&#8221;cover&#8221; background_position=&#8221;center&#8221; background_repeat=&#8221;no-repeat&#8221; background_blend=&#8221;normal&#8221; allow_player_pause=&#8221;off&#8221; background_video_pause_outside_viewport=&#8221;on&#8221; form_field_text_shadow_style=&#8221;none&#8221; box_shadow_style=&#8221;none&#8221; hover_transition_duration=&#8221;300ms&#8221; hover_transition_delay=&#8221;0ms&#8221; hover_transition_speed_curve=&#8221;ease&#8221; \/][\/et_pb_contact_form][\/et_pb_column][\/et_pb_row][et_pb_row][et_pb_column type=&#8221;4_4&#8243;][et_pb_divider _builder_version=&#8221;3.19.3&#8243; z_index_tablet=&#8221;500&#8243; show_divider=&#8221;off&#8221; \/][\/et_pb_column][\/et_pb_row][\/et_pb_section][et_pb_section bb_built=&#8221;1&#8243; admin_label=&#8221;CTA&#8221; _builder_version=&#8221;3.21.1&#8243; background_color_gradient_start=&#8221;#002147&#8243; background_color_gradient_end=&#8221;rgba(255,208,136,0.84)&#8221; background_color_gradient_end_position=&#8221;70%&#8221; background_color_gradient_overlays_image=&#8221;on&#8221; custom_margin=&#8221;|||&#8221; custom_padding=&#8221;||0px||false&#8221; z_index_tablet=&#8221;500&#8243; background_color=&#8221;#002147&#8243; gutter_width=&#8221;2&#8243; prev_background_color=&#8221;#ffffff&#8221;][et_pb_row _builder_version=&#8221;3.21.1&#8243;][et_pb_column type=&#8221;4_4&#8243;][et_pb_image admin_label=&#8221;LOGO STINDARD SUBSOL&#8221; _builder_version=&#8221;3.21.1&#8243; src=&#8221;https:\/\/stindard.ro\/wp-content\/uploads\/2019\/03\/Logo-transparent_Asociatia-STINDARD_ro_100x116.png&#8221; z_index_tablet=&#8221;500&#8243; align=&#8221;center&#8221; \/][\/et_pb_column][\/et_pb_row][\/et_pb_section]<\/p>\n","protected":false},"excerpt":{"rendered":"<p>\u00a0\u00a0\u00a0 <div class=\"et_pb_row et_pb_row_0 et_pb_row_empty\">\n\t\t\t\t\n\t\t\t\t\n\t\t\t\t\n\t\t\t<\/div> PROJECT IN DEVELOPMENT\u2026Search and identification War heroes <div class=\"et_pb_row et_pb_row_1 et_pb_row_empty\">\n\t\t\t\t\n\t\t\t\t\n\t\t\t\t\n\t\t\t<\/div><\/p>\n","protected":false},"author":2,"featured_media":0,"parent":0,"menu_order":0,"comment_status":"closed","ping_status":"closed","template":"","meta":{"_et_pb_use_builder":"on","_et_pb_old_content":"","_et_gb_content_width":""},"_links":{"self":[{"href":"https:\/\/stindard.ro\/en\/wp-json\/wp\/v2\/pages\/2006"}],"collection":[{"href":"https:\/\/stindard.ro\/en\/wp-json\/wp\/v2\/pages"}],"about":[{"href":"https:\/\/stindard.ro\/en\/wp-json\/wp\/v2\/types\/page"}],"author":[{"embeddable":true,"href":"https:\/\/stindard.ro\/en\/wp-json\/wp\/v2\/users\/2"}],"replies":[{"embeddable":true,"href":"https:\/\/stindard.ro\/en\/wp-json\/wp\/v2\/comments?post=2006"}],"version-history":[{"count":6,"href":"https:\/\/stindard.ro\/en\/wp-json\/wp\/v2\/pages\/2006\/revisions"}],"predecessor-version":[{"id":2351,"href":"https:\/\/stindard.ro\/en\/wp-json\/wp\/v2\/pages\/2006\/revisions\/2351"}],"wp:attachment":[{"href":"https:\/\/stindard.ro\/en\/wp-json\/wp\/v2\/media?parent=2006"}],"curies":[{"name":"wp","href":"https:\/\/api.w.org\/{rel}","templated":true}]}}