{"id":761,"date":"2019-03-24T19:25:23","date_gmt":"2019-03-24T19:25:23","guid":{"rendered":"http:\/\/hosting-super.eu\/siteuri\/sitedorian\/?page_id=761"},"modified":"2020-07-05T22:03:11","modified_gmt":"2020-07-05T19:03:11","slug":"despre-noi","status":"publish","type":"page","link":"https:\/\/stindard.ro\/en\/despre-noi\/","title":{"rendered":"ABOUT THE STINDARD ASSOCIATION"},"content":{"rendered":"<p>[et_pb_section bb_built=&#8221;1&#8243; fullwidth=&#8221;on&#8221; next_background_color=&#8221;#ffffff&#8221; _builder_version=&#8221;3.21.1&#8243; background_image=&#8221;http:\/\/hosting-super.eu\/siteuri\/sitedorian\/wp-content\/uploads\/2019\/03\/life-coach-09.jpg&#8221; module_alignment=&#8221;center&#8221; bottom_divider_style=&#8221;slant&#8221; bottom_divider_flip=&#8221;horizontal&#8221; animation_direction=&#8221;top&#8221; z_index_tablet=&#8221;500&#8243;][et_pb_fullwidth_header admin_label=&#8221;ABOUT THE STINDARD ASSOCIATION&#8221; title=&#8221;ABOUT THE STINDARD ASSOCIATION&#8221; subhead=&#8221;&#8230;HISTORY, CULTURE, SYMBOLS AND NATIONAL IDENTITY&#8221; text_orientation=&#8221;center&#8221; header_scroll_down=&#8221;on&#8221; scroll_down_icon=&#8221;%%9%%&#8221; scroll_down_icon_size=&#8221;44px&#8221; background_overlay_color=&#8221;rgba(247,247,247,0)&#8221; _builder_version=&#8221;3.19.3&#8243; title_font=&#8221;alatsi|100||on|||||&#8221; title_text_align=&#8221;center&#8221; title_text_color=&#8221;#ffffff&#8221; title_font_size=&#8221;52px&#8221; title_font_size_tablet=&#8221;36px&#8221; title_font_size_phone=&#8221;28px&#8221; title_font_size_last_edited=&#8221;on|desktop&#8221; title_line_height=&#8221;1.5em&#8221; title_text_shadow_style=&#8221;preset2&#8243; content_font=&#8221;alatsi|100|||||||&#8221; content_text_align=&#8221;center&#8221; content_text_color=&#8221;#ffffff&#8221; content_line_height=&#8221;1.8em&#8221; content_text_shadow_style=&#8221;preset2&#8243; subhead_font=&#8221;alatsi|300||on|||||&#8221; subhead_text_align=&#8221;center&#8221; subhead_line_height=&#8221;1.5em&#8221; background_color=&#8221;rgba(251,188,5,0)&#8221; background_image=&#8221;https:\/\/stindard.ro\/wp-content\/uploads\/2020\/04\/stindard-ro_albastru-galben-rosu.jpg&#8221; parallax=&#8221;on&#8221; custom_button_two=&#8221;on&#8221; button_two_text_color=&#8221;#002147&#8243; button_two_bg_color=&#8221;#ffffff&#8221; button_two_border_color=&#8221;#ffffff&#8221; button_two_border_radius=&#8221;30&#8243; button_two_font=&#8221;alatsi|||on|||||&#8221; button_two_icon=&#8221;%%3%%&#8221; button_two_icon_color=&#8221;#002147&#8243; custom_button_one=&#8221;on&#8221; button_one_text_size=&#8221;18&#8243; button_one_text_color=&#8221;#002147&#8243; button_one_bg_color=&#8221;#ffffff&#8221; button_one_border_width=&#8221;3&#8243; button_one_border_color=&#8221;#ffffff&#8221; button_one_border_radius=&#8221;50&#8243; button_one_font=&#8221;alatsi|||on|||||&#8221; button_one_icon=&#8221;%%3%%&#8221; button_one_icon_color=&#8221;#002147&#8243; custom_margin=&#8221;|||&#8221; custom_padding=&#8221;5vw||150px||false&#8221; z_index_tablet=&#8221;500&#8243; text_shadow_style=&#8221;preset2&#8243; text_shadow_blur_strength=&#8221;0.16em&#8221; button_one_text_size__hover_enabled=&#8221;off&#8221; button_one_text_size__hover=&#8221;null&#8221; button_two_text_size__hover_enabled=&#8221;off&#8221; button_two_text_size__hover=&#8221;null&#8221; button_one_text_color__hover_enabled=&#8221;off&#8221; button_one_text_color__hover=&#8221;null&#8221; button_two_text_color__hover_enabled=&#8221;off&#8221; button_two_text_color__hover=&#8221;null&#8221; button_one_border_width__hover_enabled=&#8221;off&#8221; button_one_border_width__hover=&#8221;null&#8221; button_two_border_width__hover_enabled=&#8221;off&#8221; button_two_border_width__hover=&#8221;null&#8221; button_one_border_color__hover_enabled=&#8221;off&#8221; button_one_border_color__hover=&#8221;null&#8221; button_two_border_color__hover_enabled=&#8221;off&#8221; button_two_border_color__hover=&#8221;null&#8221; button_one_border_radius__hover_enabled=&#8221;off&#8221; button_one_border_radius__hover=&#8221;null&#8221; button_two_border_radius__hover_enabled=&#8221;off&#8221; button_two_border_radius__hover=&#8221;null&#8221; button_one_letter_spacing__hover_enabled=&#8221;off&#8221; button_one_letter_spacing__hover=&#8221;null&#8221; button_two_letter_spacing__hover_enabled=&#8221;off&#8221; button_two_letter_spacing__hover=&#8221;null&#8221; button_one_bg_color__hover_enabled=&#8221;off&#8221; button_one_bg_color__hover=&#8221;null&#8221; button_two_bg_color__hover_enabled=&#8221;off&#8221; button_two_bg_color__hover=&#8221;null&#8221; button_two_text_size=&#8221;18&#8243; title_letter_spacing=&#8221;2px&#8221; content_letter_spacing=&#8221;1px&#8221; subhead_letter_spacing=&#8221;2px&#8221; background_color_gradient_start=&#8221;rgba(43,135,218,0)&#8221; background_color_gradient_end=&#8221;#000c3a&#8221; background_color_gradient_start_position=&#8221;10%&#8221; background_color_gradient_end_position=&#8221;60%&#8221; mix_blend_mode=&#8221;darken&#8221;]<\/p>\n<p>\u00a0<\/p>\n<p>\u00a0<\/p>\n<p>\u00a0<\/p>\n<p>[\/et_pb_fullwidth_header][\/et_pb_section][et_pb_section bb_built=&#8221;1&#8243; admin_label=&#8221;Contact Section&#8221; next_background_color=&#8221;#002147&#8243; _builder_version=&#8221;3.21.1&#8243; custom_padding=&#8221;54px|0px|0|0px|false|false&#8221; bottom_divider_style=&#8221;slant&#8221; bottom_divider_flip=&#8221;horizontal&#8221; bottom_divider_arrangement=&#8221;above_content&#8221; z_index_tablet=&#8221;500&#8243; prev_background_color=&#8221;#000000&#8243;][et_pb_row _builder_version=&#8221;3.0.48&#8243; background_size=&#8221;initial&#8221; background_position=&#8221;top_left&#8221; background_repeat=&#8221;repeat&#8221;][et_pb_column type=&#8221;4_4&#8243;][et_pb_text admin_label=&#8221;About &#8230; CONTENT&#8221; _builder_version=&#8221;3.19.3&#8243; z_index_tablet=&#8221;500&#8243; header_font=&#8221;alatsi||||||||&#8221; header_2_font=&#8221;alatsi||||||||&#8221; header_3_font=&#8221;alatsi||||||||&#8221; header_3_font_size=&#8221;19px&#8221; header_3_line_height=&#8221;1.2em&#8221;]<\/p>\n<blockquote>\n<h3 class=\"titlu\"><span><span class=\"\">THE STINDARD ASSOCIATION PROMOTES AND SUPPORTS THE ACTIVITY OF THE NATIONAL MUSEUM NETWORK AND THE DEVELOPMENT OF HISTORICAL CULTURAL TOURISM. <\/span><span class=\"\">PROJECTS FOR THE ARRANGEMENT, PROTECTION, CONSERVATION AND ENHANCEMENT OF ROMANIAN AND FOREIGN CEMETERIES AND WAR MEMORIALS, INCLUDING ROMANIAN ONES ABROAD.\u00a0<\/span>SCIENTIFIC RESEARCH IN THE FIELDS OF: MILITARY, NATIONAL, UNIVERSAL AND AUXILIARY HISTORY OF HISTORY.<\/span><\/h3>\n<\/blockquote>\n<table border=\"0\" width=\"100%\" cellspacing=\"0\" cellpadding=\"0\">\n<tbody>\n<tr>\n<td class=\"pad\">\n<div class=\"et_pb_module et_pb_text et_pb_text_0 et_pb_bg_layout_light  et_pb_text_align_left\">\n<div class=\"et_pb_text_inner\">\n<table border=\"0\" width=\"100%\" cellspacing=\"0\" cellpadding=\"0\">\n<tbody>\n<tr>\n<td class=\"pad\">\n<p><strong><span>STINDARD ASSOCIATION<\/span><\/strong><span>\u00a0&#8211; is a non-governmental, non-profit, independent, militant, democratic and apolitical organization, which operates nationally and internationally.<\/span><\/p>\n<p><span>A legal person under private law, without patrimonial purpose,\u00a0<\/span><strong><span>STINDARD ASSOCIATION has been<\/span><\/strong><span>\u00a0operating, since November 2002, based on Ordinance 26\/2000 on associations and foundations, by associating five founding members.<\/span><\/p>\n<p><span>On December 4, 2002, the court ordered the registration of the association in the Register of Associations and Foundations of the Bucharest District 6 Court (77 \/ PJ \/ 2002).<\/span><\/p>\n<p><em><span>The purpose of the<\/span><\/em><span>\u00a0association: promoting the civic values \u200b\u200bof the rule of law and strengthening civil society.<\/span><\/p>\n<p><strong><span>The statutes<\/span><\/strong><span>\u00a0adopted by the general assembly in November 2002 state that the main\u00a0<\/span><em><span>objectives<\/span><\/em><span>\u00a0of the\u00a0<\/span><strong><span>STINDARD ASSOCIATION are<\/span><\/strong><span>\u00a0:<\/span><\/p>\n<ul>\n<li><span>promoting national symbols;<\/span><\/li>\n<li><span>supporting and stimulating scientific research in the field of national and universal military history, auxiliary sciences of history (heraldry, vexillology, genealogy, numismatics, faleristics, etc.);<\/span><\/li>\n<li><span>supporting the national museum network;<\/span><\/li>\n<li><span>development of historical cultural tourism;<\/span><\/li>\n<li><span>supporting \/ organizing actions for arrangement, protection, conservation and enhancement of cemeteries and war memorials, Romanian and foreign, including those of Romanian abroad, in compliance with specific legislation;<\/span><\/li>\n<li><span>organizing charitable activities, excursions and other recreational-educational activities for disadvantaged people;<\/span><\/li>\n<li><span>supporting \/ organizing ecological activities, for environmental protection, sanitation of the tourist area, playgrounds for children, etc .;<\/span><\/li>\n<li><span>providing legal advice in areas related to the purpose and objectives of the association.<\/span><\/li>\n<\/ul>\n<p><span>You can contact us as follows:<\/span><\/p>\n<p><span>&#8211; on the postal address of the association: PO Box 11;\u00a0Post Office 66 (OP 66 CP 11).<\/span><\/p>\n<p><span>&#8211; E-mail:<\/span><\/p>\n<ul>\n<li><a href=\"mailto:presedinte@stindard.ro\"><span>chairman<\/span><\/a><\/li>\n<li><a href=\"mailto:secretariat@stindard.ro\"><span>Secretary<\/span><\/a><\/li>\n<li><a href=\"mailto:contact@stindard.ro\"><span>For information<\/span><\/a><\/li>\n<\/ul>\n<p class=\"titlu\" align=\"center\"><span>Do you want to become a\u00a0<\/span><em><span>member<\/span><\/em><span>\u00a0of the STINDARD Association?<\/span><\/p>\n<p align=\"center\"><span>If so, fill out\u00a0<\/span><a href=\"http:\/\/stindard.ro\/adeziune.pdf\" target=\"_blank\" rel=\"noopener noreferrer\"><span>an\u00a0<\/span><strong><span>application form<\/span><\/strong><\/a><span>\u00a0and send it to us!<\/span><\/p>\n<p align=\"center\"><span>Supports STINDARD Association projects by making a\u00a0<\/span><strong><span>donation<\/span><\/strong><span>\u00a0to the IBAN account<\/span><br \/><b><span>RO29-RNCB-0077-0502-3278-0001<\/span><\/b><span>\u00a0, opened at BCR Sector 6 Branch!<\/span><\/p>\n<p align=\"center\"><span>Your help will allow the Association to carry out several projects.<\/span><\/p>\n<p align=\"center\"><a href=\"mailto:presedinte@stindard.ro\"><span>Propose a project yourself<\/span><\/a><span>\u00a0!<\/span><\/p>\n<\/td>\n<\/tr>\n<\/tbody>\n<\/table>\n<\/div>\n<\/div>\n<\/td>\n<\/tr>\n<\/tbody>\n<\/table>\n<p>[\/et_pb_text][et_pb_divider _builder_version=&#8221;3.21.1&#8243; show_divider=&#8221;off&#8221; z_index_tablet=&#8221;500&#8243; \/][\/et_pb_column][\/et_pb_row][\/et_pb_section][et_pb_section bb_built=&#8221;1&#8243; admin_label=&#8221;CTA&#8221; _builder_version=&#8221;3.21.1&#8243; background_color_gradient_start=&#8221;#002147&#8243; background_color_gradient_end=&#8221;rgba(255,208,136,0.84)&#8221; background_color_gradient_end_position=&#8221;70%&#8221; background_color_gradient_overlays_image=&#8221;on&#8221; custom_margin=&#8221;|||&#8221; custom_padding=&#8221;||0px||false&#8221; z_index_tablet=&#8221;500&#8243; background_color=&#8221;#002147&#8243; prev_background_color=&#8221;#ffffff&#8221;][et_pb_row _builder_version=&#8221;3.21.1&#8243;][et_pb_column type=&#8221;4_4&#8243;][et_pb_image admin_label=&#8221;LOGO STINDARD SUBSOL&#8221; _builder_version=&#8221;3.21.1&#8243; src=&#8221;https:\/\/stindard.ro\/wp-content\/uploads\/2019\/03\/Logo-transparent_Asociatia-STINDARD_ro_100x116.png&#8221; z_index_tablet=&#8221;500&#8243; align=&#8221;center&#8221; \/][\/et_pb_column][\/et_pb_row][\/et_pb_section]<\/p>\n","protected":false},"excerpt":{"rendered":"<p>\u00a0\u00a0\u00a0 THE STINDARD ASSOCIATION PROMOTES AND SUPPORTS THE ACTIVITY OF THE NATIONAL MUSEUM NETWORK AND THE DEVELOPMENT OF HISTORICAL CULTURAL TOURISM. PROJECTS FOR THE ARRANGEMENT, PROTECTION, CONSERVATION AND ENHANCEMENT OF ROMANIAN AND FOREIGN CEMETERIES AND WAR MEMORIALS, INCLUDING ROMANIAN ONES ABROAD.\u00a0SCIENTIFIC RESEARCH IN THE FIELDS OF: MILITARY, NATIONAL, UNIVERSAL AND AUXILIARY HISTORY OF HISTORY.STINDARD ASSOCIATION\u00a0&#8211; [&hellip;]<\/p>\n","protected":false},"author":2,"featured_media":0,"parent":0,"menu_order":0,"comment_status":"closed","ping_status":"closed","template":"","meta":{"_et_pb_use_builder":"on","_et_pb_old_content":"<blockquote class=\"pad\"><p class=\"titlu\">Asocia\u021bia Stindard * A SE ACTUALIZA LINK-uri<\/p><\/blockquote><table border=\"0\" width=\"100%\" cellspacing=\"0\" cellpadding=\"0\"><tbody><tr><td class=\"pad\"><p><strong> ASOCIA\u021aIA STINDARD<\/strong> - este o organiza\u0163ie neguvernamental\u00e3, non-profit, cu caracter independent, militant, democratic \u00bai apolitic, care activeaz\u00e3 la nivel na\u0163ional \u015fi interna\u0163ional.<\/p><p>Persoan\u00e3 juridic\u00e3 de drept privat, f\u00e3r\u00e3 scop patrimonial, <strong>ASOCIA\u021aIA STINDARD<\/strong> func\u0163ioneaz\u00e3, din noiembrie 2002, \u00een baza Ordonan\u0163ei 26\/2000 privind asocia\u0163iile \u015fi funda\u0163iile, prin asocierea a cinci membri fondatori.<\/p><p>La 4 decembrie 2002, instan\u0163a a dispus \u00eenscrierea asocia\u0163iei \u00een Registrul Asocia\u0163iilor \u015fi Funda\u0163iilor al Judec\u00e3toriei sector 6 Bucure\u015fti (77\/PJ\/2002).<\/p><p><em> Scopul<\/em> asocia\u0163iei: promovarea valorilor civice ale statului de drept \u015fi \u00eent\u00e3rirea societ\u00e3\u0163ii civile.<\/p><p><strong> Statutul<\/strong> adoptat de adunarea general\u00e3 din noiembrie 2002 prevede ca principale <em>obiective<\/em> ale <strong>ASOCIA\u021aIEI STINDARD<\/strong>:<\/p><ul><li>promovarea simbolurilor na\u0163ionale;<\/li><li>sprijinirea \u015fi stimularea cercet\u00e3rii \u015ftiin\u0163ifice \u00een domeniul istoriei militare na\u0163ionale \u015fi universale, al \u015ftiin\u0163elor auxiliare ale istoriei (heraldic\u00e3, vexilologie, genealogie, numismatic\u00e3, faleristic\u00e3 etc.);<\/li><li>sprijinirea re\u0163elei muzeale na\u0163ionale;<\/li><li>dezvoltarea turismului cultural istoric;<\/li><li>sprijinirea\/organizarea unor ac\u0163iuni de amenajare, protejare, conservare \u015fi punere \u00een valoare a cimitirelor \u015fi operelor comemorative de r\u00e3zboi, rom\u00e2ne\u015fti \u015fi str\u00e3ine, inclusiv a celor rom\u00e2ne\u015fti din str\u00e3in\u00e3tate, cu respectarea legisla\u0163iei specifice;<\/li><li>organizarea de activit\u00e3\u0163i caritabile, excursii \u015fi alte activit\u00e3\u0163i recreativ-educative pentru persoane defavorizate;<\/li><li>sprijinirea\/organizarea unor activit\u00e3\u0163i ecologice, pentru protec\u0163ia mediului, salubrizarea zonei turistice, spa\u0163ii de joac\u00e3 pentru copii etc.;<\/li><li>asigurarea de consulta\u0163ii juridice \u00een domenii conexe cu scopul \u015fi obiectivele asocia\u0163iei.<\/li><\/ul><p>Ne pute\u0163i contacta astfel:<\/p><p>- pe adresa po\u015ftal\u00e3 a asocia\u0163iei: C\u00e3su\u0163a po\u015ftal\u00e3 11; Oficiul po\u015ftal 66 (O.P. 66 C.P. 11).<\/p><p>- E-mail:<\/p><ul><li><a href=\"mailto:presedinte@stindard.ro\">Pre\u015fedinte<\/a><\/li><li><a href=\"mailto:secretariat@stindard.ro\">Secretar<\/a><\/li><li><a href=\"mailto:contact@stindard.ro\">Pentru informatii<\/a><\/li><\/ul><p class=\"titlu\" align=\"center\">Vrei s\u00e3 devii <em>membru<\/em> al Asocia\u0163iei STINDARD?<\/p><p align=\"center\">Dac\u00e3 da, completeaz\u00e3 <a href=\"http:\/\/stindard.ro\/adeziune.pdf\" target=\"_blank\" rel=\"noopener\">o <strong> cerere de \u00eenscriere<\/strong><\/a> \u015fi trimite-o pe adresa noastra!<\/p><p align=\"center\">Sus\u0163ine proiectele Asociatia STINDARD f\u00e3c\u00e2nd o <strong> dona\u0163ie<\/strong> \u00een contul IBAN<br \/><b>RO29-RNCB-0077-0502-3278-0001<\/b>, deschis la BCR Sucursala Sector 6!<\/p><p align=\"center\">Ajutorul t\u00e3u va permite Asocia\u0163iei s\u00e3 desfasoare mai multe proiecte.<\/p><p align=\"center\"><a href=\"mailto:presedinte@stindard.ro\">Propune chiar tu un proiect<\/a> !<\/p><\/td><\/tr><\/tbody><\/table>","_et_gb_content_width":""},"_links":{"self":[{"href":"https:\/\/stindard.ro\/en\/wp-json\/wp\/v2\/pages\/761"}],"collection":[{"href":"https:\/\/stindard.ro\/en\/wp-json\/wp\/v2\/pages"}],"about":[{"href":"https:\/\/stindard.ro\/en\/wp-json\/wp\/v2\/types\/page"}],"author":[{"embeddable":true,"href":"https:\/\/stindard.ro\/en\/wp-json\/wp\/v2\/users\/2"}],"replies":[{"embeddable":true,"href":"https:\/\/stindard.ro\/en\/wp-json\/wp\/v2\/comments?post=761"}],"version-history":[{"count":5,"href":"https:\/\/stindard.ro\/en\/wp-json\/wp\/v2\/pages\/761\/revisions"}],"predecessor-version":[{"id":2362,"href":"https:\/\/stindard.ro\/en\/wp-json\/wp\/v2\/pages\/761\/revisions\/2362"}],"wp:attachment":[{"href":"https:\/\/stindard.ro\/en\/wp-json\/wp\/v2\/media?parent=761"}],"curies":[{"name":"wp","href":"https:\/\/api.w.org\/{rel}","templated":true}]}}