{"id":1406,"date":"2020-03-15T20:20:20","date_gmt":"2020-03-15T20:20:20","guid":{"rendered":"http:\/\/hosting-super.eu\/siteuri\/sitedorian\/?page_id=1404"},"modified":"2020-07-05T22:46:17","modified_gmt":"2020-07-05T19:46:17","slug":"museion","status":"publish","type":"page","link":"https:\/\/stindard.ro\/fr\/museion\/","title":{"rendered":"MUSEION"},"content":{"rendered":"<p>[et_pb_section bb_built=\u00a0\u00bb1&Prime; fullwidth=\u00a0\u00bbon\u00a0\u00bb next_background_color=\u00a0\u00bb#ffffff\u00a0\u00bb _builder_version=\u00a0\u00bb3.21.1&Prime; background_image=\u00a0\u00bbhttp:\/\/hosting-super.eu\/siteuri\/sitedorian\/wp-content\/uploads\/2019\/03\/life-coach-09.jpg\u00a0\u00bb module_alignment=\u00a0\u00bbcenter\u00a0\u00bb bottom_divider_style=\u00a0\u00bbslant\u00a0\u00bb bottom_divider_flip=\u00a0\u00bbhorizontal\u00a0\u00bb animation_direction=\u00a0\u00bbtop\u00a0\u00bb z_index_tablet=\u00a0\u00bb500&Prime;][et_pb_fullwidth_header admin_label=\u00a0\u00bbDRAPELUL NA\u021aIONAL\u00a0\u00bb title=\u00a0\u00bbMUSEION\u00a0\u00bb subhead=\u00a0\u00bbMUS\u00c9ES D&rsquo;HISTOIRE, MUS\u00c9ES MILITAIRES, MUS\u00c9ES SP\u00c9CIALIS\u00c9S, ANNUAIRES DES MUS\u00c9ES, MONUMENTS HISTORIQUES\u00a0\u00bb text_orientation=\u00a0\u00bbcenter\u00a0\u00bb header_scroll_down=\u00a0\u00bbon\u00a0\u00bb scroll_down_icon=\u00a0\u00bb%%9%%\u00a0\u00bb scroll_down_icon_size=\u00a0\u00bb44px\u00a0\u00bb background_overlay_color=\u00a0\u00bbrgba(247,247,247,0)\u00a0\u00bb _builder_version=\u00a0\u00bb3.19.3&Prime; title_font=\u00a0\u00bbalatsi|100||on|||||\u00a0\u00bb title_text_align=\u00a0\u00bbcenter\u00a0\u00bb title_text_color=\u00a0\u00bb#ffffff\u00a0\u00bb title_font_size=\u00a0\u00bb52px\u00a0\u00bb title_font_size_tablet=\u00a0\u00bb36px\u00a0\u00bb title_font_size_phone=\u00a0\u00bb28px\u00a0\u00bb title_font_size_last_edited=\u00a0\u00bbon|desktop\u00a0\u00bb title_line_height=\u00a0\u00bb1.5em\u00a0\u00bb title_text_shadow_style=\u00a0\u00bbpreset2&Prime; content_font=\u00a0\u00bbalatsi|100|||||||\u00a0\u00bb content_text_align=\u00a0\u00bbcenter\u00a0\u00bb content_text_color=\u00a0\u00bb#ffffff\u00a0\u00bb content_line_height=\u00a0\u00bb1.8em\u00a0\u00bb content_text_shadow_style=\u00a0\u00bbpreset2&Prime; subhead_font=\u00a0\u00bbalatsi|300||on|||||\u00a0\u00bb subhead_text_align=\u00a0\u00bbcenter\u00a0\u00bb subhead_line_height=\u00a0\u00bb1.5em\u00a0\u00bb background_color=\u00a0\u00bbrgba(251,188,5,0)\u00a0\u00bb background_image=\u00a0\u00bbhttps:\/\/stindard.ro\/wp-content\/uploads\/2020\/04\/stindard-ro_albastru-galben-rosu.jpg\u00a0\u00bb parallax=\u00a0\u00bbon\u00a0\u00bb custom_button_two=\u00a0\u00bbon\u00a0\u00bb button_two_text_color=\u00a0\u00bb#002147&Prime; button_two_bg_color=\u00a0\u00bb#ffffff\u00a0\u00bb button_two_border_color=\u00a0\u00bb#ffffff\u00a0\u00bb button_two_border_radius=\u00a0\u00bb30&Prime; button_two_font=\u00a0\u00bbalatsi|||on|||||\u00a0\u00bb button_two_icon=\u00a0\u00bb%%3%%\u00a0\u00bb button_two_icon_color=\u00a0\u00bb#002147&Prime; custom_button_one=\u00a0\u00bbon\u00a0\u00bb button_one_text_size=\u00a0\u00bb18&Prime; button_one_text_color=\u00a0\u00bb#002147&Prime; button_one_bg_color=\u00a0\u00bb#ffffff\u00a0\u00bb button_one_border_width=\u00a0\u00bb3&Prime; button_one_border_color=\u00a0\u00bb#ffffff\u00a0\u00bb button_one_border_radius=\u00a0\u00bb50&Prime; button_one_font=\u00a0\u00bbalatsi|||on|||||\u00a0\u00bb button_one_icon=\u00a0\u00bb%%3%%\u00a0\u00bb button_one_icon_color=\u00a0\u00bb#002147&Prime; custom_margin=\u00a0\u00bb|||\u00a0\u00bb custom_padding=\u00a0\u00bb5vw||150px||false\u00a0\u00bb z_index_tablet=\u00a0\u00bb500&Prime; text_shadow_style=\u00a0\u00bbpreset2&Prime; text_shadow_blur_strength=\u00a0\u00bb0.16em\u00a0\u00bb button_one_text_size__hover_enabled=\u00a0\u00bboff\u00a0\u00bb button_one_text_size__hover=\u00a0\u00bbnull\u00a0\u00bb button_two_text_size__hover_enabled=\u00a0\u00bboff\u00a0\u00bb button_two_text_size__hover=\u00a0\u00bbnull\u00a0\u00bb button_one_text_color__hover_enabled=\u00a0\u00bboff\u00a0\u00bb button_one_text_color__hover=\u00a0\u00bbnull\u00a0\u00bb button_two_text_color__hover_enabled=\u00a0\u00bboff\u00a0\u00bb button_two_text_color__hover=\u00a0\u00bbnull\u00a0\u00bb button_one_border_width__hover_enabled=\u00a0\u00bboff\u00a0\u00bb button_one_border_width__hover=\u00a0\u00bbnull\u00a0\u00bb button_two_border_width__hover_enabled=\u00a0\u00bboff\u00a0\u00bb button_two_border_width__hover=\u00a0\u00bbnull\u00a0\u00bb button_one_border_color__hover_enabled=\u00a0\u00bboff\u00a0\u00bb button_one_border_color__hover=\u00a0\u00bbnull\u00a0\u00bb button_two_border_color__hover_enabled=\u00a0\u00bboff\u00a0\u00bb button_two_border_color__hover=\u00a0\u00bbnull\u00a0\u00bb button_one_border_radius__hover_enabled=\u00a0\u00bboff\u00a0\u00bb button_one_border_radius__hover=\u00a0\u00bbnull\u00a0\u00bb button_two_border_radius__hover_enabled=\u00a0\u00bboff\u00a0\u00bb button_two_border_radius__hover=\u00a0\u00bbnull\u00a0\u00bb button_one_letter_spacing__hover_enabled=\u00a0\u00bboff\u00a0\u00bb button_one_letter_spacing__hover=\u00a0\u00bbnull\u00a0\u00bb button_two_letter_spacing__hover_enabled=\u00a0\u00bboff\u00a0\u00bb button_two_letter_spacing__hover=\u00a0\u00bbnull\u00a0\u00bb button_one_bg_color__hover_enabled=\u00a0\u00bboff\u00a0\u00bb button_one_bg_color__hover=\u00a0\u00bbnull\u00a0\u00bb button_two_bg_color__hover_enabled=\u00a0\u00bboff\u00a0\u00bb button_two_bg_color__hover=\u00a0\u00bbnull\u00a0\u00bb button_two_text_size=\u00a0\u00bb18&Prime; title_letter_spacing=\u00a0\u00bb2px\u00a0\u00bb content_letter_spacing=\u00a0\u00bb1px\u00a0\u00bb subhead_letter_spacing=\u00a0\u00bb2px\u00a0\u00bb background_color_gradient_start=\u00a0\u00bbrgba(43,135,218,0)\u00a0\u00bb background_color_gradient_end=\u00a0\u00bb#000c3a\u00a0\u00bb background_color_gradient_start_position=\u00a0\u00bb10%\u00a0\u00bb background_color_gradient_end_position=\u00a0\u00bb60%\u00a0\u00bb mix_blend_mode=\u00a0\u00bbdarken\u00a0\u00bb]<\/p>\n<p>\u00a0<\/p>\n<p>\u00a0<\/p>\n<p>\u00a0<\/p>\n<p>[\/et_pb_fullwidth_header][\/et_pb_section][et_pb_section bb_built=\u00a0\u00bb1&Prime; admin_label=\u00a0\u00bbContact Section\u00a0\u00bb next_background_color=\u00a0\u00bb#002147&Prime; _builder_version=\u00a0\u00bb3.6&Prime; custom_padding=\u00a0\u00bb54px|0px|0|0px|false|false\u00a0\u00bb bottom_divider_style=\u00a0\u00bbslant\u00a0\u00bb bottom_divider_flip=\u00a0\u00bbhorizontal\u00a0\u00bb bottom_divider_arrangement=\u00a0\u00bbabove_content\u00a0\u00bb prev_background_color=\u00a0\u00bb#000000&Prime;][et_pb_row _builder_version=\u00a0\u00bb3.0.48&Prime; background_size=\u00a0\u00bbinitial\u00a0\u00bb background_position=\u00a0\u00bbtop_left\u00a0\u00bb background_repeat=\u00a0\u00bbrepeat\u00a0\u00bb][et_pb_column type=\u00a0\u00bb4_4&Prime;][et_pb_text _builder_version=\u00a0\u00bb3.19.3&Prime; text_font_size=\u00a0\u00bb16px\u00a0\u00bb z_index_tablet=\u00a0\u00bb500&Prime;]<\/p>\n<p style=\"text-align: center;\"><strong><span>Mus\u00e9es d&rsquo;histoire<\/span><\/strong><\/p>\n<p style=\"text-align: center;\"><strong><a href=\"http:\/\/www.mnir.ro\/\" target=\"_blank\" rel=\"noopener noreferrer\"><span>Mus\u00e9e national d&rsquo;histoire roumaine<\/span><\/a><span>\u00a0&#8211; Bucarest<\/span><\/strong><\/p>\n<p style=\"text-align: center;\"><a href=\"http:\/\/www.brukenthalmuseum.ro\/\" target=\"_blank\" rel=\"noopener noreferrer\"><span>Mus\u00e9e national Brukenthal<\/span><\/a><span>\u00a0&#8211;\u00a0<\/span><b><span>Sibiu<\/span><\/b><\/p>\n<p style=\"text-align: center;\"><a href=\"http:\/\/www.muzeulastra.ro\/\" target=\"_blank\" rel=\"noopener noreferrer\"><span>Complexe du mus\u00e9e national d&rsquo;Astra<\/span><\/a><span>\u00a0&#8211;\u00a0<\/span><b><span>Sibiu<\/span><\/b><\/p>\n<p style=\"text-align: center;\"><a href=\"http:\/\/www.istoria-transilvaniei.ro\/\" target=\"_blank\" rel=\"noopener noreferrer\"><span>Mus\u00e9e national d&rsquo;histoire de Transylvanie<\/span><\/a><span>\u00a0&#8211;\u00a0<\/span><b><span>Cluj-Napoca<\/span><\/b><\/p>\n<p style=\"text-align: center;\"><a href=\"http:\/\/www.muzeul-moldova.ro\/\" target=\"_blank\" rel=\"noopener noreferrer\"><span>Moldavie<\/span><\/a><span>\u00a0&#8211;\u00a0<b>Iasi\u00a0<\/b><a href=\"http:\/\/www.muzeul-moldova.ro\/\" target=\"_blank\" rel=\"noopener noreferrer\">National Museum Complex<\/a><\/span><b><\/b><\/p>\n<p style=\"text-align: center;\"><a href=\"http:\/\/www.muzeul-bran.ro\/\" target=\"_blank\" rel=\"noopener noreferrer\"><span>Mus\u00e9e du son<\/span><\/a><\/p>\n<p style=\"text-align: center;\"><strong><span>Mus\u00e9es militaires<\/span><\/strong><\/p>\n<p style=\"text-align: center;\"><span class=\"text_mic\"><strong><a href=\"http:\/\/muzeu.mapn.ro\/\" target=\"_blank\" rel=\"noopener noreferrer\"><span>Mus\u00e9e militaire national<\/span><\/a><span>\u00a0&#8211; Bucarest<\/span><\/strong><\/span><\/p>\n<p style=\"text-align: center;\"><a href=\"http:\/\/www.roaf.ro\/ro\/select.php?doc=muzeu\" target=\"_blank\" rel=\"noopener noreferrer\"><span>Mus\u00e9e de l&rsquo;aviation<\/span><\/a><span>\u00a0&#8211;\u00a0<\/span><b><span>Bucarest<\/span><\/b><\/p>\n<p style=\"text-align: center;\"><a href=\"http:\/\/www.fortele-navale.ro\/cultura\/muzee\/mr\/index.html\" target=\"_blank\" rel=\"noopener noreferrer\"><span>Mus\u00e9e de la marine roumaine<\/span><\/a><span>\u00a0&#8211;\u00a0<\/span><b><span>Constanta<\/span><\/b><\/p>\n<p style=\"text-align: center;\"><a href=\"http:\/\/www.fortele-navale.ro\/cultura\/muzee\/anmb\/index.html\" target=\"_blank\" rel=\"noopener noreferrer\"><span>Mus\u00e9e de l&rsquo;Acad\u00e9mie navale \u00ab\u00a0Mircea cel Batr\u00e2n\u00a0\u00bb<\/span><\/a><span>\u00a0&#8211;\u00a0<\/span><b><span>Constan\u021ba<\/span><\/b><\/p>\n<p style=\"text-align: center;\"><strong><span>Mus\u00e9es sp\u00e9cialis\u00e9s<\/span><\/strong><\/p>\n<p style=\"text-align: center;\"><strong><a href=\"http:\/\/www.cimec.ro\/Muzee\/ceasuri\/ceas.htm\" target=\"_blank\" rel=\"noopener noreferrer\"><span>Mus\u00e9e de l&rsquo;horloge<\/span><\/a><span>\u00a0&#8211; Ploie\u015fti<\/span><\/strong><\/p>\n<p style=\"text-align: center;\"><strong><a href=\"http:\/\/www.itcnet.ro\/mtr\" target=\"_blank\" rel=\"noopener noreferrer\"><span>Mus\u00e9e du paysan roumain<\/span><\/a><span>\u00a0&#8211; Bucarest<\/span><\/strong><\/p>\n<p style=\"text-align: center;\"><strong><a href=\"http:\/\/www.muzeulsatului.ro\/\" target=\"_blank\" rel=\"noopener noreferrer\"><span>Mus\u00e9e national du village \u00ab\u00a0Dimitrie Gusti\u00a0\u00bb<\/span><\/a><span>\u00a0&#8211; Bucarest<\/span><\/strong><\/p>\n<p style=\"text-align: center;\"><strong><a href=\"http:\/\/www.antipa.ro\/\" target=\"_blank\" rel=\"noopener noreferrer\"><span>Mus\u00e9e national d&rsquo;histoire naturelle de Grigore Antipa<\/span><\/a><span>\u00a0&#8211; Bucarest<\/span><\/strong><\/p>\n<p style=\"text-align: center;\"><strong><a href=\"http:\/\/www.harti-vechi.ro\/\" target=\"_blank\" rel=\"noopener noreferrer\"><span>Mus\u00e9e national des cartes et des livres anciens<\/span><\/a><\/strong><\/p>\n<p style=\"text-align: center;\"><strong><a href=\"http:\/\/www.sintec.ro\/muzeu\" target=\"_blank\" rel=\"noopener noreferrer\"><span>Mus\u00e9e de min\u00e9ralogie<\/span><\/a><span>\u00a0&#8211; Baia Mare<\/span><\/strong><\/p>\n<p style=\"text-align: center;\"><strong><a href=\"http:\/\/www.museum.ro\/\" target=\"_blank\" rel=\"noopener noreferrer\"><span>Mus\u00e9e national d&rsquo;art de Roumanie<\/span><\/a><span>\u00a0&#8211; Bucarest<\/span><\/strong><\/p>\n<p style=\"text-align: center;\"><strong><a href=\"http:\/\/www.mlr.ro\/\" target=\"_blank\" rel=\"noopener noreferrer\"><span>Mus\u00e9e de la litt\u00e9rature roumaine<\/span><\/a><span>\u00a0&#8211; Bucarest<\/span><\/strong><\/p>\n<p style=\"text-align: center;\"><strong><a href=\"http:\/\/www.etnobrasov.ro\/\" target=\"_blank\" rel=\"noopener noreferrer\"><span>Mus\u00e9e d&rsquo;ethnographie<\/span><\/a><span>\u00a0&#8211; Bra\u00baov<\/span><\/strong><\/p>\n<p style=\"text-align: center;\"><strong><a href=\"http:\/\/www.sintec.ro\/muz-pop\" target=\"_blank\" rel=\"noopener noreferrer\"><span>Mus\u00e9e du comt\u00e9 de Maramure\u00ba<\/span><\/a><span>\u00a0&#8211; Baia Mare, D\u00e9partement d&rsquo;ethnographie et d&rsquo;art\u00a0<a href=\"http:\/\/www.sintec.ro\/muz-pop\" target=\"_blank\" rel=\"noopener noreferrer\">populaire<\/a><\/span><\/strong><\/p>\n<p style=\"text-align: center;\"><strong><span>Directeurs de mus\u00e9e<\/span><\/strong><\/p>\n<p style=\"text-align: center;\"><span class=\"text_mic\"><strong><a href=\"http:\/\/www.cimec.ro\/scripts\/Muzee\/sel.asp\" target=\"_blank\" rel=\"noopener noreferrer\"><span>Index alphab\u00e9tique des mus\u00e9es et maisons comm\u00e9moratives en Roumanie<\/span><\/a><\/strong><\/span><\/p>\n<p style=\"text-align: center;\"><span class=\"text_mic\"><strong><a href=\"http:\/\/www.123world.com\/museumsandgalleries\/index.html\" target=\"_blank\" rel=\"noopener noreferrer\"><span>Index alphab\u00e9tique des sites des mus\u00e9es et galeries du monde<\/span><\/a><\/strong><\/span><\/p>\n<p style=\"text-align: center;\"><span class=\"text_mic\"><strong><a href=\"http:\/\/www.europeanmuseumguide.com\/\" target=\"_blank\" rel=\"noopener noreferrer\"><span>Mus\u00e9es, collections et expositions en Europe<\/span><\/a><\/strong><\/span><\/p>\n<p style=\"text-align: center;\"><span class=\"text_mic\"><strong><a href=\"http:\/\/www.museumtix.com\/\" target=\"_blank\" rel=\"noopener noreferrer\"><span>\u00c9v\u00e9nements organis\u00e9s par des mus\u00e9es du monde entier<\/span><\/a><\/strong><\/span><\/p>\n<p style=\"text-align: center;\"><span class=\"text_mic\"><strong><a href=\"http:\/\/www.museophile.com\/\" target=\"_blank\" rel=\"noopener noreferrer\"><span>Mus\u00e9es en ligne<\/span><\/a><\/strong><\/span><\/p>\n<p style=\"text-align: center;\"><strong><span>Monuments historiques<\/span><\/strong><\/p>\n<p style=\"text-align: center;\"><span class=\"text_mic\"><strong><a href=\"http:\/\/www.monumente-istorice.ro\/\" target=\"_blank\" rel=\"noopener noreferrer\"><span>Institut national des monuments historiques<\/span><\/a><\/strong><\/span><\/p>\n<p style=\"text-align: center;\"><span class=\"text_mic\"><strong><a href=\"http:\/\/www.oficiul-monumentelor.ro\/\" target=\"_blank\" rel=\"noopener noreferrer\"><span>Office National des Monuments Historiques<\/span><\/a><\/strong><\/span><\/p>\n<p style=\"text-align: center;\"><span class=\"text_mic\"><strong><a href=\"http:\/\/www.cimec.ro\/Monumente\/Monumente.htm\" target=\"_blank\" rel=\"noopener noreferrer\"><span>Monuments, forteresses m\u00e9di\u00e9vales<\/span><\/a><\/strong><\/span><\/p>\n<p style=\"text-align: center;\"><span class=\"text_mic\"><strong><a href=\"http:\/\/www.medievalroutes.com\/\" target=\"_blank\" rel=\"noopener noreferrer\"><span>Monuments historiques en Roumanie<\/span><\/a><\/strong><\/span><\/p>\n<p>[\/et_pb_text][\/et_pb_column][\/et_pb_row][et_pb_row _builder_version=\u00a0\u00bb3.0.48&Prime; background_size=\u00a0\u00bbinitial\u00a0\u00bb background_position=\u00a0\u00bbtop_left\u00a0\u00bb background_repeat=\u00a0\u00bbrepeat\u00a0\u00bb][et_pb_column type=\u00a0\u00bb4_4&Prime;][et_pb_text _builder_version=\u00a0\u00bb3.21.1&Prime; z_index_tablet=\u00a0\u00bb500&Prime;]<\/p>\n<p>&nbsp;<\/p>\n<p>&nbsp;<\/p>\n<p>&nbsp;<\/p>\n<p>[\/et_pb_text][\/et_pb_column][\/et_pb_row][\/et_pb_section][et_pb_section bb_built=\u00a0\u00bb1&Prime; admin_label=\u00a0\u00bbCTA\u00a0\u00bb _builder_version=\u00a0\u00bb3.21.1&Prime; background_color_gradient_start=\u00a0\u00bb#002147&Prime; background_color_gradient_end=\u00a0\u00bbrgba(255,208,136,0.84)\u00a0\u00bb background_color_gradient_end_position=\u00a0\u00bb70%\u00a0\u00bb background_color_gradient_overlays_image=\u00a0\u00bbon\u00a0\u00bb custom_margin=\u00a0\u00bb|||\u00a0\u00bb custom_padding=\u00a0\u00bb||0px||false\u00a0\u00bb z_index_tablet=\u00a0\u00bb500&Prime; background_color=\u00a0\u00bb#002147&Prime; prev_background_color=\u00a0\u00bb#ffffff\u00a0\u00bb][et_pb_row _builder_version=\u00a0\u00bb3.21.1&Prime;][et_pb_column type=\u00a0\u00bb4_4&Prime;][et_pb_image admin_label=\u00a0\u00bbLOGO STINDARD SUBSOL\u00a0\u00bb _builder_version=\u00a0\u00bb3.21.1&Prime; src=\u00a0\u00bbhttps:\/\/stindard.ro\/wp-content\/uploads\/2019\/03\/Logo-transparent_Asociatia-STINDARD_ro_100x116.png\u00a0\u00bb z_index_tablet=\u00a0\u00bb500&Prime; align=\u00a0\u00bbcenter\u00a0\u00bb \/][\/et_pb_column][\/et_pb_row][\/et_pb_section]<\/p>\n","protected":false},"excerpt":{"rendered":"<p>\u00a0\u00a0\u00a0 Mus\u00e9es d&rsquo;histoireMus\u00e9e national d&rsquo;histoire roumaine\u00a0&#8211; BucarestMus\u00e9e national Brukenthal\u00a0&#8211;\u00a0SibiuComplexe du mus\u00e9e national d&rsquo;Astra\u00a0&#8211;\u00a0SibiuMus\u00e9e national d&rsquo;histoire de Transylvanie\u00a0&#8211;\u00a0Cluj-NapocaMoldavie\u00a0&#8211;\u00a0Iasi\u00a0National Museum ComplexMus\u00e9e du sonMus\u00e9es militairesMus\u00e9e militaire national\u00a0&#8211; BucarestMus\u00e9e de l&rsquo;aviation\u00a0&#8211;\u00a0BucarestMus\u00e9e de la marine roumaine\u00a0&#8211;\u00a0ConstantaMus\u00e9e de l&rsquo;Acad\u00e9mie navale \u00ab\u00a0Mircea cel Batr\u00e2n\u00a0\u00bb\u00a0&#8211;\u00a0Constan\u021baMus\u00e9es sp\u00e9cialis\u00e9sMus\u00e9e de l&rsquo;horloge\u00a0&#8211; Ploie\u015ftiMus\u00e9e du paysan roumain\u00a0&#8211; BucarestMus\u00e9e national du village \u00ab\u00a0Dimitrie Gusti\u00a0\u00bb\u00a0&#8211; BucarestMus\u00e9e national d&rsquo;histoire naturelle de [&hellip;]<\/p>\n","protected":false},"author":2,"featured_media":0,"parent":0,"menu_order":0,"comment_status":"closed","ping_status":"closed","template":"","meta":{"_et_pb_use_builder":"on","_et_pb_old_content":"","_et_gb_content_width":""},"_links":{"self":[{"href":"https:\/\/stindard.ro\/fr\/wp-json\/wp\/v2\/pages\/1406"}],"collection":[{"href":"https:\/\/stindard.ro\/fr\/wp-json\/wp\/v2\/pages"}],"about":[{"href":"https:\/\/stindard.ro\/fr\/wp-json\/wp\/v2\/types\/page"}],"author":[{"embeddable":true,"href":"https:\/\/stindard.ro\/fr\/wp-json\/wp\/v2\/users\/2"}],"replies":[{"embeddable":true,"href":"https:\/\/stindard.ro\/fr\/wp-json\/wp\/v2\/comments?post=1406"}],"version-history":[{"count":10,"href":"https:\/\/stindard.ro\/fr\/wp-json\/wp\/v2\/pages\/1406\/revisions"}],"predecessor-version":[{"id":2395,"href":"https:\/\/stindard.ro\/fr\/wp-json\/wp\/v2\/pages\/1406\/revisions\/2395"}],"wp:attachment":[{"href":"https:\/\/stindard.ro\/fr\/wp-json\/wp\/v2\/media?parent=1406"}],"curies":[{"name":"wp","href":"https:\/\/api.w.org\/{rel}","templated":true}]}}