{"id":1433,"date":"2020-03-18T05:42:57","date_gmt":"2020-03-18T05:42:57","guid":{"rendered":"http:\/\/hosting-super.eu\/siteuri\/sitedorian\/?page_id=1433"},"modified":"2020-07-05T22:38:28","modified_gmt":"2020-07-05T19:38:28","slug":"link-uri-utile","status":"publish","type":"page","link":"https:\/\/stindard.ro\/fr\/link-uri-utile\/","title":{"rendered":"LIENS UTILES"},"content":{"rendered":"<p>[et_pb_section bb_built=\u00a0\u00bb1&Prime; fullwidth=\u00a0\u00bbon\u00a0\u00bb next_background_color=\u00a0\u00bb#ffffff\u00a0\u00bb _builder_version=\u00a0\u00bb3.19.3&Prime; background_image=\u00a0\u00bbhttp:\/\/hosting-super.eu\/siteuri\/sitedorian\/wp-content\/uploads\/2019\/03\/life-coach-09.jpg\u00a0\u00bb module_alignment=\u00a0\u00bbcenter\u00a0\u00bb bottom_divider_style=\u00a0\u00bbslant\u00a0\u00bb bottom_divider_flip=\u00a0\u00bbhorizontal\u00a0\u00bb animation_direction=\u00a0\u00bbtop\u00a0\u00bb z_index_tablet=\u00a0\u00bb500&Prime; gutter_width=\u00a0\u00bb2&Prime;][et_pb_fullwidth_header admin_label=\u00a0\u00bbLIENS UTILES\u00a0\u00bb title=\u00a0\u00bbLIENS UTILES\u00a0\u00bb text_orientation=\u00a0\u00bbcenter\u00a0\u00bb header_scroll_down=\u00a0\u00bbon\u00a0\u00bb scroll_down_icon=\u00a0\u00bb%%9%%\u00a0\u00bb scroll_down_icon_size=\u00a0\u00bb52px\u00a0\u00bb background_overlay_color=\u00a0\u00bbrgba(247,247,247,0)\u00a0\u00bb scroll_down_icon_size_tablet=\u00a0\u00bb56px\u00a0\u00bb scroll_down_icon_size_phone=\u00a0\u00bb59px\u00a0\u00bb scroll_down_icon_size_last_edited=\u00a0\u00bbon|phone\u00a0\u00bb _builder_version=\u00a0\u00bb3.19.3&Prime; title_font=\u00a0\u00bbalatsi|100||on|||||\u00a0\u00bb title_text_align=\u00a0\u00bbcenter\u00a0\u00bb title_text_color=\u00a0\u00bb#ffffff\u00a0\u00bb title_font_size=\u00a0\u00bb58px\u00a0\u00bb title_font_size_tablet=\u00a0\u00bb54px\u00a0\u00bb title_font_size_phone=\u00a0\u00bb41px\u00a0\u00bb title_font_size_last_edited=\u00a0\u00bbon|desktop\u00a0\u00bb title_letter_spacing=\u00a0\u00bb2px\u00a0\u00bb title_line_height=\u00a0\u00bb1.2em\u00a0\u00bb title_text_shadow_style=\u00a0\u00bbpreset2&Prime; content_font=\u00a0\u00bbalatsi|100|||||||\u00a0\u00bb content_text_align=\u00a0\u00bbcenter\u00a0\u00bb content_text_color=\u00a0\u00bb#ffffff\u00a0\u00bb content_letter_spacing=\u00a0\u00bb1px\u00a0\u00bb content_line_height=\u00a0\u00bb1.8em\u00a0\u00bb content_text_shadow_style=\u00a0\u00bbpreset2&Prime; subhead_font=\u00a0\u00bbalatsi|300||on|||||\u00a0\u00bb subhead_text_align=\u00a0\u00bbcenter\u00a0\u00bb subhead_text_color=\u00a0\u00bb#ffffff\u00a0\u00bb subhead_font_size=\u00a0\u00bb21px\u00a0\u00bb subhead_font_size_tablet=\u00a0\u00bb18px\u00a0\u00bb subhead_font_size_phone=\u00a0\u00bb14px\u00a0\u00bb subhead_font_size_last_edited=\u00a0\u00bbon|phone\u00a0\u00bb subhead_letter_spacing=\u00a0\u00bb1px\u00a0\u00bb subhead_letter_spacing_last_edited=\u00a0\u00bbon|phone\u00a0\u00bb subhead_line_height=\u00a0\u00bb1.1em\u00a0\u00bb subhead_line_height_tablet=\u00a0\u00bb1.2em\u00a0\u00bb subhead_line_height_phone=\u00a0\u00bb1.3em\u00a0\u00bb subhead_line_height_last_edited=\u00a0\u00bbon|phone\u00a0\u00bb background_color=\u00a0\u00bbrgba(251,188,5,0)\u00a0\u00bb background_image=\u00a0\u00bbhttps:\/\/stindard.ro\/wp-content\/uploads\/2020\/04\/stindard-ro_albastru-galben-rosu.jpg\u00a0\u00bb parallax=\u00a0\u00bbon\u00a0\u00bb custom_button_two=\u00a0\u00bbon\u00a0\u00bb button_two_text_size=\u00a0\u00bb17&Prime; button_two_text_color=\u00a0\u00bb#002147&Prime; button_two_bg_color=\u00a0\u00bb#ffffff\u00a0\u00bb button_two_border_color=\u00a0\u00bb#ffffff\u00a0\u00bb button_two_border_radius=\u00a0\u00bb30&Prime; button_two_font=\u00a0\u00bbalatsi|||on|||||\u00a0\u00bb button_two_icon=\u00a0\u00bb%%3%%\u00a0\u00bb button_two_icon_color=\u00a0\u00bb#002147&Prime; button_two_text_size_tablet=\u00a0\u00bb15&Prime; button_two_text_size_phone=\u00a0\u00bb12&Prime; button_two_text_size_last_edited=\u00a0\u00bbon|phone\u00a0\u00bb custom_button_one=\u00a0\u00bbon\u00a0\u00bb button_one_text_size=\u00a0\u00bb17&Prime; button_one_text_color=\u00a0\u00bb#002147&Prime; button_one_bg_color=\u00a0\u00bb#ffffff\u00a0\u00bb button_one_border_width=\u00a0\u00bb3&Prime; button_one_border_color=\u00a0\u00bb#ffffff\u00a0\u00bb button_one_border_radius=\u00a0\u00bb50&Prime; button_one_font=\u00a0\u00bbalatsi|||on|||||\u00a0\u00bb button_one_icon=\u00a0\u00bb%%3%%\u00a0\u00bb button_one_icon_color=\u00a0\u00bb#002147&Prime; button_one_text_size_tablet=\u00a0\u00bb15&Prime; button_one_text_size_phone=\u00a0\u00bb12&Prime; button_one_text_size_last_edited=\u00a0\u00bbon|phone\u00a0\u00bb custom_margin=\u00a0\u00bb|||\u00a0\u00bb custom_padding=\u00a0\u00bb5vw||150px||false\u00a0\u00bb mix_blend_mode=\u00a0\u00bbdarken\u00a0\u00bb z_index_tablet=\u00a0\u00bb500&Prime; text_shadow_style=\u00a0\u00bbpreset2&Prime; text_shadow_blur_strength=\u00a0\u00bb0.16em\u00a0\u00bb button_one_text_size__hover_enabled=\u00a0\u00bboff\u00a0\u00bb button_one_text_size__hover=\u00a0\u00bbnull\u00a0\u00bb button_two_text_size__hover_enabled=\u00a0\u00bboff\u00a0\u00bb button_two_text_size__hover=\u00a0\u00bbnull\u00a0\u00bb button_one_text_color__hover_enabled=\u00a0\u00bboff\u00a0\u00bb button_one_text_color__hover=\u00a0\u00bbnull\u00a0\u00bb button_two_text_color__hover_enabled=\u00a0\u00bboff\u00a0\u00bb button_two_text_color__hover=\u00a0\u00bbnull\u00a0\u00bb button_one_border_width__hover_enabled=\u00a0\u00bboff\u00a0\u00bb button_one_border_width__hover=\u00a0\u00bbnull\u00a0\u00bb button_two_border_width__hover_enabled=\u00a0\u00bboff\u00a0\u00bb button_two_border_width__hover=\u00a0\u00bbnull\u00a0\u00bb button_one_border_color__hover_enabled=\u00a0\u00bboff\u00a0\u00bb button_one_border_color__hover=\u00a0\u00bbnull\u00a0\u00bb button_two_border_color__hover_enabled=\u00a0\u00bboff\u00a0\u00bb button_two_border_color__hover=\u00a0\u00bbnull\u00a0\u00bb button_one_border_radius__hover_enabled=\u00a0\u00bboff\u00a0\u00bb button_one_border_radius__hover=\u00a0\u00bbnull\u00a0\u00bb button_two_border_radius__hover_enabled=\u00a0\u00bboff\u00a0\u00bb button_two_border_radius__hover=\u00a0\u00bbnull\u00a0\u00bb button_one_letter_spacing__hover_enabled=\u00a0\u00bboff\u00a0\u00bb button_one_letter_spacing__hover=\u00a0\u00bbnull\u00a0\u00bb button_two_letter_spacing__hover_enabled=\u00a0\u00bboff\u00a0\u00bb button_two_letter_spacing__hover=\u00a0\u00bbnull\u00a0\u00bb button_one_bg_color__hover_enabled=\u00a0\u00bboff\u00a0\u00bb button_one_bg_color__hover=\u00a0\u00bbnull\u00a0\u00bb button_two_bg_color__hover_enabled=\u00a0\u00bboff\u00a0\u00bb button_two_bg_color__hover=\u00a0\u00bbnull\u00a0\u00bb \/][\/et_pb_section][et_pb_section bb_built=\u00a0\u00bb1&Prime; admin_label=\u00a0\u00bbContact Section\u00a0\u00bb next_background_color=\u00a0\u00bb#002147&Prime; _builder_version=\u00a0\u00bb3.6&Prime; custom_padding=\u00a0\u00bb54px|0px|0|0px|false|false\u00a0\u00bb bottom_divider_style=\u00a0\u00bbslant\u00a0\u00bb bottom_divider_flip=\u00a0\u00bbhorizontal\u00a0\u00bb bottom_divider_arrangement=\u00a0\u00bbabove_content\u00a0\u00bb prev_background_color=\u00a0\u00bb#000000&Prime;][et_pb_row _builder_version=\u00a0\u00bb3.0.48&Prime; background_size=\u00a0\u00bbinitial\u00a0\u00bb background_position=\u00a0\u00bbtop_left\u00a0\u00bb background_repeat=\u00a0\u00bbrepeat\u00a0\u00bb][et_pb_column type=\u00a0\u00bb4_4&Prime;][et_pb_text _builder_version=\u00a0\u00bb3.19.3&Prime; text_font_size=\u00a0\u00bb16px\u00a0\u00bb z_index_tablet=\u00a0\u00bb500&Prime;]<\/p>\n<p style=\"text-align: center;\"><a href=\"http:\/\/www.primascoalaromaneasca.ro\/index.php?p=home\" target=\"_blank\" rel=\"noopener noreferrer\"><span>La premi\u00e8re \u00e9cole roumaine &#8211; construite en 1495, reconstruite en 1760<\/span><\/a><span>\u00a0\u00a0&#8211; Brasov, Schei<\/span><\/p>\n<p style=\"text-align: center;\"><a href=\"http:\/\/www.presidency.ro\/\" target=\"_blank\" rel=\"noopener noreferrer\"><span>Le pr\u00e9sident de la Roumanie<\/span><\/a><\/p>\n<p style=\"text-align: center;\"><a href=\"http:\/\/www.gov.ro\/\" target=\"_blank\" rel=\"noopener noreferrer\"><span>Le gouvernement de la Roumanie<\/span><\/a><\/p>\n<p style=\"text-align: center;\"><a href=\"http:\/\/www.senat.ro\/\" target=\"_blank\" rel=\"noopener noreferrer\"><span>S\u00e9nat roumain<\/span><\/a><\/p>\n<p style=\"text-align: center;\"><a href=\"http:\/\/www.cdep.ro\/\" target=\"_blank\" rel=\"noopener noreferrer\"><span>Chambre des d\u00e9put\u00e9s<\/span><\/a><\/p>\n<p style=\"text-align: center;\"><a href=\"http:\/\/www.cultura.ro\/\" target=\"_blank\" rel=\"noopener noreferrer\"><span>Minist\u00e8re de la culture et des cultes<\/span><\/a><\/p>\n<p style=\"text-align: center;\"><a href=\"http:\/\/www.academiaromana.ro\/\" target=\"_blank\" rel=\"noopener noreferrer\"><span>Acad\u00e9mie roumaine<\/span><\/a><\/p>\n<p style=\"text-align: center;\"><a href=\"http:\/\/www.once.ro\/\" target=\"_blank\" rel=\"noopener noreferrer\"><span>Office national du culte des h\u00e9ros<\/span><\/a><\/p>\n<p style=\"text-align: center;\"><a href=\"http:\/\/www.mae.ro\/index.php?unde=doc&#038;id=28366&#038;idlnk=1&#038;cat=3\" target=\"_blank\" rel=\"noopener noreferrer\"><span>D\u00e9partement des relations avec les Roumains de partout (MAE)<\/span><\/a><\/p>\n<p style=\"text-align: center;\"><a href=\"http:\/\/www.cimec.ro\/\" target=\"_blank\" rel=\"noopener noreferrer\"><span>Institut roumain de m\u00e9moire culturelle<\/span><\/a><\/p>\n<p style=\"text-align: center;\"><a href=\"http:\/\/www.iicbucarest.esteri.it\/\" target=\"_blank\" rel=\"noopener noreferrer\"><span>Institut italien de la culture \u00e0 Bucarest<\/span><\/a><\/p>\n<p style=\"text-align: center;\"><a href=\"http:\/\/www.euroinst.ro\/\" target=\"_blank\" rel=\"noopener noreferrer\"><span>Institut europ\u00e9en de coop\u00e9ration culturelle et scientifique<\/span><\/a><\/p>\n<p style=\"text-align: center;\"><a href=\"http:\/\/www.centrul-european-sinaia.ro\/\" target=\"_blank\" rel=\"noopener noreferrer\"><span>Centre culturel europ\u00e9en Sinaia<\/span><\/a><\/p>\n<p style=\"text-align: center;\"><a href=\"http:\/\/www.icr.ro\/\" target=\"_blank\" rel=\"noopener noreferrer\"><span>Institut culturel roumain<\/span><\/a><\/p>\n<p style=\"text-align: center;\"><a href=\"http:\/\/www.centrul-cultura-traditionala.ro\/\" target=\"_blank\" rel=\"noopener noreferrer\"><span>Centre national pour la pr\u00e9servation et la promotion de la culture traditionnelle<\/span><\/a><\/p>\n<p style=\"text-align: center;\"><a href=\"http:\/\/www.cndc.ro\/\" target=\"_blank\" rel=\"noopener noreferrer\"><span>Comit\u00e9 national de d\u00e9veloppement culturel<\/span><\/a><\/p>\n<p style=\"text-align: center;\"><a href=\"http:\/\/www.arcub.ro\/\" target=\"_blank\" rel=\"noopener noreferrer\"><span>Centre des projets culturels de Bucarest<\/span><\/a><\/p>\n<p style=\"text-align: center;\"><a href=\"http:\/\/www.coe.ro\/\" target=\"_blank\" rel=\"noopener noreferrer\"><span>Bureau d&rsquo;information du Conseil de l&rsquo;Europe \u00e0 Bucarest<\/span><\/a><\/p>\n<p style=\"text-align: center;\"><a href=\"http:\/\/www.6dorobanti.ro\/\" target=\"_blank\" rel=\"noopener noreferrer\"><span>6 Association Dorobanti<\/span><\/a><span>\u00a0\u00a0&#8211; promeut les traditions du 6e r\u00e9giment de garde Dorobanti \u00ab\u00a0Mihai Viteazul\u00a0\u00bb<\/span><\/p>\n<p style=\"text-align: center;\"><a href=\"http:\/\/www.traditia-militara.ro\/\" target=\"_blank\" rel=\"noopener noreferrer\"><span>Association TRADITION MILITAIRE<\/span><\/a><\/p>\n<p style=\"text-align: center;\"><a href=\"http:\/\/www.probasarabiasibucovina.ro\/\" target=\"_blank\" rel=\"noopener noreferrer\"><b><span>Association culturelle PRO BASARABIA SI BUCOVINA<\/span><\/b><\/a><\/p>\n<p style=\"text-align: center;\"><a href=\"http:\/\/www.taramotilor.ro\/\" target=\"_blank\" rel=\"noopener noreferrer\"><span>Tara Motilor<\/span><\/a><\/p>\n<p style=\"text-align: center;\"><a href=\"http:\/\/www.saeculum.ro\/\" target=\"_blank\" rel=\"noopener noreferrer\"><span>Maison d&rsquo;\u00e9dition Saeculum IO<\/span><\/a><span>\u00a0\u00a0Bucarest<\/span><\/p>\n<p style=\"text-align: center;\">\u00a0<\/p>\n<p style=\"text-align: center;\"><span>Luc FRANCOIS &#8211;\u00a0\u00a0<\/span><b><span>32 h\u00e9ros roumains en Belgique<\/span><\/b><\/p>\n<p style=\"text-align: center;\">\u00a0<\/p>\n<p style=\"text-align: center;\"><span>Association des professeurs d&rsquo;histoire roumaine &#8211; Clio<\/span><\/p>\n<p style=\"text-align: center;\">\u00a0<\/p>\n<p style=\"text-align: center;\"><b><span>Personnalit\u00e9s militaires<\/span><\/b><\/p>\n<p style=\"text-align: center;\"><a href=\"http:\/\/www.general.mociulschi.ro\/\" target=\"_blank\" rel=\"noopener noreferrer\"><span>G\u00e9n\u00e9ral Leonard MOCIULSCHI<\/span><\/a><\/p>\n<p style=\"text-align: center;\"><a href=\"http:\/\/www.generaldumitrache.ro\/\" target=\"_blank\" rel=\"noopener noreferrer\"><span>G\u00e9n\u00e9ral Ioan DUMITRACHE<\/span><\/a><\/p>\n<p style=\"text-align: center;\"><b><span>Associations de militaires en r\u00e9serve et en retraite, v\u00e9t\u00e9rans de guerre<\/span><\/b><\/p>\n<p style=\"text-align: center;\"><a href=\"http:\/\/sindicatulcmd.blogspot.com\/\" target=\"_blank\" rel=\"noopener noreferrer\"><span>Union du personnel militaire disponible<\/span><\/a><\/p>\n<p style=\"text-align: center;\"><b><span>Association des Cadres Militaires de R\u00e9serve &#8211; \u00ab\u00a0Avram Iancu\u00a0\u00bb<\/span><\/b><\/p>\n<p style=\"text-align: center;\"><strong><span>Association des officiers de r\u00e9serve roumains<\/span><\/strong><\/p>\n<p style=\"text-align: center;\"><a href=\"http:\/\/www.acmirr.cabanova.ro\/\" target=\"_blank\" rel=\"noopener noreferrer\"><span>Association des cadres militaires de r\u00e9serve et de retrait des transmissions d&rsquo;armes, de l&rsquo;informatique et de la guerre \u00e9lectronique &#8211; filiale de Gorj<\/span><\/a><\/p>\n<p style=\"text-align: center;\"><b><span>divers<\/span><\/b><\/p>\n<p style=\"text-align: center;\"><a href=\"http:\/\/www.olimpiade.ro\/\" target=\"_blank\" rel=\"noopener noreferrer\"><span>Jeux olympiques<\/span><\/a><span>\u00a0\u00a0&#8211; nouvelles, r\u00e9sultats, autres concours<\/span><\/p>\n<p style=\"text-align: center;\"><a href=\"http:\/\/www.centruldestudii.ro\/\" target=\"_blank\" rel=\"noopener noreferrer\"><span>Centre d&rsquo;\u00e9tude des ressources roumaines<\/span><\/a><\/p>\n<p style=\"text-align: center;\"><a href=\"http:\/\/www.eustory-romania.home.ro\/index.htm\" target=\"_blank\" rel=\"noopener noreferrer\"><span>Mon histoire &#8211; EUSTORY<\/span><\/a><\/p>\n<p style=\"text-align: center;\"><a href=\"http:\/\/www.agero-stuttgart.de\/\" target=\"_blank\" rel=\"noopener noreferrer\"><span>AGERO &#8211; Association germano-roumaine de Stuttgart<\/span><\/a><span>\u00a0\u00a0&#8211; Deutsch-Rum\u00e4nischer Verein Stuttgart eV<\/span><\/p>\n<p style=\"text-align: center;\"><span>BASARABIE &#8211; Terre roumaine<\/span><\/p>\n<p style=\"text-align: center;\"><a href=\"http:\/\/www.comunicatemedia.ro\/\" target=\"_blank\" rel=\"noopener noreferrer\"><span>Communiqu\u00e9s de presse<\/span><\/a><\/p>\n<p style=\"text-align: center;\"><b><span>Les publications<\/span><\/b><\/p>\n<p style=\"text-align: center;\"><a href=\"http:\/\/www.rostonline.ro\/\" target=\"_blank\" rel=\"noopener noreferrer\"><span>ROST<\/span><\/a><span>\u00a0\u00a0&#8211; Magazine mensuel publi\u00e9 par l&rsquo;Association ROST<\/span><\/p>\n<p style=\"text-align: center;\"><a href=\"http:\/\/iic.alpinet.org\/\" target=\"_blank\" rel=\"noopener noreferrer\"><span>Invitation aux Carpates<\/span><\/a><span>\u00a0\u00a0&#8211; Magazine mensuel pour la randonn\u00e9e, la montagne, la nature, distribu\u00e9 par voie \u00e9lectronique, publi\u00e9 par le Projet Alpinet<\/span><\/p>\n<p style=\"text-align: center;\"><a href=\"http:\/\/www.stiriong.ro\/\" target=\"_blank\" rel=\"noopener noreferrer\"><span><span class=\"goog-text-highlight\">Nouvelles des ONG<\/span><\/span><\/a><\/p>\n<p>[\/et_pb_text][\/et_pb_column][\/et_pb_row][et_pb_row _builder_version=\u00a0\u00bb3.0.48&Prime; background_size=\u00a0\u00bbinitial\u00a0\u00bb background_position=\u00a0\u00bbtop_left\u00a0\u00bb background_repeat=\u00a0\u00bbrepeat\u00a0\u00bb][et_pb_column type=\u00a0\u00bb4_4&Prime;][et_pb_text _builder_version=\u00a0\u00bb3.21.1&Prime; z_index_tablet=\u00a0\u00bb500&Prime;]<\/p>\n<p>&nbsp;<\/p>\n<p>&nbsp;<\/p>\n<p>&nbsp;<\/p>\n<p>[\/et_pb_text][\/et_pb_column][\/et_pb_row][\/et_pb_section][et_pb_section bb_built=\u00a0\u00bb1&Prime; admin_label=\u00a0\u00bbCTA\u00a0\u00bb _builder_version=\u00a0\u00bb3.19.3&Prime; background_color_gradient_start=\u00a0\u00bb#002147&Prime; background_color_gradient_end=\u00a0\u00bbrgba(255,208,136,0.84)\u00a0\u00bb background_color_gradient_end_position=\u00a0\u00bb70%\u00a0\u00bb background_color_gradient_overlays_image=\u00a0\u00bbon\u00a0\u00bb custom_margin=\u00a0\u00bb|||\u00a0\u00bb custom_padding=\u00a0\u00bb||0px||false\u00a0\u00bb z_index_tablet=\u00a0\u00bb500&Prime; background_color=\u00a0\u00bb#002147&Prime; gutter_width=\u00a0\u00bb2&Prime; prev_background_color=\u00a0\u00bb#ffffff\u00a0\u00bb][et_pb_row _builder_version=\u00a0\u00bb3.21.1&Prime;][et_pb_column type=\u00a0\u00bb4_4&Prime;][et_pb_image admin_label=\u00a0\u00bbLOGO STINDARD SUBSOL\u00a0\u00bb _builder_version=\u00a0\u00bb3.21.1&Prime; src=\u00a0\u00bbhttps:\/\/stindard.ro\/wp-content\/uploads\/2019\/03\/Logo-transparent_Asociatia-STINDARD_ro_100x116.png\u00a0\u00bb z_index_tablet=\u00a0\u00bb500&Prime; align=\u00a0\u00bbcenter\u00a0\u00bb \/][\/et_pb_column][\/et_pb_row][\/et_pb_section]<\/p>\n","protected":false},"excerpt":{"rendered":"<p>La premi\u00e8re \u00e9cole roumaine &#8211; construite en 1495, reconstruite en 1760\u00a0\u00a0&#8211; Brasov, ScheiLe pr\u00e9sident de la RoumanieLe gouvernement de la RoumanieS\u00e9nat roumainChambre des d\u00e9put\u00e9sMinist\u00e8re de la culture et des cultesAcad\u00e9mie roumaineOffice national du culte des h\u00e9rosD\u00e9partement des relations avec les Roumains de partout (MAE)Institut roumain de m\u00e9moire culturelleInstitut italien de la culture \u00e0 BucarestInstitut europ\u00e9en [&hellip;]<\/p>\n","protected":false},"author":2,"featured_media":0,"parent":0,"menu_order":0,"comment_status":"closed","ping_status":"closed","template":"","meta":{"_et_pb_use_builder":"on","_et_pb_old_content":"","_et_gb_content_width":""},"_links":{"self":[{"href":"https:\/\/stindard.ro\/fr\/wp-json\/wp\/v2\/pages\/1433"}],"collection":[{"href":"https:\/\/stindard.ro\/fr\/wp-json\/wp\/v2\/pages"}],"about":[{"href":"https:\/\/stindard.ro\/fr\/wp-json\/wp\/v2\/types\/page"}],"author":[{"embeddable":true,"href":"https:\/\/stindard.ro\/fr\/wp-json\/wp\/v2\/users\/2"}],"replies":[{"embeddable":true,"href":"https:\/\/stindard.ro\/fr\/wp-json\/wp\/v2\/comments?post=1433"}],"version-history":[{"count":13,"href":"https:\/\/stindard.ro\/fr\/wp-json\/wp\/v2\/pages\/1433\/revisions"}],"predecessor-version":[{"id":2388,"href":"https:\/\/stindard.ro\/fr\/wp-json\/wp\/v2\/pages\/1433\/revisions\/2388"}],"wp:attachment":[{"href":"https:\/\/stindard.ro\/fr\/wp-json\/wp\/v2\/media?parent=1433"}],"curies":[{"name":"wp","href":"https:\/\/api.w.org\/{rel}","templated":true}]}}