{"id":1498,"date":"2020-04-08T07:53:10","date_gmt":"2020-04-08T07:53:10","guid":{"rendered":"http:\/\/hosting-super.eu\/siteuri\/sitedorian\/?page_id=1498"},"modified":"2021-11-01T11:12:54","modified_gmt":"2021-11-01T09:12:54","slug":"termeni-si-conditii","status":"publish","type":"page","link":"https:\/\/stindard.ro\/fr\/termeni-si-conditii\/","title":{"rendered":"TERMES ET CONDITIONS"},"content":{"rendered":"<p>TERMES ET CONDITIONS GDPR<\/p>\n<p>Conditions g\u00e9n\u00e9rales d&rsquo;utilisation du site stindard.ro<\/p>\n<p>ACCEPTATION DES CONDITIONS<\/p>\n<p>En acc\u00e9dant \u00e0 ce site Web et \/ ou \u00e0 l&rsquo;une de ses pages, vous acceptez ces conditions d&rsquo;utilisation. Si vous n&rsquo;\u00eates pas d&rsquo;accord avec ces termes et conditions d&rsquo;utilisation, n&rsquo;acc\u00e9dez pas \u00e0 ce site.<\/p>\n<p>DESCRIPTION DES SERVICES<\/p>\n<p>Notre site vous fournit les informations de ce site \u00e0 des fins d&rsquo;information g\u00e9n\u00e9rale et ne garantit \u00e0 aucun moment leur exactitude, bien que tous les efforts soient faits pour garantir l&rsquo;exactitude de toutes les informations lors de leur publication sur le site.<\/p>\n<p>INTRODUCTION<br \/>\nLes pr\u00e9sentes Conditions G\u00e9n\u00e9rales d\u00e9finissent les conditions d&rsquo;utilisation du site stindard.ro par les visiteurs ou clients potentiels. En acc\u00e9dant et en naviguant sur ce site, vous acceptez les conditions d&rsquo;utilisation d\u00e9crites ci-dessous.<\/p>\n<p>DROITS SUR LE CONTENU DU SITE<br \/>\nL&rsquo;Association Stindard ne transf\u00e9rera pas la propri\u00e9t\u00e9 des applications logicielles.<\/p>\n<p>L&rsquo;Association Stindard poss\u00e8de des droits complets et complets sur le titre de propri\u00e9t\u00e9 et \u00e0 travers elle tous les droits d&rsquo;auteur et les brevets. Vous ne pouvez pas redistribuer, vendre, d\u00e9compiler, d\u00e9sassembler le logiciel sous une forme perceptible par l&rsquo;homme.<\/p>\n<p>Toutes les informations, produits ou applications contenus dans ce site sont la propri\u00e9t\u00e9 de l&rsquo;Association Stindard, qui se r\u00e9serve le droit de modifier le contenu et \/ ou la structure du site \u00e0 tout moment et sans pr\u00e9avis.<\/p>\n<p>L&rsquo;ensemble du contenu du site stindard.ro est prot\u00e9g\u00e9 par le droit d&rsquo;auteur, tous droits r\u00e9serv\u00e9s. Tous les droits concernant les pages, le contenu et la pr\u00e9sentation du site sont la propri\u00e9t\u00e9 de l&rsquo;Association Stindard. Il est interdit de copier, modifier, afficher, distribuer, transmettre, publier, commercialiser, conc\u00e9der sous licence, cr\u00e9er des \u0153uvres d\u00e9riv\u00e9es ou utiliser le contenu du site \u00e0 quelque fin que ce soit sans confirmation \u00e9crite de la Stindard Association.<\/p>\n<p>L&rsquo;acc\u00e8s et l&rsquo;utilisation de la page stindard.ro sont gratuits et visent \u00e0 aider les utilisateurs \u00e0 trouver les informations n\u00e9cessaires de la mani\u00e8re la plus simple et la plus rapide possible, selon les exigences de chacun.<\/p>\n<p>Les informations pr\u00e9sentes sur stindard.ro pr\u00e9sentent un int\u00e9r\u00eat g\u00e9n\u00e9ral et sont mises gratuitement \u00e0 la disposition des utilisateurs. Le terme \u00abutilisateur\u00bb de cette page d\u00e9signe toute personne physique ou morale qui acc\u00e9dera \u00e0 la page. Vous pouvez copier et imprimer le contenu de la page stindard.ro pour votre usage personnel, sans intention commerciale. Dans toute autre situation, le contenu de stindard.ro ne peut \u00eatre reproduit, modifi\u00e9 ou exploit\u00e9 sans le consentement explicite des repr\u00e9sentants de l&rsquo;Association Stindard.<\/p>\n<p>EXCLUSION DE RESPONSABILIT\u00c9<br \/>\nLe contenu des informations fait r\u00e9f\u00e9rence \u00e0 la description dans un certain degr\u00e9 de d\u00e9tail des activit\u00e9s, produits et services de l&rsquo;Association Stindard n&rsquo;accordera aucune garantie concernant:<\/p>\n<p>&#8211; \u00e9viter une utilisation difficile ou une interruption de l&rsquo;utilisation du site;<br \/>\n&#8211; affectant de mani\u00e8re non n\u00e9gative d&rsquo;autres syst\u00e8mes en utilisant le site;<br \/>\n&#8211; l&rsquo;absence sur le site de virus ou autres composants susceptibles de nuire aux utilisateurs.<\/p>\n<p>Ainsi, l&rsquo;Association Stindard ne peut \u00eatre tenue responsable des dommages directs ou indirects caus\u00e9s par l&rsquo;utilisation du site ou stindard.ro.<br \/>\nToutes les informations pr\u00e9sent\u00e9es sur le site concernant les produits stindard.ro, prix, informations, campagnes et promotions marketing, aspects techniques, sont pr\u00e9sent\u00e9es \u00e0 titre indicatif. Rien dans le contenu du site stindard.ro ne peut constituer une offre ferme de contracter et ne peut engager la responsabilit\u00e9 de l&rsquo;Association Stindard en l&rsquo;absence d&rsquo;accords ult\u00e9rieurs.<\/p>\n<p>Le contenu du site stindard.ro, des informations et des autres documents pr\u00e9sent\u00e9s ne repr\u00e9sente pas une consultation juridique au sens de la loi no. 51\/1995.<\/p>\n<p>Le RGPD est un ensemble de r\u00e8gles fond\u00e9es sur des principes complexes, qui est ouvert \u00e0 l&rsquo;interpr\u00e9tation et cite \u00e9galement de nombreux domaines dans lesquels les \u00c9tats membres sont invit\u00e9s \u00e0 intervenir. Il existe actuellement tr\u00e8s peu d&rsquo;orientations sur la mise en \u0153uvre du RGPD et il est possible que les autorit\u00e9s de surveillance aient des opinions diff\u00e9rentes de celles exprim\u00e9es dans ce mod\u00e8le. Malgr\u00e9 nos efforts pour fournir les meilleurs services, nous ne pouvons pas pr\u00e9voir exactement comment l&rsquo;autorit\u00e9 de surveillance ou les tribunaux interpr\u00e9teront le r\u00e8glement.<\/p>\n<p>Stindard.ro ne fait aucune repr\u00e9sentation, promesse ou garantie concernant l&rsquo;exactitude, l&rsquo;exhaustivit\u00e9 ou l&rsquo;ad\u00e9quation de ce contenu, les directives et le conseil, n&rsquo;assume aucune obligation de r\u00e9sultat ou de diligence envers toute personne, exclut et nie express\u00e9ment la responsabilit\u00e9 de tout co\u00fbt, perte ou dommage subi du fait de l&rsquo;utilisation du contenu.<\/p>\n<p>L&rsquo;OBJECTIF DU CONTENU DU SITE<br \/>\nL&rsquo;objectif du contenu du site est de transmettre des informations \u00e0 jour et exactes.<\/p>\n<p>L&rsquo;Association Stindard ne peut garantir que ces pages<\/p>\n","protected":false},"excerpt":{"rendered":"<p>TERMES ET CONDITIONS GDPR Conditions g\u00e9n\u00e9rales d&rsquo;utilisation du site stindard.ro ACCEPTATION DES CONDITIONS En acc\u00e9dant \u00e0 ce site Web et \/ ou \u00e0 l&rsquo;une de ses pages, vous acceptez ces conditions d&rsquo;utilisation. Si vous n&rsquo;\u00eates pas d&rsquo;accord avec ces termes et conditions d&rsquo;utilisation, n&rsquo;acc\u00e9dez pas \u00e0 ce site. DESCRIPTION DES SERVICES Notre site vous fournit [&hellip;]<\/p>\n","protected":false},"author":2,"featured_media":0,"parent":0,"menu_order":0,"comment_status":"closed","ping_status":"closed","template":"","meta":{"_et_pb_use_builder":"","_et_pb_old_content":"","_et_gb_content_width":""},"_links":{"self":[{"href":"https:\/\/stindard.ro\/fr\/wp-json\/wp\/v2\/pages\/1498"}],"collection":[{"href":"https:\/\/stindard.ro\/fr\/wp-json\/wp\/v2\/pages"}],"about":[{"href":"https:\/\/stindard.ro\/fr\/wp-json\/wp\/v2\/types\/page"}],"author":[{"embeddable":true,"href":"https:\/\/stindard.ro\/fr\/wp-json\/wp\/v2\/users\/2"}],"replies":[{"embeddable":true,"href":"https:\/\/stindard.ro\/fr\/wp-json\/wp\/v2\/comments?post=1498"}],"version-history":[{"count":9,"href":"https:\/\/stindard.ro\/fr\/wp-json\/wp\/v2\/pages\/1498\/revisions"}],"predecessor-version":[{"id":2325,"href":"https:\/\/stindard.ro\/fr\/wp-json\/wp\/v2\/pages\/1498\/revisions\/2325"}],"wp:attachment":[{"href":"https:\/\/stindard.ro\/fr\/wp-json\/wp\/v2\/media?parent=1498"}],"curies":[{"name":"wp","href":"https:\/\/api.w.org\/{rel}","templated":true}]}}