{"id":1500,"date":"2020-04-08T07:54:34","date_gmt":"2020-04-08T07:54:34","guid":{"rendered":"http:\/\/hosting-super.eu\/siteuri\/sitedorian\/?page_id=1500"},"modified":"2020-07-05T08:37:58","modified_gmt":"2020-07-05T05:37:58","slug":"politica-cookies","status":"publish","type":"page","link":"https:\/\/stindard.ro\/fr\/politica-cookies\/","title":{"rendered":"Politique de cookies"},"content":{"rendered":"<p>Si vous avez besoin de plus d&rsquo;informations et qu&rsquo;elles ne figurent pas ci-dessous, vous pouvez nous contacter \u00e0 contact@stindard.ro<\/p>\n<p>S&rsquo;il vous pla\u00eet lire attentivement les informations suivantes:<\/p>\n<p>Ce site Web utilise ses propres cookies et ceux de tiers pour offrir aux visiteurs une bien meilleure exp\u00e9rience de navigation et des services adapt\u00e9s aux besoins et aux int\u00e9r\u00eats de chacun.<\/p>\n<p>Dans ce que nous appelons le \u00ab\u00a0Web 2.0\u00a0\u00bb, les \u00ab\u00a0cookies\u00a0\u00bb jouent un r\u00f4le important en facilitant l&rsquo;acc\u00e8s \u00e0 et la fourniture de multiples services dont l&rsquo;utilisateur b\u00e9n\u00e9ficie sur Internet, tels que:<\/p>\n<p>Personnalisez certains param\u00e8tres tels que: la langue dans laquelle un site est consult\u00e9, la devise dans laquelle certains prix ou taux sont exprim\u00e9s, le maintien des options pour divers produits (mesures, autres d\u00e9tails, etc.) dans le panier (et le stockage de ces options) &#8211; g\u00e9n\u00e9rant ainsi Flexibilit\u00e9 \u00ab\u00a0panier\u00a0\u00bb (acc\u00e8s aux anciennes pr\u00e9f\u00e9rences en acc\u00e9dant aux boutons \u00ab\u00a0avant\u00a0\u00bb et \u00ab\u00a0arri\u00e8re\u00a0\u00bb)<br \/>\nLes cookies fournissent aux propri\u00e9taires de sites des informations pr\u00e9cieuses sur la fa\u00e7on dont leurs sites sont utilis\u00e9s par les utilisateurs, afin qu&rsquo;ils puissent les rendre encore plus efficaces et accessibles aux utilisateurs.<br \/>\nPermettre \u00e0 des applications multim\u00e9dias ou autres provenant d&rsquo;autres sites d&rsquo;\u00eatre incluses dans un site particulier pour cr\u00e9er une exp\u00e9rience de navigation plus pr\u00e9cieuse, utile et agr\u00e9able;<br \/>\nAm\u00e9liorez l&rsquo;efficacit\u00e9 de la publicit\u00e9 en ligne.<\/p>\n<p>Qu&rsquo;est-ce qu&rsquo;un \u00ab\u00a0cookie\u00a0\u00bb?<\/p>\n<p>Un \u00ab\u00a0cookie Internet\u00a0\u00bb (\u00e9galement appel\u00e9 \u00ab\u00a0cookie de navigateur\u00a0\u00bb ou \u00ab\u00a0cookie HTTP\u00a0\u00bb ou simplement un \u00ab\u00a0cookie\u00a0\u00bb) est un petit fichier, compos\u00e9 de lettres et de chiffres, qui sera stock\u00e9 sur votre ordinateur, terminal mobile ou autre \u00e9quipement d&rsquo;un utilisateur \u00e0 partir duquel l&rsquo;Internet est accessible.<\/p>\n<p>Le cookie est install\u00e9 sur demande \u00e9mise par un serveur Web \u00e0 un navigateur (par exemple Internet Explorer, Chrome) et est compl\u00e8tement \u00ab\u00a0passif\u00a0\u00bb (ne contient pas de logiciel, virus ou spyware et ne peut pas acc\u00e9der aux informations sur le disque dur de l&rsquo;utilisateur) .<\/p>\n<p>Un cookie se compose de 2 parties: le nom et le contenu ou la valeur du cookie. De plus, la dur\u00e9e d&rsquo;un cookie est d\u00e9termin\u00e9e; techniquement, seul le serveur Web qui a envoy\u00e9 le cookie peut y acc\u00e9der \u00e0 nouveau lorsqu&rsquo;un utilisateur retourne sur le site Web associ\u00e9 \u00e0 ce serveur Web.<\/p>\n<p>Les cookies eux-m\u00eames ne n\u00e9cessitent pas d&rsquo;informations personnelles pour \u00eatre utilis\u00e9s et, dans la plupart des cas, n&rsquo;identifient pas personnellement les utilisateurs d&rsquo;Internet.<\/p>\n<p>Il existe 2 grandes cat\u00e9gories de cookies:<\/p>\n<p>Cookies de session &#8211; ceux-ci sont temporairement stock\u00e9s dans le dossier des cookies du navigateur Web afin qu&rsquo;il puisse les stocker jusqu&rsquo;\u00e0 ce que l&rsquo;utilisateur quitte le site Web respectif ou ferme la fen\u00eatre du navigateur (par exemple lors de la connexion \u00e0 un compte de messagerie Web ou sur les r\u00e9seaux sociaux).<br \/>\nCookies persistants &#8211; Ils sont stock\u00e9s sur le disque dur d&rsquo;un ordinateur ou d&rsquo;un \u00e9quipement (et d\u00e9pendent g\u00e9n\u00e9ralement de la dur\u00e9e de vie par d\u00e9faut du cookie). Les cookies persistants incluent \u00e9galement ceux plac\u00e9s par un site Web autre que celui que l&rsquo;utilisateur visite actuellement &#8211; appel\u00e9s \u00abcookies tiers\u00bb &#8211; qui peuvent \u00eatre utilis\u00e9s de mani\u00e8re anonyme pour m\u00e9moriser les int\u00e9r\u00eats d&rsquo;un utilisateur afin que la publicit\u00e9 la plus pertinente pour les utilisateurs soit diffus\u00e9e.<\/p>\n<p>Quels sont les avantages des cookies?<\/p>\n<p>Un cookie contient des informations qui relient un navigateur Web (utilisateur) \u00e0 un serveur Web sp\u00e9cifique (site Web). Si un navigateur acc\u00e8de \u00e0 nouveau \u00e0 ce serveur Web, il peut lire les informations d\u00e9j\u00e0 stock\u00e9es et r\u00e9agir en cons\u00e9quence. Les cookies offrent aux utilisateurs une exp\u00e9rience de navigation agr\u00e9able et soutiennent les efforts de nombreux sites Web pour fournir des services confortables aux utilisateurs: par exemple, les pr\u00e9f\u00e9rences de confidentialit\u00e9 en ligne, les options de langue du site, les paniers d&rsquo;achat ou la publicit\u00e9 pertinente.<\/p>\n<p>Quelle est la dur\u00e9e de vie d&rsquo;un cookie?<\/p>\n<p>Les cookies sont g\u00e9r\u00e9s par des serveurs Web. La dur\u00e9e de vie d&rsquo;un cookie peut varier consid\u00e9rablement, selon la finalit\u00e9 pour laquelle il est plac\u00e9. Certains cookies sont utilis\u00e9s exclusivement pour une seule session (cookies de session) et ne sont plus conserv\u00e9s une fois que l&rsquo;utilisateur a quitt\u00e9 le site Web et certains cookies sont conserv\u00e9s et r\u00e9utilis\u00e9s chaque fois que l&rsquo;utilisateur retourne sur ce site Web (\u00ab\u00a0 cookie- haine permanente \u00bb). Cependant, les cookies peuvent \u00eatre supprim\u00e9s par un utilisateur \u00e0 tout moment via les param\u00e8tres du navigateur.<\/p>\n<p>Que sont les cookies tiers?<\/p>\n<p>Certaines sections de contenu sur certains sites peuvent \u00eatre fournies par des tiers \/ fournisseurs (par exemple, bo\u00eete de nouvelles, vid\u00e9o ou publicit\u00e9). Ces tiers peuvent \u00e9galement placer des cookies sur le site et ils sont appel\u00e9s \u00abcookies tiers\u00bb car ils ne sont pas plac\u00e9s par le propri\u00e9taire de ce site Web. Les fournisseurs tiers doivent \u00e9galement se conformer \u00e0 la loi applicable et au p\u00f4le<\/p>\n","protected":false},"excerpt":{"rendered":"<p>Si vous avez besoin de plus d&rsquo;informations et qu&rsquo;elles ne figurent pas ci-dessous, vous pouvez nous contacter \u00e0 contact@stindard.ro S&rsquo;il vous pla\u00eet lire attentivement les informations suivantes: Ce site Web utilise ses propres cookies et ceux de tiers pour offrir aux visiteurs une bien meilleure exp\u00e9rience de navigation et des services adapt\u00e9s aux besoins et [&hellip;]<\/p>\n","protected":false},"author":2,"featured_media":0,"parent":0,"menu_order":0,"comment_status":"closed","ping_status":"closed","template":"","meta":{"_et_pb_use_builder":"","_et_pb_old_content":"","_et_gb_content_width":""},"_links":{"self":[{"href":"https:\/\/stindard.ro\/fr\/wp-json\/wp\/v2\/pages\/1500"}],"collection":[{"href":"https:\/\/stindard.ro\/fr\/wp-json\/wp\/v2\/pages"}],"about":[{"href":"https:\/\/stindard.ro\/fr\/wp-json\/wp\/v2\/types\/page"}],"author":[{"embeddable":true,"href":"https:\/\/stindard.ro\/fr\/wp-json\/wp\/v2\/users\/2"}],"replies":[{"embeddable":true,"href":"https:\/\/stindard.ro\/fr\/wp-json\/wp\/v2\/comments?post=1500"}],"version-history":[{"count":6,"href":"https:\/\/stindard.ro\/fr\/wp-json\/wp\/v2\/pages\/1500\/revisions"}],"predecessor-version":[{"id":2337,"href":"https:\/\/stindard.ro\/fr\/wp-json\/wp\/v2\/pages\/1500\/revisions\/2337"}],"wp:attachment":[{"href":"https:\/\/stindard.ro\/fr\/wp-json\/wp\/v2\/media?parent=1500"}],"curies":[{"name":"wp","href":"https:\/\/api.w.org\/{rel}","templated":true}]}}