{"id":761,"date":"2019-03-24T19:25:23","date_gmt":"2019-03-24T19:25:23","guid":{"rendered":"http:\/\/hosting-super.eu\/siteuri\/sitedorian\/?page_id=761"},"modified":"2020-07-05T22:03:11","modified_gmt":"2020-07-05T19:03:11","slug":"despre-noi","status":"publish","type":"page","link":"https:\/\/stindard.ro\/fr\/despre-noi\/","title":{"rendered":"\u00c0 PROPOS DE L&rsquo;ASSOCIATION STINDARD"},"content":{"rendered":"<p>[et_pb_section bb_built=\u00a0\u00bb1&Prime; fullwidth=\u00a0\u00bbon\u00a0\u00bb next_background_color=\u00a0\u00bb#ffffff\u00a0\u00bb _builder_version=\u00a0\u00bb3.21.1&Prime; background_image=\u00a0\u00bbhttp:\/\/hosting-super.eu\/siteuri\/sitedorian\/wp-content\/uploads\/2019\/03\/life-coach-09.jpg\u00a0\u00bb module_alignment=\u00a0\u00bbcenter\u00a0\u00bb bottom_divider_style=\u00a0\u00bbslant\u00a0\u00bb bottom_divider_flip=\u00a0\u00bbhorizontal\u00a0\u00bb animation_direction=\u00a0\u00bbtop\u00a0\u00bb z_index_tablet=\u00a0\u00bb500&Prime;][et_pb_fullwidth_header admin_label=\u00a0\u00bb\u00c0 PROPOS DE L&rsquo;ASSOCIATION STINDARD\u00a0\u00bb title=\u00a0\u00bb\u00c0 PROPOS DE L&rsquo;ASSOCIATION STINDARD\u00a0\u00bb subhead=\u00a0\u00bbL&rsquo;ASSOCIATION STINDARD SOUTIENT ET SOUTIENT L&rsquo;HISTOIRE, LA CULTURE, LES SYMBOLES ET L&rsquo;IDENTIT\u00c9 ET L&rsquo;IDENTIT\u00c9 NATIONALES\u00a0\u00bb text_orientation=\u00a0\u00bbcenter\u00a0\u00bb header_scroll_down=\u00a0\u00bbon\u00a0\u00bb scroll_down_icon=\u00a0\u00bb%%9%%\u00a0\u00bb scroll_down_icon_size=\u00a0\u00bb44px\u00a0\u00bb background_overlay_color=\u00a0\u00bbrgba(247,247,247,0)\u00a0\u00bb _builder_version=\u00a0\u00bb3.19.3&Prime; title_font=\u00a0\u00bbalatsi|100||on|||||\u00a0\u00bb title_text_align=\u00a0\u00bbcenter\u00a0\u00bb title_text_color=\u00a0\u00bb#ffffff\u00a0\u00bb title_font_size=\u00a0\u00bb52px\u00a0\u00bb title_font_size_tablet=\u00a0\u00bb36px\u00a0\u00bb title_font_size_phone=\u00a0\u00bb28px\u00a0\u00bb title_font_size_last_edited=\u00a0\u00bbon|desktop\u00a0\u00bb title_line_height=\u00a0\u00bb1.5em\u00a0\u00bb title_text_shadow_style=\u00a0\u00bbpreset2&Prime; content_font=\u00a0\u00bbalatsi|100|||||||\u00a0\u00bb content_text_align=\u00a0\u00bbcenter\u00a0\u00bb content_text_color=\u00a0\u00bb#ffffff\u00a0\u00bb content_line_height=\u00a0\u00bb1.8em\u00a0\u00bb content_text_shadow_style=\u00a0\u00bbpreset2&Prime; subhead_font=\u00a0\u00bbalatsi|300||on|||||\u00a0\u00bb subhead_text_align=\u00a0\u00bbcenter\u00a0\u00bb subhead_line_height=\u00a0\u00bb1.5em\u00a0\u00bb background_color=\u00a0\u00bbrgba(251,188,5,0)\u00a0\u00bb background_image=\u00a0\u00bbhttps:\/\/stindard.ro\/wp-content\/uploads\/2020\/04\/stindard-ro_albastru-galben-rosu.jpg\u00a0\u00bb parallax=\u00a0\u00bbon\u00a0\u00bb custom_button_two=\u00a0\u00bbon\u00a0\u00bb button_two_text_color=\u00a0\u00bb#002147&Prime; button_two_bg_color=\u00a0\u00bb#ffffff\u00a0\u00bb button_two_border_color=\u00a0\u00bb#ffffff\u00a0\u00bb button_two_border_radius=\u00a0\u00bb30&Prime; button_two_font=\u00a0\u00bbalatsi|||on|||||\u00a0\u00bb button_two_icon=\u00a0\u00bb%%3%%\u00a0\u00bb button_two_icon_color=\u00a0\u00bb#002147&Prime; custom_button_one=\u00a0\u00bbon\u00a0\u00bb button_one_text_size=\u00a0\u00bb18&Prime; button_one_text_color=\u00a0\u00bb#002147&Prime; button_one_bg_color=\u00a0\u00bb#ffffff\u00a0\u00bb button_one_border_width=\u00a0\u00bb3&Prime; button_one_border_color=\u00a0\u00bb#ffffff\u00a0\u00bb button_one_border_radius=\u00a0\u00bb50&Prime; button_one_font=\u00a0\u00bbalatsi|||on|||||\u00a0\u00bb button_one_icon=\u00a0\u00bb%%3%%\u00a0\u00bb button_one_icon_color=\u00a0\u00bb#002147&Prime; custom_margin=\u00a0\u00bb|||\u00a0\u00bb custom_padding=\u00a0\u00bb5vw||150px||false\u00a0\u00bb z_index_tablet=\u00a0\u00bb500&Prime; text_shadow_style=\u00a0\u00bbpreset2&Prime; text_shadow_blur_strength=\u00a0\u00bb0.16em\u00a0\u00bb button_one_text_size__hover_enabled=\u00a0\u00bboff\u00a0\u00bb button_one_text_size__hover=\u00a0\u00bbnull\u00a0\u00bb button_two_text_size__hover_enabled=\u00a0\u00bboff\u00a0\u00bb button_two_text_size__hover=\u00a0\u00bbnull\u00a0\u00bb button_one_text_color__hover_enabled=\u00a0\u00bboff\u00a0\u00bb button_one_text_color__hover=\u00a0\u00bbnull\u00a0\u00bb button_two_text_color__hover_enabled=\u00a0\u00bboff\u00a0\u00bb button_two_text_color__hover=\u00a0\u00bbnull\u00a0\u00bb button_one_border_width__hover_enabled=\u00a0\u00bboff\u00a0\u00bb button_one_border_width__hover=\u00a0\u00bbnull\u00a0\u00bb button_two_border_width__hover_enabled=\u00a0\u00bboff\u00a0\u00bb button_two_border_width__hover=\u00a0\u00bbnull\u00a0\u00bb button_one_border_color__hover_enabled=\u00a0\u00bboff\u00a0\u00bb button_one_border_color__hover=\u00a0\u00bbnull\u00a0\u00bb button_two_border_color__hover_enabled=\u00a0\u00bboff\u00a0\u00bb button_two_border_color__hover=\u00a0\u00bbnull\u00a0\u00bb button_one_border_radius__hover_enabled=\u00a0\u00bboff\u00a0\u00bb button_one_border_radius__hover=\u00a0\u00bbnull\u00a0\u00bb button_two_border_radius__hover_enabled=\u00a0\u00bboff\u00a0\u00bb button_two_border_radius__hover=\u00a0\u00bbnull\u00a0\u00bb button_one_letter_spacing__hover_enabled=\u00a0\u00bboff\u00a0\u00bb button_one_letter_spacing__hover=\u00a0\u00bbnull\u00a0\u00bb button_two_letter_spacing__hover_enabled=\u00a0\u00bboff\u00a0\u00bb button_two_letter_spacing__hover=\u00a0\u00bbnull\u00a0\u00bb button_one_bg_color__hover_enabled=\u00a0\u00bboff\u00a0\u00bb button_one_bg_color__hover=\u00a0\u00bbnull\u00a0\u00bb button_two_bg_color__hover_enabled=\u00a0\u00bboff\u00a0\u00bb button_two_bg_color__hover=\u00a0\u00bbnull\u00a0\u00bb button_two_text_size=\u00a0\u00bb18&Prime; title_letter_spacing=\u00a0\u00bb2px\u00a0\u00bb content_letter_spacing=\u00a0\u00bb1px\u00a0\u00bb subhead_letter_spacing=\u00a0\u00bb2px\u00a0\u00bb background_color_gradient_start=\u00a0\u00bbrgba(43,135,218,0)\u00a0\u00bb background_color_gradient_end=\u00a0\u00bb#000c3a\u00a0\u00bb background_color_gradient_start_position=\u00a0\u00bb10%\u00a0\u00bb background_color_gradient_end_position=\u00a0\u00bb60%\u00a0\u00bb mix_blend_mode=\u00a0\u00bbdarken\u00a0\u00bb]<\/p>\n<p>\u00a0<\/p>\n<p>\u00a0<\/p>\n<p>\u00a0<\/p>\n<p>[\/et_pb_fullwidth_header][\/et_pb_section][et_pb_section bb_built=\u00a0\u00bb1&Prime; admin_label=\u00a0\u00bbContact Section\u00a0\u00bb next_background_color=\u00a0\u00bb#002147&Prime; _builder_version=\u00a0\u00bb3.21.1&Prime; custom_padding=\u00a0\u00bb54px|0px|0|0px|false|false\u00a0\u00bb bottom_divider_style=\u00a0\u00bbslant\u00a0\u00bb bottom_divider_flip=\u00a0\u00bbhorizontal\u00a0\u00bb bottom_divider_arrangement=\u00a0\u00bbabove_content\u00a0\u00bb z_index_tablet=\u00a0\u00bb500&Prime; prev_background_color=\u00a0\u00bb#000000&Prime;][et_pb_row _builder_version=\u00a0\u00bb3.0.48&Prime; background_size=\u00a0\u00bbinitial\u00a0\u00bb background_position=\u00a0\u00bbtop_left\u00a0\u00bb background_repeat=\u00a0\u00bbrepeat\u00a0\u00bb][et_pb_column type=\u00a0\u00bb4_4&Prime;][et_pb_text admin_label=\u00a0\u00bbText \u00c0 PROPOS DE L&rsquo;ASSOCIATION STINDARD\u00a0\u00bb _builder_version=\u00a0\u00bb3.19.3&Prime; z_index_tablet=\u00a0\u00bb500&Prime; header_font=\u00a0\u00bbalatsi||||||||\u00a0\u00bb header_2_font=\u00a0\u00bbalatsi||||||||\u00a0\u00bb header_3_font=\u00a0\u00bbalatsi||||||||\u00a0\u00bb header_3_font_size=\u00a0\u00bb19px\u00a0\u00bb header_3_line_height=\u00a0\u00bb1.2em\u00a0\u00bb]<\/p>\n<blockquote>\n<h3 class=\"titlu\"><span class=\"\">L&rsquo;ASSOCIATION STINDARD PROMEUT, ET SOUTIENT L&rsquo;ACTIVIT\u00c9 DU R\u00c9SEAU NATIONAL DES MUS\u00c9ES ET LE D\u00c9VELOPPEMENT DU TOURISME CULTUREL HISTORIQUE. <\/span>PROJETS D&rsquo;AM\u00c9NAGEMENT, DE PROTECTION, DE CONSERVATION ET DE MISE EN VALEUR DES CIMETI\u00c8RES ET MONUMENTS AUX MORTS ROUMAINS ET \u00c9TRANGERS, Y COMPRIS ROUMAINS \u00c0 L&rsquo;\u00c9TRANGER.\u00a0RECHERCHE SCIENTIFIQUE DANS LES DOMAINES: SCIENCES HISTORIQUES, MILITAIRES, NATIONALES, UNIVERSELLES ET AUXILIAIRES.<\/h3>\n<\/blockquote>\n<table border=\"0\" width=\"100%\" cellspacing=\"0\" cellpadding=\"0\">\n<tbody>\n<tr>\n<td class=\"pad\">\n<p><strong>STINDARD ASSOCIATION<\/strong>\u00a0&#8211; est une organisation non gouvernementale, \u00e0 but non lucratif, ind\u00e9pendante, militante, d\u00e9mocratique et apolitique, qui op\u00e8re au niveau national et international.<\/p>\n<p>Personne morale de droit priv\u00e9, sans fin patrimoniale,\u00a0<strong>STINDARD ASSOCIATION<\/strong>\u00a0op\u00e8re, depuis novembre 2002, sur la base de l&rsquo;ordonnance 26\/2000 sur les associations et fondations, en associant cinq membres fondateurs.<\/p>\n<p>Le 4 d\u00e9cembre 2002, le tribunal a ordonn\u00e9 l&rsquo;inscription de l&rsquo;association au registre des associations et fondations du tribunal du district 6 de Bucarest (77 \/ PJ \/ 2002).<\/p>\n<p><em>Le but de l&rsquo;<\/em>\u00a0association: promouvoir les valeurs civiques de l&rsquo;Etat de droit et renforcer la soci\u00e9t\u00e9 civile.<\/p>\n<p><strong>Les statuts<\/strong>\u00a0adopt\u00e9s par l&rsquo;assembl\u00e9e g\u00e9n\u00e9rale en novembre 2002 stipulent que les principaux\u00a0<em>objectifs<\/em>\u00a0de la\u00a0<strong>STINDARD ASSOCIATION sont<\/strong>\u00a0:<\/p>\n<ul>\n<li>la promotion des symboles nationaux;<\/li>\n<li>soutenir et stimuler la recherche scientifique dans le domaine de l&rsquo;histoire militaire nationale et universelle, des sciences auxiliaires de l&rsquo;histoire (h\u00e9raldique, vexillologie, g\u00e9n\u00e9alogie, numismatique, faleristique, etc.);<\/li>\n<li>soutenir le r\u00e9seau national des mus\u00e9es;<\/li>\n<li>d\u00e9veloppement du tourisme culturel historique;<\/li>\n<li>soutenir \/ organiser des actions d&rsquo;am\u00e9nagement, de protection, de conservation et de mise en valeur de cimeti\u00e8res et d&rsquo;\u0153uvres comm\u00e9moratives de guerre, roumains et \u00e9trangers, y compris ceux de roumains \u00e0 l&rsquo;\u00e9tranger, conform\u00e9ment \u00e0 une l\u00e9gislation sp\u00e9cifique;<\/li>\n<li>organisation d&rsquo;activit\u00e9s caritatives, d&rsquo;excursions et d&rsquo;autres activit\u00e9s r\u00e9cr\u00e9atives et \u00e9ducatives pour les personnes d\u00e9favoris\u00e9es;<\/li>\n<li>soutenir \/ organiser des activit\u00e9s \u00e9cologiques, pour la protection de l&rsquo;environnement, l&rsquo;assainissement de la zone touristique, des terrains de jeux pour les enfants, etc.;<\/li>\n<li>fournir des conseils juridiques dans des domaines li\u00e9s au but et aux objectifs de l&rsquo;association.<\/li>\n<\/ul>\n<p>Vous pouvez nous contacter comme suit:<\/p>\n<p>&#8211; sur l&rsquo;adresse postale de l&rsquo;association: PO Box 11;\u00a0Bureau de poste 66 (OP 66 CP 11).<\/p>\n<p>&#8211; Email:<\/p>\n<ul>\n<li><a href=\"mailto:presedinte@stindard.ro\">pr\u00e9sident<\/a><\/li>\n<li><a href=\"mailto:secretariat@stindard.ro\">secr\u00e9taire<\/a><\/li>\n<li><a href=\"mailto:contact@stindard.ro\">Pour information<\/a><\/li>\n<\/ul>\n<p class=\"titlu\" align=\"center\">Vous souhaitez devenir\u00a0<em>membre<\/em>\u00a0de l&rsquo;association STINDARD?<\/p>\n<p align=\"center\">Si oui, remplissez\u00a0<a href=\"http:\/\/stindard.ro\/adeziune.pdf\" target=\"_blank\" rel=\"noopener noreferrer\">un\u00a0<strong>formulaire de demande<\/strong><\/a>\u00a0et envoyez-le nous!<\/p>\n<p align=\"center\">Soutient les projets de l&rsquo;Association STINDARD en faisant un\u00a0<strong>don<\/strong>\u00a0au compte IBAN<br \/><b>RO29-RNCB-0077-0502-3278-0001<\/b>\u00a0, ouvert \u00e0 la BCR Sector 6 Branch!<\/p>\n<p align=\"center\">Votre aide permettra \u00e0 l&rsquo;Association de r\u00e9aliser plusieurs projets.<\/p>\n<p align=\"center\"><a href=\"mailto:presedinte@stindard.ro\">Proposez vous-m\u00eame un projet<\/a>\u00a0!<\/p>\n<\/td>\n<\/tr>\n<\/tbody>\n<\/table>\n<p>[\/et_pb_text][et_pb_divider _builder_version=\u00a0\u00bb3.21.1&Prime; show_divider=\u00a0\u00bboff\u00a0\u00bb z_index_tablet=\u00a0\u00bb500&Prime; \/][\/et_pb_column][\/et_pb_row][\/et_pb_section][et_pb_section bb_built=\u00a0\u00bb1&Prime; admin_label=\u00a0\u00bbCTA\u00a0\u00bb _builder_version=\u00a0\u00bb3.21.1&Prime; background_color_gradient_start=\u00a0\u00bb#002147&Prime; background_color_gradient_end=\u00a0\u00bbrgba(255,208,136,0.84)\u00a0\u00bb background_color_gradient_end_position=\u00a0\u00bb70%\u00a0\u00bb background_color_gradient_overlays_image=\u00a0\u00bbon\u00a0\u00bb custom_margin=\u00a0\u00bb|||\u00a0\u00bb custom_padding=\u00a0\u00bb||0px||false\u00a0\u00bb z_index_tablet=\u00a0\u00bb500&Prime; background_color=\u00a0\u00bb#002147&Prime; prev_background_color=\u00a0\u00bb#ffffff\u00a0\u00bb][et_pb_row _builder_version=\u00a0\u00bb3.21.1&Prime;][et_pb_column type=\u00a0\u00bb4_4&Prime;][et_pb_image admin_label=\u00a0\u00bbLOGO STINDARD SUBSOL\u00a0\u00bb _builder_version=\u00a0\u00bb3.21.1&Prime; src=\u00a0\u00bbhttps:\/\/stindard.ro\/wp-content\/uploads\/2019\/03\/Logo-transparent_Asociatia-STINDARD_ro_100x116.png\u00a0\u00bb z_index_tablet=\u00a0\u00bb500&Prime; align=\u00a0\u00bbcenter\u00a0\u00bb \/][\/et_pb_column][\/et_pb_row][\/et_pb_section]<\/p>\n","protected":false},"excerpt":{"rendered":"<p>\u00a0\u00a0\u00a0 L&rsquo;ASSOCIATION STINDARD PROMEUT, ET SOUTIENT L&rsquo;ACTIVIT\u00c9 DU R\u00c9SEAU NATIONAL DES MUS\u00c9ES ET LE D\u00c9VELOPPEMENT DU TOURISME CULTUREL HISTORIQUE. PROJETS D&rsquo;AM\u00c9NAGEMENT, DE PROTECTION, DE CONSERVATION ET DE MISE EN VALEUR DES CIMETI\u00c8RES ET MONUMENTS AUX MORTS ROUMAINS ET \u00c9TRANGERS, Y COMPRIS ROUMAINS \u00c0 L&rsquo;\u00c9TRANGER.\u00a0RECHERCHE SCIENTIFIQUE DANS LES DOMAINES: SCIENCES HISTORIQUES, MILITAIRES, NATIONALES, UNIVERSELLES ET AUXILIAIRES.STINDARD [&hellip;]<\/p>\n","protected":false},"author":2,"featured_media":0,"parent":0,"menu_order":0,"comment_status":"closed","ping_status":"closed","template":"","meta":{"_et_pb_use_builder":"on","_et_pb_old_content":"<blockquote class=\"pad\"><p class=\"titlu\">Asocia\u021bia Stindard * A SE ACTUALIZA LINK-uri<\/p><\/blockquote><table border=\"0\" width=\"100%\" cellspacing=\"0\" cellpadding=\"0\"><tbody><tr><td class=\"pad\"><p><strong> ASOCIA\u021aIA STINDARD<\/strong> - este o organiza\u0163ie neguvernamental\u00e3, non-profit, cu caracter independent, militant, democratic \u00bai apolitic, care activeaz\u00e3 la nivel na\u0163ional \u015fi interna\u0163ional.<\/p><p>Persoan\u00e3 juridic\u00e3 de drept privat, f\u00e3r\u00e3 scop patrimonial, <strong>ASOCIA\u021aIA STINDARD<\/strong> func\u0163ioneaz\u00e3, din noiembrie 2002, \u00een baza Ordonan\u0163ei 26\/2000 privind asocia\u0163iile \u015fi funda\u0163iile, prin asocierea a cinci membri fondatori.<\/p><p>La 4 decembrie 2002, instan\u0163a a dispus \u00eenscrierea asocia\u0163iei \u00een Registrul Asocia\u0163iilor \u015fi Funda\u0163iilor al Judec\u00e3toriei sector 6 Bucure\u015fti (77\/PJ\/2002).<\/p><p><em> Scopul<\/em> asocia\u0163iei: promovarea valorilor civice ale statului de drept \u015fi \u00eent\u00e3rirea societ\u00e3\u0163ii civile.<\/p><p><strong> Statutul<\/strong> adoptat de adunarea general\u00e3 din noiembrie 2002 prevede ca principale <em>obiective<\/em> ale <strong>ASOCIA\u021aIEI STINDARD<\/strong>:<\/p><ul><li>promovarea simbolurilor na\u0163ionale;<\/li><li>sprijinirea \u015fi stimularea cercet\u00e3rii \u015ftiin\u0163ifice \u00een domeniul istoriei militare na\u0163ionale \u015fi universale, al \u015ftiin\u0163elor auxiliare ale istoriei (heraldic\u00e3, vexilologie, genealogie, numismatic\u00e3, faleristic\u00e3 etc.);<\/li><li>sprijinirea re\u0163elei muzeale na\u0163ionale;<\/li><li>dezvoltarea turismului cultural istoric;<\/li><li>sprijinirea\/organizarea unor ac\u0163iuni de amenajare, protejare, conservare \u015fi punere \u00een valoare a cimitirelor \u015fi operelor comemorative de r\u00e3zboi, rom\u00e2ne\u015fti \u015fi str\u00e3ine, inclusiv a celor rom\u00e2ne\u015fti din str\u00e3in\u00e3tate, cu respectarea legisla\u0163iei specifice;<\/li><li>organizarea de activit\u00e3\u0163i caritabile, excursii \u015fi alte activit\u00e3\u0163i recreativ-educative pentru persoane defavorizate;<\/li><li>sprijinirea\/organizarea unor activit\u00e3\u0163i ecologice, pentru protec\u0163ia mediului, salubrizarea zonei turistice, spa\u0163ii de joac\u00e3 pentru copii etc.;<\/li><li>asigurarea de consulta\u0163ii juridice \u00een domenii conexe cu scopul \u015fi obiectivele asocia\u0163iei.<\/li><\/ul><p>Ne pute\u0163i contacta astfel:<\/p><p>- pe adresa po\u015ftal\u00e3 a asocia\u0163iei: C\u00e3su\u0163a po\u015ftal\u00e3 11; Oficiul po\u015ftal 66 (O.P. 66 C.P. 11).<\/p><p>- E-mail:<\/p><ul><li><a href=\"mailto:presedinte@stindard.ro\">Pre\u015fedinte<\/a><\/li><li><a href=\"mailto:secretariat@stindard.ro\">Secretar<\/a><\/li><li><a href=\"mailto:contact@stindard.ro\">Pentru informatii<\/a><\/li><\/ul><p class=\"titlu\" align=\"center\">Vrei s\u00e3 devii <em>membru<\/em> al Asocia\u0163iei STINDARD?<\/p><p align=\"center\">Dac\u00e3 da, completeaz\u00e3 <a href=\"http:\/\/stindard.ro\/adeziune.pdf\" target=\"_blank\" rel=\"noopener\">o <strong> cerere de \u00eenscriere<\/strong><\/a> \u015fi trimite-o pe adresa noastra!<\/p><p align=\"center\">Sus\u0163ine proiectele Asociatia STINDARD f\u00e3c\u00e2nd o <strong> dona\u0163ie<\/strong> \u00een contul IBAN<br \/><b>RO29-RNCB-0077-0502-3278-0001<\/b>, deschis la BCR Sucursala Sector 6!<\/p><p align=\"center\">Ajutorul t\u00e3u va permite Asocia\u0163iei s\u00e3 desfasoare mai multe proiecte.<\/p><p align=\"center\"><a href=\"mailto:presedinte@stindard.ro\">Propune chiar tu un proiect<\/a> !<\/p><\/td><\/tr><\/tbody><\/table>","_et_gb_content_width":""},"_links":{"self":[{"href":"https:\/\/stindard.ro\/fr\/wp-json\/wp\/v2\/pages\/761"}],"collection":[{"href":"https:\/\/stindard.ro\/fr\/wp-json\/wp\/v2\/pages"}],"about":[{"href":"https:\/\/stindard.ro\/fr\/wp-json\/wp\/v2\/types\/page"}],"author":[{"embeddable":true,"href":"https:\/\/stindard.ro\/fr\/wp-json\/wp\/v2\/users\/2"}],"replies":[{"embeddable":true,"href":"https:\/\/stindard.ro\/fr\/wp-json\/wp\/v2\/comments?post=761"}],"version-history":[{"count":5,"href":"https:\/\/stindard.ro\/fr\/wp-json\/wp\/v2\/pages\/761\/revisions"}],"predecessor-version":[{"id":2362,"href":"https:\/\/stindard.ro\/fr\/wp-json\/wp\/v2\/pages\/761\/revisions\/2362"}],"wp:attachment":[{"href":"https:\/\/stindard.ro\/fr\/wp-json\/wp\/v2\/media?parent=761"}],"curies":[{"name":"wp","href":"https:\/\/api.w.org\/{rel}","templated":true}]}}